{"id":2061,"date":"2022-08-30T20:43:08","date_gmt":"2022-08-31T00:43:08","guid":{"rendered":"https:\/\/solariumoptimum.com\/qc\/privacy-policy\/"},"modified":"2025-03-26T13:45:00","modified_gmt":"2025-03-26T17:45:00","slug":"privacy-policy","status":"publish","type":"page","link":"https:\/\/solariumoptimum.com\/qc\/en-ca\/privacy-policy\/","title":{"rendered":"Privacy Policy"},"content":{"rendered":"<p>[et_pb_section fb_built=&#8221;1&#8243; custom_padding_last_edited=&#8221;on|tablet&#8221; admin_label=&#8221;Section&#8221; _builder_version=&#8221;4.27.4&#8243; _module_preset=&#8221;default&#8221; background_image=&#8221;https:\/\/solariumoptimum.com\/qc\/wp-content\/uploads\/2022\/09\/ban_solarium_optimum-1.jpg&#8221; width=&#8221;100%&#8221; max_width=&#8221;100%&#8221; module_alignment=&#8221;center&#8221; min_height=&#8221;150px&#8221; min_height_tablet=&#8221;105px&#8221; min_height_phone=&#8221;100px&#8221; min_height_last_edited=&#8221;on|desktop&#8221; height_tablet=&#8221;&#8221; height_phone=&#8221;auto&#8221; height_last_edited=&#8221;on|tablet&#8221; custom_margin=&#8221;3%|0px|0px|0px|false|false&#8221; custom_margin_tablet=&#8221;8%||0px|0px|false|false&#8221; custom_margin_phone=&#8221;12%||0px|0px|false|false&#8221; custom_margin_last_edited=&#8221;on|phone&#8221; custom_padding=&#8221;0px|0px|0px|0px|false|false&#8221; custom_padding_tablet=&#8221;0px|0px|0px|0px|false|false&#8221; custom_padding_phone=&#8221;0px|0px|0px|0px|false|false&#8221; scroll_fade=&#8221;0|51|51|100|100%|100|100&#8243; background_last_edited=&#8221;on|tablet&#8221; background_image_tablet=&#8221;https:\/\/solariumoptimum.com\/qc\/wp-content\/uploads\/2022\/09\/ban_mob_solarium_optimum-1.jpg&#8221; background_enable_image_tablet=&#8221;on&#8221; parallax_method_tablet=&#8221;off&#8221; module_alignment_tablet=&#8221;center&#8221; module_alignment_phone=&#8221;center&#8221; module_alignment_last_edited=&#8221;on|desktop&#8221; border_color_top=&#8221;#182859&#8243; border_width_bottom=&#8221;5px&#8221; border_color_bottom=&#8221;#182859&#8243; global_colors_info=&#8221;{}&#8221; theme_builder_area=&#8221;post_content&#8221;][et_pb_row _builder_version=&#8221;4.18.0&#8243; _module_preset=&#8221;default&#8221; custom_margin=&#8221;-66px|auto|4px|auto||&#8221; custom_padding=&#8221;37px||1px|||&#8221; global_colors_info=&#8221;{}&#8221; theme_builder_area=&#8221;post_content&#8221;][et_pb_column type=&#8221;4_4&#8243; _builder_version=&#8221;4.18.0&#8243; _module_preset=&#8221;default&#8221; global_colors_info=&#8221;{}&#8221; theme_builder_area=&#8221;post_content&#8221;][et_pb_text _builder_version=&#8221;4.27.4&#8243; _module_preset=&#8221;default&#8221; header_2_font=&#8221;|800|||||||&#8221; header_2_text_color=&#8221;#FFFFFF&#8221; header_2_font_size=&#8221;55px&#8221; header_3_text_color=&#8221;#FFFFFF&#8221; custom_padding=&#8221;2%||||false|false&#8221; custom_padding_tablet=&#8221;0%||||false|false&#8221; custom_padding_phone=&#8221;1%||||false|false&#8221; custom_padding_last_edited=&#8221;on|tablet&#8221; hover_enabled=&#8221;0&#8243; header_2_font_size_tablet=&#8221;45px&#8221; header_2_font_size_phone=&#8221;35px&#8221; header_2_font_size_last_edited=&#8221;on|phone&#8221; global_colors_info=&#8221;{}&#8221; theme_builder_area=&#8221;post_content&#8221; sticky_enabled=&#8221;0&#8243;]<\/p>\n<h2 style=\"text-align: center;\">Private Policy<\/h2>\n<p>[\/et_pb_text][\/et_pb_column][\/et_pb_row][\/et_pb_section][et_pb_section fb_built=&#8221;1&#8243; admin_label=&#8221;section&#8221; _builder_version=&#8221;4.16&#8243; global_colors_info=&#8221;{}&#8221;][et_pb_row _builder_version=&#8221;4.18.0&#8243; _module_preset=&#8221;default&#8221; global_colors_info=&#8221;{}&#8221;][et_pb_column type=&#8221;4_4&#8243; _builder_version=&#8221;4.18.0&#8243; _module_preset=&#8221;default&#8221; global_colors_info=&#8221;{}&#8221;][et_pb_text _builder_version=&#8221;4.18.0&#8243; _module_preset=&#8221;default&#8221; global_colors_info=&#8221;{}&#8221;]<\/p>\n<h1 style=\"text-align: justify;\"><strong><span style=\"color: #003366;\">Feedback<\/span><\/strong><\/h1>\n<p style=\"text-align: justify;\">When visitors leave comments on the site, we collect the data indicated in the feedback form, as well as the visitor&#8217;s IP address and the browser&#8217;s user agent string to facilitate spam detection.<\/p>\n<p style=\"text-align: justify;\">Comments can be checked by an automated spam detection service.<\/p>\n<h1 style=\"text-align: justify;\"><span style=\"color: #003366;\"><strong>Media<\/strong><\/span><\/h1>\n<p style=\"text-align: justify;\">If you upload images to the website, you should avoid uploading images that contain embedded location data (GPS EXIF). Website visitors can download and extract all location data from the images on the website.<\/p>\n<h1 style=\"text-align: justify;\"><span style=\"color: #003366;\"><strong>Cookies<\/strong><\/span><\/h1>\n<p style=\"text-align: justify;\">If you leave a comment on our site, you can accept that your name, email address and website are stored in cookies. These cookies allow you not to have to fill in your details again when you leave another comment. These cookies have a lifespan of one year.<\/p>\n<p style=\"text-align: justify;\">If you visit our login page, we will set a temporary cookie to determine if your browser accepts cookies. This cookie does not contain any personal data and is deleted when you close your browser.<\/p>\n<p style=\"text-align: justify;\">When you log in, we will also install several cookies to save your login information and screen display choices. Login cookies last two days, and screen options cookies last one year. If you select the &#8220;Remember me&#8221; option, your connection will be kept for two weeks. If you log out of your account, the login cookies will be deleted.<\/p>\n<p style=\"text-align: justify;\">If you edit or publish an article, an additional cookie will be saved in your browser. This cookie does not include any personal data and simply indicates the ID of the item you have just modified. It expires after 1 day.<\/p>\n<h1 style=\"text-align: justify;\"><span style=\"color: #003366;\"><strong>With whom we share your data<\/strong><\/span><\/h1>\n<p style=\"text-align: justify;\">Only the administrators and solarium experts of Solarium Optimum Inc. have access to the data that you send us, and this, for the purpose of responding to you, only.<\/p>\n<h1 style=\"text-align: justify;\"><span style=\"color: #003366;\"><strong>How long do we keep your data?<\/strong><\/span><\/h1>\n<p style=\"text-align: justify;\">If you send a comment, the comment and its metadata are retained indefinitely. This allows us to automatically recognize and approve any subsequent comments instead of keeping them in a moderation queue.<\/p>\n<p style=\"text-align: justify;\">For users who register on our website (if any), we also keep the personal information they provide in their user profile. All users can view, modify or delete their personal information at any time (except that they cannot change their username). Website administrators can also view and edit this information.<\/p>\n<p style=\"text-align: justify;\">[\/et_pb_text][\/et_pb_column][\/et_pb_row][\/et_pb_section]<\/p>\n","protected":false},"excerpt":{"rendered":"<p>Private PolicyFeedback When visitors leave comments on the site, we collect the data indicated in the feedback form, as well as the visitor&#8217;s IP address and the browser&#8217;s user agent string to facilitate spam detection. Comments can be checked by an automated spam detection service. Media If you upload images to the website, you should [&hellip;]<\/p>\n","protected":false},"author":1,"featured_media":0,"parent":0,"menu_order":0,"comment_status":"closed","ping_status":"open","template":"","meta":{"_et_pb_use_builder":"on","_et_pb_old_content":"","_et_gb_content_width":"","content-type":"","footnotes":""},"class_list":["post-2061","page","type-page","status-publish","hentry"],"yoast_head":"<!-- This site is optimized with the Yoast SEO plugin v27.4 - https:\/\/yoast.com\/product\/yoast-seo-wordpress\/ -->\n<title>Privacy Policy - SOLARIUM Optimum Inc<\/title>\n<meta name=\"robots\" content=\"index, nofollow, max-snippet:-1, max-image-preview:large, max-video-preview:-1\" \/>\n<link rel=\"canonical\" href=\"https:\/\/solariumoptimum.com\/qc\/en-ca\/privacy-policy\/\" \/>\n<meta property=\"og:locale\" content=\"en_US\" \/>\n<meta property=\"og:type\" content=\"article\" \/>\n<meta property=\"og:title\" content=\"Privacy Policy - SOLARIUM Optimum Inc\" \/>\n<meta property=\"og:description\" content=\"Private PolicyFeedback When visitors leave comments on the site, we collect the data indicated in the feedback form, as well as the visitor&#039;s IP address and the browser&#039;s user agent string to facilitate spam detection. Comments can be checked by an automated spam detection service. Media If you upload images to the website, you should [&hellip;]\" \/>\n<meta property=\"og:url\" content=\"https:\/\/solariumoptimum.com\/qc\/en-ca\/privacy-policy\/\" \/>\n<meta property=\"og:site_name\" content=\"SOLARIUM Optimum Inc\" \/>\n<meta property=\"article:publisher\" content=\"https:\/\/www.facebook.com\/solariumoptimum\" \/>\n<meta property=\"article:modified_time\" content=\"2025-03-26T17:45:00+00:00\" \/>\n<meta name=\"twitter:card\" content=\"summary_large_image\" \/>\n<meta name=\"twitter:site\" content=\"@SolariumOptimum\" \/>\n<meta name=\"twitter:label1\" content=\"Est. reading time\" \/>\n\t<meta name=\"twitter:data1\" content=\"4 minutes\" \/>\n<script type=\"application\/ld+json\" class=\"yoast-schema-graph\">{\"@context\":\"https:\\\/\\\/schema.org\",\"@graph\":[{\"@type\":\"WebPage\",\"@id\":\"https:\\\/\\\/solariumoptimum.com\\\/qc\\\/en-ca\\\/privacy-policy\\\/\",\"url\":\"https:\\\/\\\/solariumoptimum.com\\\/qc\\\/en-ca\\\/privacy-policy\\\/\",\"name\":\"Privacy Policy - SOLARIUM Optimum Inc\",\"isPartOf\":{\"@id\":\"https:\\\/\\\/solariumoptimum.com\\\/qc\\\/en-ca\\\/#website\"},\"datePublished\":\"2022-08-31T00:43:08+00:00\",\"dateModified\":\"2025-03-26T17:45:00+00:00\",\"breadcrumb\":{\"@id\":\"https:\\\/\\\/solariumoptimum.com\\\/qc\\\/en-ca\\\/privacy-policy\\\/#breadcrumb\"},\"inLanguage\":\"en-CA\",\"potentialAction\":[{\"@type\":\"ReadAction\",\"target\":[\"https:\\\/\\\/solariumoptimum.com\\\/qc\\\/en-ca\\\/privacy-policy\\\/\"]}]},{\"@type\":\"BreadcrumbList\",\"@id\":\"https:\\\/\\\/solariumoptimum.com\\\/qc\\\/en-ca\\\/privacy-policy\\\/#breadcrumb\",\"itemListElement\":[{\"@type\":\"ListItem\",\"position\":1,\"name\":\"Accueil\",\"item\":\"https:\\\/\\\/solariumoptimum.com\\\/qc\\\/en-ca\\\/\"},{\"@type\":\"ListItem\",\"position\":2,\"name\":\"Privacy Policy\"}]},{\"@type\":\"WebSite\",\"@id\":\"https:\\\/\\\/solariumoptimum.com\\\/qc\\\/en-ca\\\/#website\",\"url\":\"https:\\\/\\\/solariumoptimum.com\\\/qc\\\/en-ca\\\/\",\"name\":\"SOLARIUM Optimum Inc\",\"description\":\"SOLARIUM Optimum,  Une gamme d&#039;abris sur mesure, tel que, solarium 3 saisons, d&#039;auvents permanents et abris d&#039;auto avec toit en verre garanti \u00e0 vie, fen\u00eatres de v\u00e9randa et plus encore !  Des produits de qualit\u00e9, fabriqu\u00e9s au Qu\u00e9bec et simple \u00e0 installer!\",\"publisher\":{\"@id\":\"https:\\\/\\\/solariumoptimum.com\\\/qc\\\/en-ca\\\/#organization\"},\"alternateName\":\"SOLARIUM Optimum\",\"potentialAction\":[{\"@type\":\"SearchAction\",\"target\":{\"@type\":\"EntryPoint\",\"urlTemplate\":\"https:\\\/\\\/solariumoptimum.com\\\/qc\\\/en-ca\\\/?s={search_term_string}\"},\"query-input\":{\"@type\":\"PropertyValueSpecification\",\"valueRequired\":true,\"valueName\":\"search_term_string\"}}],\"inLanguage\":\"en-CA\"},{\"@type\":\"Organization\",\"@id\":\"https:\\\/\\\/solariumoptimum.com\\\/qc\\\/en-ca\\\/#organization\",\"name\":\"SOLARIUM Optimum Inc\",\"alternateName\":\"SOLARIUM Optimum\",\"url\":\"https:\\\/\\\/solariumoptimum.com\\\/qc\\\/en-ca\\\/\",\"logo\":{\"@type\":\"ImageObject\",\"inLanguage\":\"en-CA\",\"@id\":\"https:\\\/\\\/solariumoptimum.com\\\/qc\\\/en-ca\\\/#\\\/schema\\\/logo\\\/image\\\/\",\"url\":\"https:\\\/\\\/solariumoptimum.com\\\/qc\\\/wp-content\\\/uploads\\\/2022\\\/08\\\/cropped-logo_solarium_optimum.jpg\",\"contentUrl\":\"https:\\\/\\\/solariumoptimum.com\\\/qc\\\/wp-content\\\/uploads\\\/2022\\\/08\\\/cropped-logo_solarium_optimum.jpg\",\"width\":512,\"height\":512,\"caption\":\"SOLARIUM Optimum Inc\"},\"image\":{\"@id\":\"https:\\\/\\\/solariumoptimum.com\\\/qc\\\/en-ca\\\/#\\\/schema\\\/logo\\\/image\\\/\"},\"sameAs\":[\"https:\\\/\\\/www.facebook.com\\\/solariumoptimum\",\"https:\\\/\\\/x.com\\\/SolariumOptimum\",\"https:\\\/\\\/www.linkedin.com\\\/company\\\/solarium-optimum\",\"https:\\\/\\\/www.instagram.com\\\/solariumoptimum\\\/\"]}]}<\/script>\n<!-- \/ Yoast SEO plugin. -->","yoast_head_json":{"title":"Privacy Policy - SOLARIUM Optimum Inc","robots":{"index":"index","follow":"nofollow","max-snippet":"max-snippet:-1","max-image-preview":"max-image-preview:large","max-video-preview":"max-video-preview:-1"},"canonical":"https:\/\/solariumoptimum.com\/qc\/en-ca\/privacy-policy\/","og_locale":"en_US","og_type":"article","og_title":"Privacy Policy - SOLARIUM Optimum Inc","og_description":"Private PolicyFeedback When visitors leave comments on the site, we collect the data indicated in the feedback form, as well as the visitor's IP address and the browser's user agent string to facilitate spam detection. Comments can be checked by an automated spam detection service. Media If you upload images to the website, you should [&hellip;]","og_url":"https:\/\/solariumoptimum.com\/qc\/en-ca\/privacy-policy\/","og_site_name":"SOLARIUM Optimum Inc","article_publisher":"https:\/\/www.facebook.com\/solariumoptimum","article_modified_time":"2025-03-26T17:45:00+00:00","twitter_card":"summary_large_image","twitter_site":"@SolariumOptimum","twitter_misc":{"Est. reading time":"4 minutes"},"schema":{"@context":"https:\/\/schema.org","@graph":[{"@type":"WebPage","@id":"https:\/\/solariumoptimum.com\/qc\/en-ca\/privacy-policy\/","url":"https:\/\/solariumoptimum.com\/qc\/en-ca\/privacy-policy\/","name":"Privacy Policy - SOLARIUM Optimum Inc","isPartOf":{"@id":"https:\/\/solariumoptimum.com\/qc\/en-ca\/#website"},"datePublished":"2022-08-31T00:43:08+00:00","dateModified":"2025-03-26T17:45:00+00:00","breadcrumb":{"@id":"https:\/\/solariumoptimum.com\/qc\/en-ca\/privacy-policy\/#breadcrumb"},"inLanguage":"en-CA","potentialAction":[{"@type":"ReadAction","target":["https:\/\/solariumoptimum.com\/qc\/en-ca\/privacy-policy\/"]}]},{"@type":"BreadcrumbList","@id":"https:\/\/solariumoptimum.com\/qc\/en-ca\/privacy-policy\/#breadcrumb","itemListElement":[{"@type":"ListItem","position":1,"name":"Accueil","item":"https:\/\/solariumoptimum.com\/qc\/en-ca\/"},{"@type":"ListItem","position":2,"name":"Privacy Policy"}]},{"@type":"WebSite","@id":"https:\/\/solariumoptimum.com\/qc\/en-ca\/#website","url":"https:\/\/solariumoptimum.com\/qc\/en-ca\/","name":"SOLARIUM Optimum Inc","description":"SOLARIUM Optimum,  Une gamme d&#039;abris sur mesure, tel que, solarium 3 saisons, d&#039;auvents permanents et abris d&#039;auto avec toit en verre garanti \u00e0 vie, fen\u00eatres de v\u00e9randa et plus encore !  Des produits de qualit\u00e9, fabriqu\u00e9s au Qu\u00e9bec et simple \u00e0 installer!","publisher":{"@id":"https:\/\/solariumoptimum.com\/qc\/en-ca\/#organization"},"alternateName":"SOLARIUM Optimum","potentialAction":[{"@type":"SearchAction","target":{"@type":"EntryPoint","urlTemplate":"https:\/\/solariumoptimum.com\/qc\/en-ca\/?s={search_term_string}"},"query-input":{"@type":"PropertyValueSpecification","valueRequired":true,"valueName":"search_term_string"}}],"inLanguage":"en-CA"},{"@type":"Organization","@id":"https:\/\/solariumoptimum.com\/qc\/en-ca\/#organization","name":"SOLARIUM Optimum Inc","alternateName":"SOLARIUM Optimum","url":"https:\/\/solariumoptimum.com\/qc\/en-ca\/","logo":{"@type":"ImageObject","inLanguage":"en-CA","@id":"https:\/\/solariumoptimum.com\/qc\/en-ca\/#\/schema\/logo\/image\/","url":"https:\/\/solariumoptimum.com\/qc\/wp-content\/uploads\/2022\/08\/cropped-logo_solarium_optimum.jpg","contentUrl":"https:\/\/solariumoptimum.com\/qc\/wp-content\/uploads\/2022\/08\/cropped-logo_solarium_optimum.jpg","width":512,"height":512,"caption":"SOLARIUM Optimum Inc"},"image":{"@id":"https:\/\/solariumoptimum.com\/qc\/en-ca\/#\/schema\/logo\/image\/"},"sameAs":["https:\/\/www.facebook.com\/solariumoptimum","https:\/\/x.com\/SolariumOptimum","https:\/\/www.linkedin.com\/company\/solarium-optimum","https:\/\/www.instagram.com\/solariumoptimum\/"]}]}},"_links":{"self":[{"href":"https:\/\/solariumoptimum.com\/qc\/en-ca\/wp-json\/wp\/v2\/pages\/2061","targetHints":{"allow":["GET"]}}],"collection":[{"href":"https:\/\/solariumoptimum.com\/qc\/en-ca\/wp-json\/wp\/v2\/pages"}],"about":[{"href":"https:\/\/solariumoptimum.com\/qc\/en-ca\/wp-json\/wp\/v2\/types\/page"}],"author":[{"embeddable":true,"href":"https:\/\/solariumoptimum.com\/qc\/en-ca\/wp-json\/wp\/v2\/users\/1"}],"replies":[{"embeddable":true,"href":"https:\/\/solariumoptimum.com\/qc\/en-ca\/wp-json\/wp\/v2\/comments?post=2061"}],"version-history":[{"count":3,"href":"https:\/\/solariumoptimum.com\/qc\/en-ca\/wp-json\/wp\/v2\/pages\/2061\/revisions"}],"predecessor-version":[{"id":6630,"href":"https:\/\/solariumoptimum.com\/qc\/en-ca\/wp-json\/wp\/v2\/pages\/2061\/revisions\/6630"}],"wp:attachment":[{"href":"https:\/\/solariumoptimum.com\/qc\/en-ca\/wp-json\/wp\/v2\/media?parent=2061"}],"curies":[{"name":"wp","href":"https:\/\/api.w.org\/{rel}","templated":true}]}}