{"id":2063,"date":"2022-09-06T16:28:40","date_gmt":"2022-09-06T20:28:40","guid":{"rendered":"https:\/\/solariumoptimum.com\/qc\/quality-and-guarantee\/"},"modified":"2023-10-31T18:47:32","modified_gmt":"2023-10-31T22:47:32","slug":"quality-and-warranty","status":"publish","type":"page","link":"https:\/\/solariumoptimum.com\/qc\/en-ca\/quality-and-warranty\/","title":{"rendered":"Quality and Guarantee"},"content":{"rendered":"<p>[et_pb_section fb_built=&#8221;1&#8243; custom_padding_last_edited=&#8221;on|tablet&#8221; admin_label=&#8221;Section&#8221; _builder_version=&#8221;4.18.0&#8243; _module_preset=&#8221;default&#8221; background_image=&#8221;https:\/\/solariumoptimum.com\/qc\/wp-content\/uploads\/2022\/09\/ban_solarium_optimum-1.jpg&#8221; background_size=&#8221;initial&#8221; width=&#8221;100%&#8221; max_width=&#8221;100%&#8221; module_alignment=&#8221;center&#8221; min_height=&#8221;354.2px&#8221; min_height_tablet=&#8221;211.7px&#8221; min_height_phone=&#8221;223.3px&#8221; min_height_last_edited=&#8221;on|phone&#8221; height_tablet=&#8221;&#8221; height_phone=&#8221;auto&#8221; height_last_edited=&#8221;on|tablet&#8221; custom_margin=&#8221;3%|0px|0px|0px|false|false&#8221; custom_margin_tablet=&#8221;8%||0px|0px|false|false&#8221; custom_margin_phone=&#8221;12%||0px|0px|false|false&#8221; custom_margin_last_edited=&#8221;on|phone&#8221; custom_padding=&#8221;0px|0px|0px|0px|false|false&#8221; custom_padding_tablet=&#8221;0px|0px|0px|0px|false|false&#8221; custom_padding_phone=&#8221;0px|0px|0px|0px|false|false&#8221; scroll_fade=&#8221;0|51|51|100|100%|100|100&#8243; background_last_edited=&#8221;on|tablet&#8221; background_image_tablet=&#8221;https:\/\/solariumoptimum.com\/qc\/wp-content\/uploads\/2022\/09\/ban_mob_solarium_optimum-1.jpg&#8221; background_enable_image_tablet=&#8221;on&#8221; parallax_method_tablet=&#8221;off&#8221; module_alignment_tablet=&#8221;center&#8221; module_alignment_phone=&#8221;center&#8221; module_alignment_last_edited=&#8221;on|desktop&#8221; border_width_top=&#8221;2px&#8221; border_color_top=&#8221;#182859&#8243; border_width_bottom=&#8221;5px&#8221; border_color_bottom=&#8221;#182859&#8243; global_colors_info=&#8221;{}&#8221;][et_pb_row _builder_version=&#8221;4.18.0&#8243; _module_preset=&#8221;default&#8221; min_height=&#8221;184.9px&#8221; custom_margin_tablet=&#8221;&#8221; custom_margin_phone=&#8221;-12%||||false|false&#8221; custom_margin_last_edited=&#8221;on|phone&#8221; custom_padding=&#8221;||1px|||&#8221; global_colors_info=&#8221;{}&#8221;][et_pb_column type=&#8221;4_4&#8243; _builder_version=&#8221;4.18.0&#8243; _module_preset=&#8221;default&#8221; global_colors_info=&#8221;{}&#8221;][et_pb_image src=&#8221;https:\/\/solariumoptimum.com\/qc\/wp-content\/uploads\/2022\/08\/logo_solarium_optimum.jpg&#8221; alt=&#8221;Logo Solarium Optimum&#8221; title_text=&#8221;logo_solarium_optimum&#8221; align=&#8221;center&#8221; _builder_version=&#8221;4.18.0&#8243; _module_preset=&#8221;default&#8221; width_tablet=&#8221;30%&#8221; width_phone=&#8221;40%&#8221; width_last_edited=&#8221;on|phone&#8221; max_width_tablet=&#8221;30%&#8221; max_width_phone=&#8221;40%&#8221; max_width_last_edited=&#8221;on|phone&#8221; module_alignment=&#8221;center&#8221; min_height=&#8221;75%&#8221; min_height_tablet=&#8221;auto&#8221; min_height_phone=&#8221;&#8221; min_height_last_edited=&#8221;on|tablet&#8221; height=&#8221;100%&#8221; height_tablet=&#8221;&#8221; height_phone=&#8221;auto&#8221; height_last_edited=&#8221;on|phone&#8221; max_height_tablet=&#8221;&#8221; max_height_phone=&#8221;&#8221; max_height_last_edited=&#8221;on|tablet&#8221; custom_margin=&#8221;-7%||||false|false&#8221; custom_margin_tablet=&#8221;-12%||||false|false&#8221; custom_margin_phone=&#8221;-10%|0px|0px||false|false&#8221; custom_margin_last_edited=&#8221;on|tablet&#8221; custom_padding=&#8221;|0px|0px||false|false&#8221; global_colors_info=&#8221;{}&#8221;][\/et_pb_image][\/et_pb_column][\/et_pb_row][et_pb_row _builder_version=&#8221;4.18.0&#8243; _module_preset=&#8221;default&#8221; custom_margin=&#8221;-66px|auto|4px|auto||&#8221; custom_padding=&#8221;32px||1px|||&#8221; global_colors_info=&#8221;{}&#8221;][et_pb_column type=&#8221;4_4&#8243; _builder_version=&#8221;4.18.0&#8243; _module_preset=&#8221;default&#8221; global_colors_info=&#8221;{}&#8221;][et_pb_text content_tablet=&#8221;<\/p>\n<p style=%22text-align: center;%22><span style=%22color: #ffffff; font-size: 32px;%22><strong>Quality and Warranty<\/strong><\/span><\/p>\n<p>&#8221; content_phone=&#8221;<\/p>\n<p style=%22text-align: center;%22><span style=%22color: #ffffff; font-size: x-large;%22><strong>Quality and Warranty <\/strong><\/span><\/p>\n<p>&#8221; content_last_edited=&#8221;on|phone&#8221; _builder_version=&#8221;4.18.0&#8243; _module_preset=&#8221;default&#8221; custom_margin=&#8221;6.7%||1%||false|false&#8221; animation_style=&#8221;slide&#8221; animation_delay=&#8221;700ms&#8221; text_font_size_tablet=&#8221;9px&#8221; text_font_size_phone=&#8221;1px&#8221; text_font_size_last_edited=&#8221;on|tablet&#8221; text_text_shadow_style=&#8221;preset3&#8243; global_colors_info=&#8221;{}&#8221;]<\/p>\n<p style=\"text-align: center;\"><span style=\"color: #ffffff; font-size: 62px;\"><strong>Quality and Warranty<\/strong><\/span><\/p>\n<p>[\/et_pb_text][et_pb_text content_tablet=&#8221;<\/p>\n<p style=%22text-align: center;%22>at SOLARIUM Optimum!<\/p>\n<p>&#8221; content_phone=&#8221;<\/p>\n<p style=%22text-align: center;%22>at SOLARIUM Optimum!<\/p>\n<p>&#8221; content_last_edited=&#8221;on|tablet&#8221; _builder_version=&#8221;4.18.0&#8243; _module_preset=&#8221;default&#8221; text_font=&#8221;|600|||||||&#8221; text_text_color=&#8221;#FFFFFF&#8221; text_font_size=&#8221;24px&#8221; custom_margin=&#8221;0px||32px|||&#8221; animation_style=&#8221;fade&#8221; animation_delay=&#8221;1450ms&#8221; text_font_size_tablet=&#8221;19px&#8221; text_font_size_phone=&#8221;15px&#8221; text_font_size_last_edited=&#8221;on|phone&#8221; text_text_shadow_style=&#8221;preset3&#8243; global_colors_info=&#8221;{}&#8221;]<\/p>\n<p style=\"text-align: center;\">at SOLARIUM Optimum!<\/p>\n<p>[\/et_pb_text][\/et_pb_column][\/et_pb_row][\/et_pb_section][et_pb_section fb_built=&#8221;1&#8243; _builder_version=&#8221;4.18.0&#8243; _module_preset=&#8221;default&#8221; custom_padding=&#8221;||25px|||&#8221; border_width_bottom=&#8221;5px&#8221; border_color_bottom=&#8221;#182859&#8243; global_colors_info=&#8221;{}&#8221;][et_pb_row _builder_version=&#8221;4.18.0&#8243; _module_preset=&#8221;default&#8221; global_colors_info=&#8221;{}&#8221;][et_pb_column type=&#8221;4_4&#8243; _builder_version=&#8221;4.18.0&#8243; _module_preset=&#8221;default&#8221; global_colors_info=&#8221;{}&#8221;][et_pb_text _builder_version=&#8221;4.18.0&#8243; _module_preset=&#8221;default&#8221; global_colors_info=&#8221;{}&#8221;]<\/p>\n<h1 style=\"text-align: center;\"><strong><span style=\"font-size: xx-large;\"><span style=\"color: #003366;\">Quality and Warranty of our <\/span><span style=\"color: #003366;\">Solariums built in comformity with<br \/>the <a href=\"https:\/\/nrc.canada.ca\/en\/certifications-evaluations-standards\/codes-canada\/codes-canada-publications\/national-building-code-canada-2020\" title=\"National Building Code\">National Building Code<\/a>!<\/span><\/span><\/strong><\/h1>\n<p>[\/et_pb_text][\/et_pb_column][\/et_pb_row][\/et_pb_section][et_pb_section fb_built=&#8221;1&#8243; _builder_version=&#8221;4.18.0&#8243; _module_preset=&#8221;default&#8221; background_image=&#8221;https:\/\/solariumoptimum.com\/qc\/wp-content\/uploads\/2022\/09\/ban_solarium_optimum_piscine-a.jpg&#8221; parallax=&#8221;on&#8221; parallax_method=&#8221;off&#8221; custom_margin=&#8221;|0px|||false|false&#8221; custom_margin_tablet=&#8221;|0px|||false|false&#8221; custom_margin_phone=&#8221;0px||||false|false&#8221; custom_margin_last_edited=&#8221;on|phone&#8221; custom_padding=&#8221;10.9%|10%|12%||false|false&#8221; global_colors_info=&#8221;{}&#8221;][et_pb_row use_custom_gutter=&#8221;on&#8221; _builder_version=&#8221;4.18.0&#8243; _module_preset=&#8221;default&#8221; background_color=&#8221;#182859&#8243; width=&#8221;35%&#8221; width_tablet=&#8221;65%&#8221; width_phone=&#8221;87%&#8221; width_last_edited=&#8221;on|tablet&#8221; module_alignment=&#8221;right&#8221; custom_margin=&#8221;0px|||auto|false|false&#8221; custom_padding=&#8221;|35px||34px|false|false&#8221; border_width_all=&#8221;1px&#8221; border_color_all=&#8221;#FFFFFF&#8221; global_colors_info=&#8221;{}&#8221;][et_pb_column type=&#8221;4_4&#8243; _builder_version=&#8221;4.18.0&#8243; _module_preset=&#8221;default&#8221; global_colors_info=&#8221;{}&#8221;][et_pb_text _builder_version=&#8221;4.18.0&#8243; _module_preset=&#8221;default&#8221; text_font=&#8221;Raleway||||||||&#8221; text_text_color=&#8221;#FFFFFF&#8221; text_font_size_tablet=&#8221;&#8221; text_font_size_phone=&#8221;12px&#8221; text_font_size_last_edited=&#8221;on|phone&#8221; global_colors_info=&#8221;{}&#8221;]<\/p>\n<h2 style=\"text-align: center;\"><span style=\"text-decoration: underline;\"><img loading=\"lazy\" decoding=\"async\" src=\"https:\/\/solariumoptimum.com\/qc\/wp-content\/uploads\/2022\/10\/quality-warranty-22.png\" width=\"418\" height=\"200\" alt=\"SOLARIUM Optimum Quality and Warranty\" class=\"wp-image-2433 alignnone size-full\" srcset=\"https:\/\/solariumoptimum.com\/qc\/wp-content\/uploads\/2022\/10\/quality-warranty-22.png 418w, https:\/\/solariumoptimum.com\/qc\/wp-content\/uploads\/2022\/10\/quality-warranty-22-300x144.png 300w\" sizes=\"(max-width: 418px) 100vw, 418px\" \/><\/span><\/h2>\n<h2 style=\"text-align: left;\"><strong style=\"font-size: 26px;\"><\/strong><\/h2>\n<h2 style=\"text-align: left;\"><strong style=\"font-size: 26px;\"><\/strong><\/h2>\n<h2 style=\"text-align: left;\"><strong style=\"font-size: 26px;\">Optimum Quality!<\/strong><\/h2>\n<p style=\"text-align: justify;\">Our 3-season solarium, SunLOFT\u00a9, SkyLOFT\u00a9 permanent awning, CarPORT car shelter and\u00a0 Veranda, are mass-produced modular products. However, whether it is for a customized or standard project, we go through each stage of manufacturing through a strict and meticulous quality control.<\/p>\n<p style=\"text-align: justify;\">In addition, each of the assembly steps, we carry out a double check before moving on to the next one.<\/p>\n<p style=\"text-align: justify;\">And finally, we carry out a last verification during the packaging. As a result, we have very little service to perform for our products. Moreover, this is an important element to consider when buying a solarium product, because the after-sales service of products can be expensive.<\/p>\n<p style=\"text-align: justify;\">At the cutting edge of technology, our research and development center ensures the best components for all SOLARIUM Optimum products.<\/p>\n<h2>Our Warranty<\/h2>\n<p style=\"text-align: justify;\">Ultimately, all of our solariums, awnings, carports and verandas are backed by our 10-year pro-rated warranty, as well as <strong>the glass on the roof comes with a limited lifetime warranty <\/strong>(see details in store).<\/p>\n<p>[\/et_pb_text][\/et_pb_column][\/et_pb_row][\/et_pb_section][et_pb_section fb_built=&#8221;1&#8243; _builder_version=&#8221;4.18.0&#8243; _module_preset=&#8221;default&#8221; global_colors_info=&#8221;{}&#8221;][et_pb_row column_structure=&#8221;1_2,1_2&#8243; _builder_version=&#8221;4.18.0&#8243; _module_preset=&#8221;default&#8221; custom_margin=&#8221;-15px|auto||auto||&#8221; global_colors_info=&#8221;{}&#8221;][et_pb_column type=&#8221;1_2&#8243; _builder_version=&#8221;4.18.0&#8243; _module_preset=&#8221;default&#8221; global_colors_info=&#8221;{}&#8221;][et_pb_image src=&#8221;https:\/\/solariumoptimum.com\/qc\/wp-content\/uploads\/2022\/10\/Solarium-Optimum-conformity-CNB.jpg&#8221; alt=&#8221;Solariums Approved by National Building Code&#8221; title_text=&#8221;Solarium-Optimum-conformity-NBC&#8221; _builder_version=&#8221;4.18.0&#8243; _module_preset=&#8221;default&#8221; custom_margin=&#8221;-4px|||||&#8221; animation_style=&#8221;fade&#8221; animation_duration=&#8221;1650ms&#8221; border_width_all=&#8221;2px&#8221; border_color_all=&#8221;#182859&#8243; global_colors_info=&#8221;{}&#8221;][\/et_pb_image][\/et_pb_column][et_pb_column type=&#8221;1_2&#8243; _builder_version=&#8221;4.18.0&#8243; _module_preset=&#8221;default&#8221; global_colors_info=&#8221;{}&#8221;][et_pb_text _builder_version=&#8221;4.18.0&#8243; _module_preset=&#8221;default&#8221; text_font=&#8221;Raleway||||||||&#8221; text_text_color=&#8221;#182859&#8243; custom_padding=&#8221;2px|||||&#8221; hover_enabled=&#8221;0&#8243; global_colors_info=&#8221;{}&#8221; sticky_enabled=&#8221;0&#8243;]<\/p>\n<h2 style=\"text-align: left;\"><strong><span style=\"color: #003366;\">Security and peace of mind.<\/span><\/strong><\/h2>\n<p style=\"text-align: justify;\"><span>Sleep peacefully, as the wind blows rain or snow-filled clouds overhead. All of our 3-season solariums are manufactured in accordance with the <a href=\"https:\/\/nrc.canada.ca\/en\/certifications-evaluations-standards\/codes-canada\/codes-canada-publications\/national-building-code-canada-2020\" target=\"_blank\" rel=\"noopener\" title=\"National Building Code\">National Building Code<\/a>.<\/span><\/p>\n<p style=\"text-align: justify;\"><span>What does that mean? It means that our solariums are built to Canadian construction standards for our winter, snow and wind loads.<\/span><\/p>\n<p style=\"text-align: justify;\"><span>All of our products, <a href=\"https:\/\/solariumoptimum.com\/qc\/en-ca\/?page_id=2105\" title=\"solarium 3 seasons\">3-season solarium<\/a>, awning, <a href=\"https:\/\/solariumoptimum.com\/qc\/en-ca\/carport\/\" title=\"carport\">carport<\/a> and veranda, are subject to a rigorous quality control.<\/span><\/p>\n<p>Our roofs are made of safety tempered glass and the roof structure of our solariums, is a 4-season solarium structure, There is no need to add winter support posts.<\/p>\n<p><span>_______________________________________<br \/>Patented solariums, made in Quebec, our products are certified <a href=\"https:\/\/lesproduitsduquebec.com\/en\" title=\"&quot;Produits du Qu\u00e9bec&quot;.\">&#8220;Produits du Qu\u00e9bec&#8221;. <img loading=\"lazy\" decoding=\"async\" src=\"https:\/\/solariumoptimum.com\/qc\/wp-content\/uploads\/2022\/11\/ProductQc_Complete_PMS-1.png\" width=\"72\" height=\"86\" alt=\"Certified Product of Quebec\" class=\"wp-image-3182 size-full\" style=\"float: right;\" \/><\/a><br \/><\/span><\/p>\n<p>[\/et_pb_text][\/et_pb_column][\/et_pb_row][\/et_pb_section]<\/p>\n","protected":false},"excerpt":{"rendered":"<p>Quality and Warrantyat SOLARIUM Optimum!Quality and Warranty of our Solariums built in comformity withthe National Building Code! Optimum Quality! Our 3-season solarium, SunLOFT\u00a9, SkyLOFT\u00a9 permanent awning, CarPORT car shelter and\u00a0 Veranda, are mass-produced modular products. However, whether it is for a customized or standard project, we go through each stage of manufacturing through a strict [&hellip;]<\/p>\n","protected":false},"author":1,"featured_media":0,"parent":0,"menu_order":0,"comment_status":"closed","ping_status":"closed","template":"","meta":{"_et_pb_use_builder":"on","_et_pb_old_content":"","_et_gb_content_width":"","content-type":"","footnotes":""},"class_list":["post-2063","page","type-page","status-publish","hentry"],"yoast_head":"<!-- This site is optimized with the Yoast SEO plugin v27.4 - https:\/\/yoast.com\/product\/yoast-seo-wordpress\/ -->\n<title>Quality and Guarantee of solariums - SOLARIUM Optimum Inc<\/title>\n<meta name=\"description\" content=\"Our solariums are quality and are backed by a 10-year pro-rated warranty and the glass on the roof comes with a limited lifetime warranty.\" \/>\n<meta name=\"robots\" content=\"index, follow, max-snippet:-1, max-image-preview:large, max-video-preview:-1\" \/>\n<link rel=\"canonical\" href=\"https:\/\/solariumoptimum.com\/qc\/en-ca\/quality-and-warranty\/\" \/>\n<meta property=\"og:locale\" content=\"en_US\" \/>\n<meta property=\"og:type\" content=\"article\" \/>\n<meta property=\"og:title\" content=\"Quality and Guarantee\" \/>\n<meta property=\"og:description\" content=\"Our solariums are quality and are backed by a 10-year pro-rated warranty and the glass on the roof comes with a limited lifetime warranty.\" \/>\n<meta property=\"og:url\" content=\"https:\/\/solariumoptimum.com\/qc\/en-ca\/quality-and-warranty\/\" \/>\n<meta property=\"og:site_name\" content=\"SOLARIUM Optimum Inc\" \/>\n<meta property=\"article:publisher\" content=\"https:\/\/www.facebook.com\/solariumoptimum\" \/>\n<meta property=\"article:modified_time\" content=\"2023-10-31T22:47:32+00:00\" \/>\n<meta property=\"og:image\" content=\"https:\/\/solariumoptimum.com\/qc\/wp-content\/uploads\/2022\/09\/qualite-garantie-optimum.jpg\" \/>\n<meta name=\"twitter:card\" content=\"summary_large_image\" \/>\n<meta name=\"twitter:title\" content=\"Quality and Guarantee\" \/>\n<meta name=\"twitter:description\" content=\"Our solariums are quality and are backed by a 10-year pro-rated warranty and the glass on the roof comes with a limited lifetime warranty.\" \/>\n<meta name=\"twitter:image\" content=\"https:\/\/solariumoptimum.com\/qc\/wp-content\/uploads\/2022\/09\/qualite-garantie-optimum.jpg\" \/>\n<meta name=\"twitter:site\" content=\"@SolariumOptimum\" \/>\n<meta name=\"twitter:label1\" content=\"Est. reading time\" \/>\n\t<meta name=\"twitter:data1\" content=\"4 minutes\" \/>\n<script type=\"application\/ld+json\" class=\"yoast-schema-graph\">{\"@context\":\"https:\\\/\\\/schema.org\",\"@graph\":[{\"@type\":\"WebPage\",\"@id\":\"https:\\\/\\\/solariumoptimum.com\\\/qc\\\/en-ca\\\/quality-and-warranty\\\/\",\"url\":\"https:\\\/\\\/solariumoptimum.com\\\/qc\\\/en-ca\\\/quality-and-warranty\\\/\",\"name\":\"Quality and Guarantee of solariums - SOLARIUM Optimum Inc\",\"isPartOf\":{\"@id\":\"https:\\\/\\\/solariumoptimum.com\\\/qc\\\/en-ca\\\/#website\"},\"primaryImageOfPage\":{\"@id\":\"https:\\\/\\\/solariumoptimum.com\\\/qc\\\/en-ca\\\/quality-and-warranty\\\/#primaryimage\"},\"image\":{\"@id\":\"https:\\\/\\\/solariumoptimum.com\\\/qc\\\/en-ca\\\/quality-and-warranty\\\/#primaryimage\"},\"thumbnailUrl\":\"https:\\\/\\\/solariumoptimum.com\\\/qc\\\/wp-content\\\/uploads\\\/2022\\\/10\\\/quality-warranty-22.png\",\"datePublished\":\"2022-09-06T20:28:40+00:00\",\"dateModified\":\"2023-10-31T22:47:32+00:00\",\"description\":\"Our solariums are quality and are backed by a 10-year pro-rated warranty and the glass on the roof comes with a limited lifetime warranty.\",\"breadcrumb\":{\"@id\":\"https:\\\/\\\/solariumoptimum.com\\\/qc\\\/en-ca\\\/quality-and-warranty\\\/#breadcrumb\"},\"inLanguage\":\"en-CA\",\"potentialAction\":[{\"@type\":\"ReadAction\",\"target\":[\"https:\\\/\\\/solariumoptimum.com\\\/qc\\\/en-ca\\\/quality-and-warranty\\\/\"]}]},{\"@type\":\"ImageObject\",\"inLanguage\":\"en-CA\",\"@id\":\"https:\\\/\\\/solariumoptimum.com\\\/qc\\\/en-ca\\\/quality-and-warranty\\\/#primaryimage\",\"url\":\"https:\\\/\\\/solariumoptimum.com\\\/qc\\\/wp-content\\\/uploads\\\/2022\\\/10\\\/quality-warranty-22.png\",\"contentUrl\":\"https:\\\/\\\/solariumoptimum.com\\\/qc\\\/wp-content\\\/uploads\\\/2022\\\/10\\\/quality-warranty-22.png\"},{\"@type\":\"BreadcrumbList\",\"@id\":\"https:\\\/\\\/solariumoptimum.com\\\/qc\\\/en-ca\\\/quality-and-warranty\\\/#breadcrumb\",\"itemListElement\":[{\"@type\":\"ListItem\",\"position\":1,\"name\":\"Accueil\",\"item\":\"https:\\\/\\\/solariumoptimum.com\\\/qc\\\/en-ca\\\/\"},{\"@type\":\"ListItem\",\"position\":2,\"name\":\"Quality and Guarantee\"}]},{\"@type\":\"WebSite\",\"@id\":\"https:\\\/\\\/solariumoptimum.com\\\/qc\\\/en-ca\\\/#website\",\"url\":\"https:\\\/\\\/solariumoptimum.com\\\/qc\\\/en-ca\\\/\",\"name\":\"SOLARIUM Optimum Inc\",\"description\":\"SOLARIUM Optimum,  Une gamme d&#039;abris sur mesure, tel que, solarium 3 saisons, d&#039;auvents permanents et abris d&#039;auto avec toit en verre garanti \u00e0 vie, fen\u00eatres de v\u00e9randa et plus encore !  Des produits de qualit\u00e9, fabriqu\u00e9s au Qu\u00e9bec et simple \u00e0 installer!\",\"publisher\":{\"@id\":\"https:\\\/\\\/solariumoptimum.com\\\/qc\\\/en-ca\\\/#organization\"},\"alternateName\":\"SOLARIUM Optimum\",\"potentialAction\":[{\"@type\":\"SearchAction\",\"target\":{\"@type\":\"EntryPoint\",\"urlTemplate\":\"https:\\\/\\\/solariumoptimum.com\\\/qc\\\/en-ca\\\/?s={search_term_string}\"},\"query-input\":{\"@type\":\"PropertyValueSpecification\",\"valueRequired\":true,\"valueName\":\"search_term_string\"}}],\"inLanguage\":\"en-CA\"},{\"@type\":\"Organization\",\"@id\":\"https:\\\/\\\/solariumoptimum.com\\\/qc\\\/en-ca\\\/#organization\",\"name\":\"SOLARIUM Optimum Inc\",\"alternateName\":\"SOLARIUM Optimum\",\"url\":\"https:\\\/\\\/solariumoptimum.com\\\/qc\\\/en-ca\\\/\",\"logo\":{\"@type\":\"ImageObject\",\"inLanguage\":\"en-CA\",\"@id\":\"https:\\\/\\\/solariumoptimum.com\\\/qc\\\/en-ca\\\/#\\\/schema\\\/logo\\\/image\\\/\",\"url\":\"https:\\\/\\\/solariumoptimum.com\\\/qc\\\/wp-content\\\/uploads\\\/2022\\\/08\\\/cropped-logo_solarium_optimum.jpg\",\"contentUrl\":\"https:\\\/\\\/solariumoptimum.com\\\/qc\\\/wp-content\\\/uploads\\\/2022\\\/08\\\/cropped-logo_solarium_optimum.jpg\",\"width\":512,\"height\":512,\"caption\":\"SOLARIUM Optimum Inc\"},\"image\":{\"@id\":\"https:\\\/\\\/solariumoptimum.com\\\/qc\\\/en-ca\\\/#\\\/schema\\\/logo\\\/image\\\/\"},\"sameAs\":[\"https:\\\/\\\/www.facebook.com\\\/solariumoptimum\",\"https:\\\/\\\/x.com\\\/SolariumOptimum\",\"https:\\\/\\\/www.linkedin.com\\\/company\\\/solarium-optimum\",\"https:\\\/\\\/www.instagram.com\\\/solariumoptimum\\\/\"]}]}<\/script>\n<!-- \/ Yoast SEO plugin. -->","yoast_head_json":{"title":"Quality and Guarantee of solariums - SOLARIUM Optimum Inc","description":"Our solariums are quality and are backed by a 10-year pro-rated warranty and the glass on the roof comes with a limited lifetime warranty.","robots":{"index":"index","follow":"follow","max-snippet":"max-snippet:-1","max-image-preview":"max-image-preview:large","max-video-preview":"max-video-preview:-1"},"canonical":"https:\/\/solariumoptimum.com\/qc\/en-ca\/quality-and-warranty\/","og_locale":"en_US","og_type":"article","og_title":"Quality and Guarantee","og_description":"Our solariums are quality and are backed by a 10-year pro-rated warranty and the glass on the roof comes with a limited lifetime warranty.","og_url":"https:\/\/solariumoptimum.com\/qc\/en-ca\/quality-and-warranty\/","og_site_name":"SOLARIUM Optimum Inc","article_publisher":"https:\/\/www.facebook.com\/solariumoptimum","article_modified_time":"2023-10-31T22:47:32+00:00","og_image":[{"url":"https:\/\/solariumoptimum.com\/qc\/wp-content\/uploads\/2022\/09\/qualite-garantie-optimum.jpg","type":"","width":"","height":""}],"twitter_card":"summary_large_image","twitter_title":"Quality and Guarantee","twitter_description":"Our solariums are quality and are backed by a 10-year pro-rated warranty and the glass on the roof comes with a limited lifetime warranty.","twitter_image":"https:\/\/solariumoptimum.com\/qc\/wp-content\/uploads\/2022\/09\/qualite-garantie-optimum.jpg","twitter_site":"@SolariumOptimum","twitter_misc":{"Est. reading time":"4 minutes"},"schema":{"@context":"https:\/\/schema.org","@graph":[{"@type":"WebPage","@id":"https:\/\/solariumoptimum.com\/qc\/en-ca\/quality-and-warranty\/","url":"https:\/\/solariumoptimum.com\/qc\/en-ca\/quality-and-warranty\/","name":"Quality and Guarantee of solariums - SOLARIUM Optimum Inc","isPartOf":{"@id":"https:\/\/solariumoptimum.com\/qc\/en-ca\/#website"},"primaryImageOfPage":{"@id":"https:\/\/solariumoptimum.com\/qc\/en-ca\/quality-and-warranty\/#primaryimage"},"image":{"@id":"https:\/\/solariumoptimum.com\/qc\/en-ca\/quality-and-warranty\/#primaryimage"},"thumbnailUrl":"https:\/\/solariumoptimum.com\/qc\/wp-content\/uploads\/2022\/10\/quality-warranty-22.png","datePublished":"2022-09-06T20:28:40+00:00","dateModified":"2023-10-31T22:47:32+00:00","description":"Our solariums are quality and are backed by a 10-year pro-rated warranty and the glass on the roof comes with a limited lifetime warranty.","breadcrumb":{"@id":"https:\/\/solariumoptimum.com\/qc\/en-ca\/quality-and-warranty\/#breadcrumb"},"inLanguage":"en-CA","potentialAction":[{"@type":"ReadAction","target":["https:\/\/solariumoptimum.com\/qc\/en-ca\/quality-and-warranty\/"]}]},{"@type":"ImageObject","inLanguage":"en-CA","@id":"https:\/\/solariumoptimum.com\/qc\/en-ca\/quality-and-warranty\/#primaryimage","url":"https:\/\/solariumoptimum.com\/qc\/wp-content\/uploads\/2022\/10\/quality-warranty-22.png","contentUrl":"https:\/\/solariumoptimum.com\/qc\/wp-content\/uploads\/2022\/10\/quality-warranty-22.png"},{"@type":"BreadcrumbList","@id":"https:\/\/solariumoptimum.com\/qc\/en-ca\/quality-and-warranty\/#breadcrumb","itemListElement":[{"@type":"ListItem","position":1,"name":"Accueil","item":"https:\/\/solariumoptimum.com\/qc\/en-ca\/"},{"@type":"ListItem","position":2,"name":"Quality and Guarantee"}]},{"@type":"WebSite","@id":"https:\/\/solariumoptimum.com\/qc\/en-ca\/#website","url":"https:\/\/solariumoptimum.com\/qc\/en-ca\/","name":"SOLARIUM Optimum Inc","description":"SOLARIUM Optimum,  Une gamme d&#039;abris sur mesure, tel que, solarium 3 saisons, d&#039;auvents permanents et abris d&#039;auto avec toit en verre garanti \u00e0 vie, fen\u00eatres de v\u00e9randa et plus encore !  Des produits de qualit\u00e9, fabriqu\u00e9s au Qu\u00e9bec et simple \u00e0 installer!","publisher":{"@id":"https:\/\/solariumoptimum.com\/qc\/en-ca\/#organization"},"alternateName":"SOLARIUM Optimum","potentialAction":[{"@type":"SearchAction","target":{"@type":"EntryPoint","urlTemplate":"https:\/\/solariumoptimum.com\/qc\/en-ca\/?s={search_term_string}"},"query-input":{"@type":"PropertyValueSpecification","valueRequired":true,"valueName":"search_term_string"}}],"inLanguage":"en-CA"},{"@type":"Organization","@id":"https:\/\/solariumoptimum.com\/qc\/en-ca\/#organization","name":"SOLARIUM Optimum Inc","alternateName":"SOLARIUM Optimum","url":"https:\/\/solariumoptimum.com\/qc\/en-ca\/","logo":{"@type":"ImageObject","inLanguage":"en-CA","@id":"https:\/\/solariumoptimum.com\/qc\/en-ca\/#\/schema\/logo\/image\/","url":"https:\/\/solariumoptimum.com\/qc\/wp-content\/uploads\/2022\/08\/cropped-logo_solarium_optimum.jpg","contentUrl":"https:\/\/solariumoptimum.com\/qc\/wp-content\/uploads\/2022\/08\/cropped-logo_solarium_optimum.jpg","width":512,"height":512,"caption":"SOLARIUM Optimum Inc"},"image":{"@id":"https:\/\/solariumoptimum.com\/qc\/en-ca\/#\/schema\/logo\/image\/"},"sameAs":["https:\/\/www.facebook.com\/solariumoptimum","https:\/\/x.com\/SolariumOptimum","https:\/\/www.linkedin.com\/company\/solarium-optimum","https:\/\/www.instagram.com\/solariumoptimum\/"]}]}},"_links":{"self":[{"href":"https:\/\/solariumoptimum.com\/qc\/en-ca\/wp-json\/wp\/v2\/pages\/2063","targetHints":{"allow":["GET"]}}],"collection":[{"href":"https:\/\/solariumoptimum.com\/qc\/en-ca\/wp-json\/wp\/v2\/pages"}],"about":[{"href":"https:\/\/solariumoptimum.com\/qc\/en-ca\/wp-json\/wp\/v2\/types\/page"}],"author":[{"embeddable":true,"href":"https:\/\/solariumoptimum.com\/qc\/en-ca\/wp-json\/wp\/v2\/users\/1"}],"replies":[{"embeddable":true,"href":"https:\/\/solariumoptimum.com\/qc\/en-ca\/wp-json\/wp\/v2\/comments?post=2063"}],"version-history":[{"count":13,"href":"https:\/\/solariumoptimum.com\/qc\/en-ca\/wp-json\/wp\/v2\/pages\/2063\/revisions"}],"predecessor-version":[{"id":5080,"href":"https:\/\/solariumoptimum.com\/qc\/en-ca\/wp-json\/wp\/v2\/pages\/2063\/revisions\/5080"}],"wp:attachment":[{"href":"https:\/\/solariumoptimum.com\/qc\/en-ca\/wp-json\/wp\/v2\/media?parent=2063"}],"curies":[{"name":"wp","href":"https:\/\/api.w.org\/{rel}","templated":true}]}}