{"id":2064,"date":"2022-09-06T16:34:38","date_gmt":"2022-09-06T20:34:38","guid":{"rendered":"https:\/\/solariumoptimum.com\/qc\/virtual-tour\/"},"modified":"2023-10-31T18:47:32","modified_gmt":"2023-10-31T22:47:32","slug":"virtual-tour","status":"publish","type":"page","link":"https:\/\/solariumoptimum.com\/qc\/en-ca\/virtual-tour\/","title":{"rendered":"Virtual tour"},"content":{"rendered":"<p>[et_pb_section fb_built=&#8221;1&#8243; custom_padding_last_edited=&#8221;on|tablet&#8221; admin_label=&#8221;Section&#8221; _builder_version=&#8221;4.18.0&#8243; _module_preset=&#8221;default&#8221; background_image=&#8221;https:\/\/solariumoptimum.com\/qc\/wp-content\/uploads\/2022\/09\/ban_solarium_optimum-1.jpg&#8221; background_size=&#8221;initial&#8221; width=&#8221;100%&#8221; max_width=&#8221;100%&#8221; module_alignment=&#8221;center&#8221; min_height=&#8221;354.2px&#8221; min_height_tablet=&#8221;211.7px&#8221; min_height_phone=&#8221;223.3px&#8221; min_height_last_edited=&#8221;on|phone&#8221; height_tablet=&#8221;&#8221; height_phone=&#8221;auto&#8221; height_last_edited=&#8221;on|tablet&#8221; custom_margin=&#8221;3%|0px|0px|0px|false|false&#8221; custom_margin_tablet=&#8221;8%||0px|0px|false|false&#8221; custom_margin_phone=&#8221;12%||0px|0px|false|false&#8221; custom_margin_last_edited=&#8221;on|phone&#8221; custom_padding=&#8221;0px|0px|0px|0px|false|false&#8221; custom_padding_tablet=&#8221;0px|0px|0px|0px|false|false&#8221; custom_padding_phone=&#8221;0px|0px|0px|0px|false|false&#8221; scroll_fade=&#8221;0|51|51|100|100%|100|100&#8243; background_last_edited=&#8221;on|tablet&#8221; background_image_tablet=&#8221;https:\/\/solariumoptimum.com\/qc\/wp-content\/uploads\/2022\/09\/ban_mob_solarium_optimum-1.jpg&#8221; background_enable_image_tablet=&#8221;on&#8221; parallax_method_tablet=&#8221;off&#8221; module_alignment_tablet=&#8221;center&#8221; module_alignment_phone=&#8221;center&#8221; module_alignment_last_edited=&#8221;on|desktop&#8221; border_width_top=&#8221;2px&#8221; border_color_top=&#8221;#182859&#8243; border_width_bottom=&#8221;5px&#8221; border_color_bottom=&#8221;#182859&#8243; global_colors_info=&#8221;{}&#8221;][et_pb_row _builder_version=&#8221;4.18.0&#8243; _module_preset=&#8221;default&#8221; min_height=&#8221;184.9px&#8221; custom_margin_tablet=&#8221;&#8221; custom_margin_phone=&#8221;-12%||||false|false&#8221; custom_margin_last_edited=&#8221;on|phone&#8221; custom_padding=&#8221;||1px|||&#8221; global_colors_info=&#8221;{}&#8221;][et_pb_column type=&#8221;4_4&#8243; _builder_version=&#8221;4.18.0&#8243; _module_preset=&#8221;default&#8221; global_colors_info=&#8221;{}&#8221;][et_pb_image src=&#8221;https:\/\/solariumoptimum.com\/qc\/wp-content\/uploads\/2022\/08\/logo_solarium_optimum.jpg&#8221; alt=&#8221;Logo Solarium Optimum&#8221; title_text=&#8221;logo_solarium_optimum&#8221; align=&#8221;center&#8221; _builder_version=&#8221;4.18.0&#8243; _module_preset=&#8221;default&#8221; width_tablet=&#8221;30%&#8221; width_phone=&#8221;40%&#8221; width_last_edited=&#8221;on|phone&#8221; max_width_tablet=&#8221;30%&#8221; max_width_phone=&#8221;40%&#8221; max_width_last_edited=&#8221;on|phone&#8221; module_alignment=&#8221;center&#8221; min_height=&#8221;75%&#8221; min_height_tablet=&#8221;auto&#8221; min_height_phone=&#8221;&#8221; min_height_last_edited=&#8221;on|tablet&#8221; height=&#8221;100%&#8221; height_tablet=&#8221;&#8221; height_phone=&#8221;auto&#8221; height_last_edited=&#8221;on|phone&#8221; max_height_tablet=&#8221;&#8221; max_height_phone=&#8221;&#8221; max_height_last_edited=&#8221;on|tablet&#8221; custom_margin=&#8221;-7%||||false|false&#8221; custom_margin_tablet=&#8221;-12%||||false|false&#8221; custom_margin_phone=&#8221;-10%|0px|0px||false|false&#8221; custom_margin_last_edited=&#8221;on|tablet&#8221; custom_padding=&#8221;|0px|0px||false|false&#8221; global_colors_info=&#8221;{}&#8221;][\/et_pb_image][\/et_pb_column][\/et_pb_row][et_pb_row _builder_version=&#8221;4.18.0&#8243; _module_preset=&#8221;default&#8221; custom_margin=&#8221;-66px|auto|4px|auto||&#8221; custom_padding=&#8221;32px||1px|||&#8221; global_colors_info=&#8221;{}&#8221;][et_pb_column type=&#8221;4_4&#8243; _builder_version=&#8221;4.18.0&#8243; _module_preset=&#8221;default&#8221; global_colors_info=&#8221;{}&#8221;][et_pb_text content_tablet=&#8221;<\/p>\n<p style=%22text-align: center;%22><span style=%22color: #ffffff; font-size: 32px;%22><strong>Virtual Tour<\/strong><\/span><\/p>\n<p>&#8221; content_phone=&#8221;<\/p>\n<p style=%22text-align: center;%22><span style=%22color: #ffffff; font-size: 32px;%22><strong>Virtual Tour<\/strong><\/span><\/p>\n<p>&#8221; content_last_edited=&#8221;on|phone&#8221; _builder_version=&#8221;4.18.0&#8243; _module_preset=&#8221;default&#8221; custom_margin=&#8221;6.7%||1%||false|false&#8221; animation_style=&#8221;slide&#8221; animation_delay=&#8221;700ms&#8221; hover_enabled=&#8221;0&#8243; text_font_size_tablet=&#8221;9px&#8221; text_font_size_phone=&#8221;1px&#8221; text_font_size_last_edited=&#8221;on|tablet&#8221; text_text_shadow_style=&#8221;preset3&#8243; global_colors_info=&#8221;{}&#8221; sticky_enabled=&#8221;0&#8243;]<\/p>\n<h1 style=\"text-align: center;\"><span style=\"color: #ffffff; font-size: 62px;\"><strong>Virtual Tour<\/strong><\/span><\/h1>\n<p>[\/et_pb_text][et_pb_text content_tablet=&#8221;<\/p>\n<p style=%22text-align: center;%22>at SOLARIUM Optimum!<\/p>\n<p>&#8221; content_phone=&#8221;<\/p>\n<p style=%22text-align: center;%22>at SOLARIUM Optimum!<\/p>\n<p>&#8221; content_last_edited=&#8221;on|tablet&#8221; _builder_version=&#8221;4.18.0&#8243; _module_preset=&#8221;default&#8221; text_font=&#8221;|600|||||||&#8221; text_text_color=&#8221;#FFFFFF&#8221; text_font_size=&#8221;24px&#8221; custom_margin=&#8221;0px||32px|||&#8221; animation_style=&#8221;fade&#8221; animation_delay=&#8221;1450ms&#8221; text_font_size_tablet=&#8221;19px&#8221; text_font_size_phone=&#8221;15px&#8221; text_font_size_last_edited=&#8221;on|phone&#8221; text_text_shadow_style=&#8221;preset3&#8243; global_colors_info=&#8221;{}&#8221;]<\/p>\n<p style=\"text-align: center;\">at SOLARIUM Optimum!<\/p>\n<p>[\/et_pb_text][\/et_pb_column][\/et_pb_row][\/et_pb_section][et_pb_section fb_built=&#8221;1&#8243; _builder_version=&#8221;4.18.0&#8243; _module_preset=&#8221;default&#8221; custom_padding=&#8221;54px|||||&#8221; global_colors_info=&#8221;{}&#8221;][et_pb_row use_custom_gutter=&#8221;on&#8221; _builder_version=&#8221;4.18.0&#8243; _module_preset=&#8221;default&#8221; width=&#8221;100%&#8221; max_width=&#8221;90%&#8221; module_alignment=&#8221;center&#8221; custom_margin=&#8221;0px|0px|0px|0px|false|false&#8221; custom_padding=&#8221;0px|0px|0px|0px|false|false&#8221; global_colors_info=&#8221;{}&#8221;][et_pb_column type=&#8221;4_4&#8243; _builder_version=&#8221;4.18.0&#8243; _module_preset=&#8221;default&#8221; global_colors_info=&#8221;{}&#8221;][et_pb_text _builder_version=&#8221;4.18.0&#8243; _module_preset=&#8221;default&#8221; custom_margin=&#8221;||6px|||&#8221; hover_enabled=&#8221;0&#8243; global_colors_info=&#8221;{}&#8221; sticky_enabled=&#8221;0&#8243;]<\/p>\n<h2 style=\"text-align: center;\"><strong><span style=\"color: #182859;\">While waiting to visit us on site, here is a virtual tour of our showroom including several <a href=\"https:\/\/solariumoptimum.com\/qc\/en-ca\/?page_id=2105\" title=\"models\">life-size models<\/a> !<\/span><\/strong><\/h2>\n<p>&nbsp;<\/p>\n<p>[\/et_pb_text][et_pb_text _builder_version=&#8221;4.18.0&#8243; _module_preset=&#8221;default&#8221; hover_enabled=&#8221;0&#8243; sticky_enabled=&#8221;0&#8243;]<\/p>\n<p style=\"text-align: center;\">Our showroom is located at  <a href=\"https:\/\/www.google.com\/maps\/place\/1500+Rue+de+Jaffa,+Laval,+QC+H7P+4K9\/@45.6046523,-73.8090362,17z\/data=!3m1!4b1!4m5!3m4!1s0x4cc9268c0bddd9c3:0x23a2fa3f77413d7!8m2!3d45.6046486!4d-73.8068475\" target=\"_blank\" rel=\"noopener\" title=\"1500 Rue de Jaffa, Laval, Qc. H7P 4K9\"><span><strong>1500 Rue de Jaffa, Laval, Qc. H7P 4K9<\/strong><\/span><\/a><\/p>\n<p>[\/et_pb_text][et_pb_code _builder_version=&#8221;4.18.0&#8243; _module_preset=&#8221;default&#8221; min_height=&#8221;615.8px&#8221; custom_margin=&#8221;0px|0px|0px|0px|false|false&#8221; custom_padding=&#8221;0px|0px|0px|0px|false|false&#8221; border_width_all=&#8221;3px&#8221; border_color_all=&#8221;#B2A798&#8243; global_colors_info=&#8221;{}&#8221;]<iframe src=\"https:\/\/www.google.com\/maps\/embed?pb=!4v1663016535662!6m8!1m7!1sCAoSLEFGMVFpcE12dDJvZHpJdkdHQ0cxcHJlb0xfdHd0ZXUxZXdGbTlaLVpNbkFt!2m2!1d45.604652321406!2d-73.806755958076!3f224.8046644080875!4f-15.046699833487565!5f0.8160813932612223\" width=\"100%\" height=\"600\" style=\"border:0;\" allowfullscreen=\"\" loading=\"lazy\" referrerpolicy=\"no-referrer-when-downgrade\"><\/iframe>[\/et_pb_code][\/et_pb_column][\/et_pb_row][\/et_pb_section]<\/p>\n","protected":false},"excerpt":{"rendered":"<p>Virtual Tourat SOLARIUM Optimum!While waiting to visit us on site, here is a virtual tour of our showroom including several life-size models ! &nbsp;Our showroom is located at 1500 Rue de Jaffa, Laval, Qc. H7P 4K9<\/p>\n","protected":false},"author":1,"featured_media":0,"parent":0,"menu_order":0,"comment_status":"closed","ping_status":"closed","template":"","meta":{"_et_pb_use_builder":"on","_et_pb_old_content":"","_et_gb_content_width":"","content-type":"","footnotes":""},"class_list":["post-2064","page","type-page","status-publish","hentry"],"yoast_head":"<!-- This site is optimized with the Yoast SEO plugin v27.4 - https:\/\/yoast.com\/product\/yoast-seo-wordpress\/ -->\n<title>Virtual tour of our showroom - SOLARIUM Optimum Inc<\/title>\n<meta name=\"description\" content=\"While waiting to visit us on site, here is a virtual tour of our showroom including several life-size models!\" \/>\n<meta name=\"robots\" content=\"index, follow, max-snippet:-1, max-image-preview:large, max-video-preview:-1\" \/>\n<link rel=\"canonical\" href=\"https:\/\/solariumoptimum.com\/qc\/en-ca\/virtual-tour\/\" \/>\n<meta property=\"og:locale\" content=\"en_US\" \/>\n<meta property=\"og:type\" content=\"article\" \/>\n<meta property=\"og:title\" content=\"Virtual tour of our showroom!\" \/>\n<meta property=\"og:description\" content=\"While waiting to visit us on site, here is an overview of our showroom including several life-size models!\" \/>\n<meta property=\"og:url\" content=\"https:\/\/solariumoptimum.com\/qc\/en-ca\/virtual-tour\/\" \/>\n<meta property=\"og:site_name\" content=\"SOLARIUM Optimum Inc\" \/>\n<meta property=\"article:publisher\" content=\"https:\/\/www.facebook.com\/solariumoptimum\" \/>\n<meta property=\"article:modified_time\" content=\"2023-10-31T22:47:32+00:00\" \/>\n<meta property=\"og:image\" content=\"https:\/\/solariumoptimum.com\/qc\/wp-content\/uploads\/2022\/09\/Solarium-Optimum2022.jpg\" \/>\n<meta name=\"twitter:card\" content=\"summary_large_image\" \/>\n<meta name=\"twitter:title\" content=\"Virtual tour of our showroom!\" \/>\n<meta name=\"twitter:description\" content=\"While waiting to visit us on site, here is an overview of our showroom including several life-size models!\" \/>\n<meta name=\"twitter:image\" content=\"https:\/\/solariumoptimum.com\/qc\/wp-content\/uploads\/2022\/09\/Solarium-Optimum2022.jpg\" \/>\n<meta name=\"twitter:site\" content=\"@SolariumOptimum\" \/>\n<script type=\"application\/ld+json\" class=\"yoast-schema-graph\">{\"@context\":\"https:\\\/\\\/schema.org\",\"@graph\":[{\"@type\":\"WebPage\",\"@id\":\"https:\\\/\\\/solariumoptimum.com\\\/qc\\\/en-ca\\\/virtual-tour\\\/\",\"url\":\"https:\\\/\\\/solariumoptimum.com\\\/qc\\\/en-ca\\\/virtual-tour\\\/\",\"name\":\"Virtual tour of our showroom - SOLARIUM Optimum Inc\",\"isPartOf\":{\"@id\":\"https:\\\/\\\/solariumoptimum.com\\\/qc\\\/en-ca\\\/#website\"},\"datePublished\":\"2022-09-06T20:34:38+00:00\",\"dateModified\":\"2023-10-31T22:47:32+00:00\",\"description\":\"While waiting to visit us on site, here is a virtual tour of our showroom including several life-size models!\",\"breadcrumb\":{\"@id\":\"https:\\\/\\\/solariumoptimum.com\\\/qc\\\/en-ca\\\/virtual-tour\\\/#breadcrumb\"},\"inLanguage\":\"en-CA\",\"potentialAction\":[{\"@type\":\"ReadAction\",\"target\":[\"https:\\\/\\\/solariumoptimum.com\\\/qc\\\/en-ca\\\/virtual-tour\\\/\"]}]},{\"@type\":\"BreadcrumbList\",\"@id\":\"https:\\\/\\\/solariumoptimum.com\\\/qc\\\/en-ca\\\/virtual-tour\\\/#breadcrumb\",\"itemListElement\":[{\"@type\":\"ListItem\",\"position\":1,\"name\":\"Accueil\",\"item\":\"https:\\\/\\\/solariumoptimum.com\\\/qc\\\/en-ca\\\/\"},{\"@type\":\"ListItem\",\"position\":2,\"name\":\"Virtual tour\"}]},{\"@type\":\"WebSite\",\"@id\":\"https:\\\/\\\/solariumoptimum.com\\\/qc\\\/en-ca\\\/#website\",\"url\":\"https:\\\/\\\/solariumoptimum.com\\\/qc\\\/en-ca\\\/\",\"name\":\"SOLARIUM Optimum Inc\",\"description\":\"SOLARIUM Optimum,  Une gamme d&#039;abris sur mesure, tel que, solarium 3 saisons, d&#039;auvents permanents et abris d&#039;auto avec toit en verre garanti \u00e0 vie, fen\u00eatres de v\u00e9randa et plus encore !  Des produits de qualit\u00e9, fabriqu\u00e9s au Qu\u00e9bec et simple \u00e0 installer!\",\"publisher\":{\"@id\":\"https:\\\/\\\/solariumoptimum.com\\\/qc\\\/en-ca\\\/#organization\"},\"alternateName\":\"SOLARIUM Optimum\",\"potentialAction\":[{\"@type\":\"SearchAction\",\"target\":{\"@type\":\"EntryPoint\",\"urlTemplate\":\"https:\\\/\\\/solariumoptimum.com\\\/qc\\\/en-ca\\\/?s={search_term_string}\"},\"query-input\":{\"@type\":\"PropertyValueSpecification\",\"valueRequired\":true,\"valueName\":\"search_term_string\"}}],\"inLanguage\":\"en-CA\"},{\"@type\":\"Organization\",\"@id\":\"https:\\\/\\\/solariumoptimum.com\\\/qc\\\/en-ca\\\/#organization\",\"name\":\"SOLARIUM Optimum Inc\",\"alternateName\":\"SOLARIUM Optimum\",\"url\":\"https:\\\/\\\/solariumoptimum.com\\\/qc\\\/en-ca\\\/\",\"logo\":{\"@type\":\"ImageObject\",\"inLanguage\":\"en-CA\",\"@id\":\"https:\\\/\\\/solariumoptimum.com\\\/qc\\\/en-ca\\\/#\\\/schema\\\/logo\\\/image\\\/\",\"url\":\"https:\\\/\\\/solariumoptimum.com\\\/qc\\\/wp-content\\\/uploads\\\/2022\\\/08\\\/cropped-logo_solarium_optimum.jpg\",\"contentUrl\":\"https:\\\/\\\/solariumoptimum.com\\\/qc\\\/wp-content\\\/uploads\\\/2022\\\/08\\\/cropped-logo_solarium_optimum.jpg\",\"width\":512,\"height\":512,\"caption\":\"SOLARIUM Optimum Inc\"},\"image\":{\"@id\":\"https:\\\/\\\/solariumoptimum.com\\\/qc\\\/en-ca\\\/#\\\/schema\\\/logo\\\/image\\\/\"},\"sameAs\":[\"https:\\\/\\\/www.facebook.com\\\/solariumoptimum\",\"https:\\\/\\\/x.com\\\/SolariumOptimum\",\"https:\\\/\\\/www.linkedin.com\\\/company\\\/solarium-optimum\",\"https:\\\/\\\/www.instagram.com\\\/solariumoptimum\\\/\"]}]}<\/script>\n<!-- \/ Yoast SEO plugin. -->","yoast_head_json":{"title":"Virtual tour of our showroom - SOLARIUM Optimum Inc","description":"While waiting to visit us on site, here is a virtual tour of our showroom including several life-size models!","robots":{"index":"index","follow":"follow","max-snippet":"max-snippet:-1","max-image-preview":"max-image-preview:large","max-video-preview":"max-video-preview:-1"},"canonical":"https:\/\/solariumoptimum.com\/qc\/en-ca\/virtual-tour\/","og_locale":"en_US","og_type":"article","og_title":"Virtual tour of our showroom!","og_description":"While waiting to visit us on site, here is an overview of our showroom including several life-size models!","og_url":"https:\/\/solariumoptimum.com\/qc\/en-ca\/virtual-tour\/","og_site_name":"SOLARIUM Optimum Inc","article_publisher":"https:\/\/www.facebook.com\/solariumoptimum","article_modified_time":"2023-10-31T22:47:32+00:00","og_image":[{"url":"https:\/\/solariumoptimum.com\/qc\/wp-content\/uploads\/2022\/09\/Solarium-Optimum2022.jpg","type":"","width":"","height":""}],"twitter_card":"summary_large_image","twitter_title":"Virtual tour of our showroom!","twitter_description":"While waiting to visit us on site, here is an overview of our showroom including several life-size models!","twitter_image":"https:\/\/solariumoptimum.com\/qc\/wp-content\/uploads\/2022\/09\/Solarium-Optimum2022.jpg","twitter_site":"@SolariumOptimum","schema":{"@context":"https:\/\/schema.org","@graph":[{"@type":"WebPage","@id":"https:\/\/solariumoptimum.com\/qc\/en-ca\/virtual-tour\/","url":"https:\/\/solariumoptimum.com\/qc\/en-ca\/virtual-tour\/","name":"Virtual tour of our showroom - SOLARIUM Optimum Inc","isPartOf":{"@id":"https:\/\/solariumoptimum.com\/qc\/en-ca\/#website"},"datePublished":"2022-09-06T20:34:38+00:00","dateModified":"2023-10-31T22:47:32+00:00","description":"While waiting to visit us on site, here is a virtual tour of our showroom including several life-size models!","breadcrumb":{"@id":"https:\/\/solariumoptimum.com\/qc\/en-ca\/virtual-tour\/#breadcrumb"},"inLanguage":"en-CA","potentialAction":[{"@type":"ReadAction","target":["https:\/\/solariumoptimum.com\/qc\/en-ca\/virtual-tour\/"]}]},{"@type":"BreadcrumbList","@id":"https:\/\/solariumoptimum.com\/qc\/en-ca\/virtual-tour\/#breadcrumb","itemListElement":[{"@type":"ListItem","position":1,"name":"Accueil","item":"https:\/\/solariumoptimum.com\/qc\/en-ca\/"},{"@type":"ListItem","position":2,"name":"Virtual tour"}]},{"@type":"WebSite","@id":"https:\/\/solariumoptimum.com\/qc\/en-ca\/#website","url":"https:\/\/solariumoptimum.com\/qc\/en-ca\/","name":"SOLARIUM Optimum Inc","description":"SOLARIUM Optimum,  Une gamme d&#039;abris sur mesure, tel que, solarium 3 saisons, d&#039;auvents permanents et abris d&#039;auto avec toit en verre garanti \u00e0 vie, fen\u00eatres de v\u00e9randa et plus encore !  Des produits de qualit\u00e9, fabriqu\u00e9s au Qu\u00e9bec et simple \u00e0 installer!","publisher":{"@id":"https:\/\/solariumoptimum.com\/qc\/en-ca\/#organization"},"alternateName":"SOLARIUM Optimum","potentialAction":[{"@type":"SearchAction","target":{"@type":"EntryPoint","urlTemplate":"https:\/\/solariumoptimum.com\/qc\/en-ca\/?s={search_term_string}"},"query-input":{"@type":"PropertyValueSpecification","valueRequired":true,"valueName":"search_term_string"}}],"inLanguage":"en-CA"},{"@type":"Organization","@id":"https:\/\/solariumoptimum.com\/qc\/en-ca\/#organization","name":"SOLARIUM Optimum Inc","alternateName":"SOLARIUM Optimum","url":"https:\/\/solariumoptimum.com\/qc\/en-ca\/","logo":{"@type":"ImageObject","inLanguage":"en-CA","@id":"https:\/\/solariumoptimum.com\/qc\/en-ca\/#\/schema\/logo\/image\/","url":"https:\/\/solariumoptimum.com\/qc\/wp-content\/uploads\/2022\/08\/cropped-logo_solarium_optimum.jpg","contentUrl":"https:\/\/solariumoptimum.com\/qc\/wp-content\/uploads\/2022\/08\/cropped-logo_solarium_optimum.jpg","width":512,"height":512,"caption":"SOLARIUM Optimum Inc"},"image":{"@id":"https:\/\/solariumoptimum.com\/qc\/en-ca\/#\/schema\/logo\/image\/"},"sameAs":["https:\/\/www.facebook.com\/solariumoptimum","https:\/\/x.com\/SolariumOptimum","https:\/\/www.linkedin.com\/company\/solarium-optimum","https:\/\/www.instagram.com\/solariumoptimum\/"]}]}},"_links":{"self":[{"href":"https:\/\/solariumoptimum.com\/qc\/en-ca\/wp-json\/wp\/v2\/pages\/2064","targetHints":{"allow":["GET"]}}],"collection":[{"href":"https:\/\/solariumoptimum.com\/qc\/en-ca\/wp-json\/wp\/v2\/pages"}],"about":[{"href":"https:\/\/solariumoptimum.com\/qc\/en-ca\/wp-json\/wp\/v2\/types\/page"}],"author":[{"embeddable":true,"href":"https:\/\/solariumoptimum.com\/qc\/en-ca\/wp-json\/wp\/v2\/users\/1"}],"replies":[{"embeddable":true,"href":"https:\/\/solariumoptimum.com\/qc\/en-ca\/wp-json\/wp\/v2\/comments?post=2064"}],"version-history":[{"count":5,"href":"https:\/\/solariumoptimum.com\/qc\/en-ca\/wp-json\/wp\/v2\/pages\/2064\/revisions"}],"predecessor-version":[{"id":5082,"href":"https:\/\/solariumoptimum.com\/qc\/en-ca\/wp-json\/wp\/v2\/pages\/2064\/revisions\/5082"}],"wp:attachment":[{"href":"https:\/\/solariumoptimum.com\/qc\/en-ca\/wp-json\/wp\/v2\/media?parent=2064"}],"curies":[{"name":"wp","href":"https:\/\/api.w.org\/{rel}","templated":true}]}}