{"id":2065,"date":"2022-09-06T16:30:55","date_gmt":"2022-09-06T20:30:55","guid":{"rendered":"https:\/\/solariumoptimum.com\/qc\/cleaning-products\/"},"modified":"2022-11-10T16:35:07","modified_gmt":"2022-11-10T20:35:07","slug":"maintenance-products","status":"publish","type":"page","link":"https:\/\/solariumoptimum.com\/qc\/en-ca\/maintenance-products\/","title":{"rendered":"Maintenance products"},"content":{"rendered":"<p>[et_pb_section fb_built=&#8221;1&#8243; custom_padding_last_edited=&#8221;on|tablet&#8221; admin_label=&#8221;Section&#8221; _builder_version=&#8221;4.18.0&#8243; _module_preset=&#8221;default&#8221; background_image=&#8221;https:\/\/solariumoptimum.com\/qc\/wp-content\/uploads\/2022\/09\/ban_solarium_optimum-1.jpg&#8221; background_size=&#8221;initial&#8221; width=&#8221;100%&#8221; max_width=&#8221;100%&#8221; module_alignment=&#8221;center&#8221; min_height=&#8221;354.2px&#8221; min_height_tablet=&#8221;211.7px&#8221; min_height_phone=&#8221;223.3px&#8221; min_height_last_edited=&#8221;on|phone&#8221; height_tablet=&#8221;&#8221; height_phone=&#8221;auto&#8221; height_last_edited=&#8221;on|tablet&#8221; custom_margin=&#8221;3%|0px|0px|0px|false|false&#8221; custom_margin_tablet=&#8221;8%||0px|0px|false|false&#8221; custom_margin_phone=&#8221;12%||0px|0px|false|false&#8221; custom_margin_last_edited=&#8221;on|phone&#8221; custom_padding=&#8221;0px|0px|0px|0px|false|false&#8221; custom_padding_tablet=&#8221;0px|0px|0px|0px|false|false&#8221; custom_padding_phone=&#8221;0px|0px|0px|0px|false|false&#8221; scroll_fade=&#8221;0|51|51|100|100%|100|100&#8243; background_last_edited=&#8221;on|tablet&#8221; background_image_tablet=&#8221;https:\/\/solariumoptimum.com\/qc\/wp-content\/uploads\/2022\/09\/ban_mob_solarium_optimum-1.jpg&#8221; background_enable_image_tablet=&#8221;on&#8221; parallax_method_tablet=&#8221;off&#8221; module_alignment_tablet=&#8221;center&#8221; module_alignment_phone=&#8221;center&#8221; module_alignment_last_edited=&#8221;on|desktop&#8221; border_width_top=&#8221;2px&#8221; border_color_top=&#8221;#182859&#8243; border_width_bottom=&#8221;5px&#8221; border_color_bottom=&#8221;#182859&#8243; global_colors_info=&#8221;{}&#8221;][et_pb_row _builder_version=&#8221;4.18.0&#8243; _module_preset=&#8221;default&#8221; min_height=&#8221;184.9px&#8221; custom_margin_tablet=&#8221;&#8221; custom_margin_phone=&#8221;-12%||||false|false&#8221; custom_margin_last_edited=&#8221;on|phone&#8221; custom_padding=&#8221;||1px|||&#8221; global_colors_info=&#8221;{}&#8221;][et_pb_column type=&#8221;4_4&#8243; _builder_version=&#8221;4.18.0&#8243; _module_preset=&#8221;default&#8221; global_colors_info=&#8221;{}&#8221;][et_pb_image src=&#8221;https:\/\/solariumoptimum.com\/qc\/wp-content\/uploads\/2022\/08\/logo_solarium_optimum.jpg&#8221; alt=&#8221;Logo Solarium Optimum&#8221; title_text=&#8221;logo_solarium_optimum&#8221; align=&#8221;center&#8221; _builder_version=&#8221;4.18.0&#8243; _module_preset=&#8221;default&#8221; width_tablet=&#8221;30%&#8221; width_phone=&#8221;40%&#8221; width_last_edited=&#8221;on|phone&#8221; max_width_tablet=&#8221;30%&#8221; max_width_phone=&#8221;40%&#8221; max_width_last_edited=&#8221;on|phone&#8221; module_alignment=&#8221;center&#8221; min_height=&#8221;75%&#8221; min_height_tablet=&#8221;auto&#8221; min_height_phone=&#8221;&#8221; min_height_last_edited=&#8221;on|tablet&#8221; height=&#8221;100%&#8221; height_tablet=&#8221;&#8221; height_phone=&#8221;auto&#8221; height_last_edited=&#8221;on|phone&#8221; max_height_tablet=&#8221;&#8221; max_height_phone=&#8221;&#8221; max_height_last_edited=&#8221;on|tablet&#8221; custom_margin=&#8221;-7%||||false|false&#8221; custom_margin_tablet=&#8221;-12%||||false|false&#8221; custom_margin_phone=&#8221;-10%|0px|0px||false|false&#8221; custom_margin_last_edited=&#8221;on|tablet&#8221; custom_padding=&#8221;|0px|0px||false|false&#8221; global_colors_info=&#8221;{}&#8221;][\/et_pb_image][\/et_pb_column][\/et_pb_row][et_pb_row use_custom_gutter=&#8221;on&#8221; _builder_version=&#8221;4.18.0&#8243; _module_preset=&#8221;default&#8221; width=&#8221;100%&#8221; width_tablet=&#8221;100%&#8221; width_phone=&#8221;100%&#8221; width_last_edited=&#8221;on|tablet&#8221; module_alignment=&#8221;center&#8221; custom_margin=&#8221;-66px|0px|4px|0px|false|false&#8221; custom_padding=&#8221;32px|0px|1px|0px|false|false&#8221; global_colors_info=&#8221;{}&#8221;][et_pb_column type=&#8221;4_4&#8243; _builder_version=&#8221;4.18.0&#8243; _module_preset=&#8221;default&#8221; global_colors_info=&#8221;{}&#8221;][et_pb_text content_tablet=&#8221;<\/p>\n<h1 style=%22text-align: center;%22><span style=%22color: #ffffff; font-size: xx-large;%22><strong>Maintenance products <\/strong><\/span><\/h1>\n<p>&#8221; content_phone=&#8221;<\/p>\n<h1 style=%22text-align: center;%22><span style=%22color: #ffffff; font-size: x-large;%22><strong>Maintenance products <\/strong><\/span><\/h1>\n<p>&#8221; content_last_edited=&#8221;on|phone&#8221; _builder_version=&#8221;4.18.0&#8243; _module_preset=&#8221;default&#8221; module_alignment=&#8221;center&#8221; custom_margin=&#8221;6.7%||1%||false|false&#8221; custom_padding=&#8221;0px|0px|0px|0px|false|false&#8221; animation_style=&#8221;slide&#8221; animation_delay=&#8221;700ms&#8221; text_font_size_tablet=&#8221;9px&#8221; text_font_size_phone=&#8221;1px&#8221; text_font_size_last_edited=&#8221;on|tablet&#8221; text_text_shadow_style=&#8221;preset3&#8243; global_colors_info=&#8221;{}&#8221;]<\/p>\n<p style=\"text-align: center;\"><span style=\"color: #ffffff; font-size: 62px;\"><strong>Maintenance products\u00a0<\/strong><\/span><\/p>\n<p>[\/et_pb_text][et_pb_text content_tablet=&#8221;<\/p>\n<p style=%22text-align: center;%22>exclusive to SOLARIUM Optimum!<\/p>\n<p>&#8221; content_phone=&#8221;<\/p>\n<p style=%22text-align: center;%22>exclusive to SOLARIUM Optimum!<\/p>\n<p>&#8221; content_last_edited=&#8221;on|phone&#8221; _builder_version=&#8221;4.18.0&#8243; _module_preset=&#8221;default&#8221; text_font=&#8221;|600|||||||&#8221; text_text_color=&#8221;#FFFFFF&#8221; text_font_size=&#8221;24px&#8221; custom_margin=&#8221;0px||32px|||&#8221; animation_style=&#8221;fade&#8221; animation_delay=&#8221;1450ms&#8221; text_font_size_tablet=&#8221;19px&#8221; text_font_size_phone=&#8221;15px&#8221; text_font_size_last_edited=&#8221;on|phone&#8221; text_text_shadow_style=&#8221;preset3&#8243; global_colors_info=&#8221;{}&#8221;]<\/p>\n<h4 style=\"text-align: center;\"><span style=\"font-size: x-large;\">exclusive to SOLARIUM Optimum!<\/span><\/h4>\n<p>[\/et_pb_text][\/et_pb_column][\/et_pb_row][\/et_pb_section][et_pb_section fb_built=&#8221;1&#8243; _builder_version=&#8221;4.18.0&#8243; _module_preset=&#8221;default&#8221; custom_padding=&#8221;27px||8px|||&#8221; border_color_all=&#8221;#B81010&#8243; border_color_bottom=&#8221;RGBA(255,255,255,0)&#8221; global_colors_info=&#8221;{}&#8221;][et_pb_row use_custom_gutter=&#8221;on&#8221; _builder_version=&#8221;4.18.0&#8243; _module_preset=&#8221;default&#8221; width=&#8221;100%&#8221; global_colors_info=&#8221;{}&#8221;][et_pb_column type=&#8221;4_4&#8243; _builder_version=&#8221;4.18.0&#8243; _module_preset=&#8221;default&#8221; global_colors_info=&#8221;{}&#8221;][et_pb_text _builder_version=&#8221;4.18.0&#8243; _module_preset=&#8221;default&#8221; global_colors_info=&#8221;{}&#8221;]<\/p>\n<h1 class=\"sol-postheader\" style=\"text-align: center;\"><span style=\"color: #182859;\"><strong>Protect your investment with our maintenance products<\/strong><\/span><\/h1>\n<h2 class=\"sol-postheader\" style=\"text-align: center;\"><span style=\"color: #182859; font-size: xx-large;\"><strong> Opti<span style=\"color: #9e9280;\">VISION<\/span> and Opti<span style=\"color: #9e9280;\">LUB <\/span>!<\/strong><\/span><\/h2>\n<p>[\/et_pb_text][et_pb_text _builder_version=&#8221;4.18.0&#8243; _module_preset=&#8221;default&#8221; global_colors_info=&#8221;{}&#8221;]<\/p>\n<h3 style=\"text-align: center;\"><span style=\"color: #003366;\">Maintenance products designed specifically for your solarium,<br \/><\/span> <span style=\"color: #003366;\">but also useful for the maintenance of your home, vehicles etc.<\/span><\/h3>\n<p>[\/et_pb_text][\/et_pb_column][\/et_pb_row][\/et_pb_section][et_pb_section fb_built=&#8221;1&#8243; _builder_version=&#8221;4.18.0&#8243; _module_preset=&#8221;default&#8221; custom_margin=&#8221;0.5%|2%|0%|2%|false|false&#8221; custom_padding=&#8221;2%||7%||false|false&#8221; border_color_all=&#8221;RGBA(255,255,255,0)&#8221; global_colors_info=&#8221;{}&#8221;][et_pb_row column_structure=&#8221;1_2,1_2&#8243; use_custom_gutter=&#8221;on&#8221; gutter_width=&#8221;1&#8243; _builder_version=&#8221;4.18.0&#8243; _module_preset=&#8221;default&#8221; width=&#8221;100%&#8221; max_width=&#8221;100%&#8221; custom_margin=&#8221;-15px|auto|0px|auto|false|false&#8221; custom_padding=&#8221;0px|8%|0px|8%|false|false&#8221; global_colors_info=&#8221;{}&#8221;][et_pb_column type=&#8221;1_2&#8243; _builder_version=&#8221;4.18.0&#8243; _module_preset=&#8221;default&#8221; global_colors_info=&#8221;{}&#8221;][et_pb_text _builder_version=&#8221;4.18.0&#8243; _module_preset=&#8221;default&#8221; text_font=&#8221;Raleway||||||||&#8221; text_text_color=&#8221;#182859&#8243; custom_margin_tablet=&#8221;&#8221; custom_margin_phone=&#8221;&#8221; custom_margin_last_edited=&#8221;on|phone&#8221; custom_padding=&#8221;|6%||0%|false|false&#8221; custom_padding_tablet=&#8221;3%|0.2%||0%|false|false&#8221; custom_padding_phone=&#8221;5%||||false|false&#8221; custom_padding_last_edited=&#8221;on|phone&#8221; hover_enabled=&#8221;0&#8243; global_colors_info=&#8221;{}&#8221; sticky_enabled=&#8221;0&#8243;]<\/p>\n<p>&nbsp;<\/p>\n<h2><strong><\/strong><span style=\"color: #182859;\"><strong>Opti<span style=\"color: #9e9280;\">VISION<\/span><\/strong> Cleaner<\/span><\/h2>\n<p>&nbsp;<\/p>\n<p style=\"text-align: justify;\">It cleans and shines elastomer and glass. OptiVISION cleaner also cleans PVC, aluminum, ceramics, windows, mirrors, windshields and more. Moreover, it leaves no residue, wiping is fast, non streaking and it leaves a fresh fragrance. Furthermore, this product is free of the ammonia that is harmful to elastomer or polymer.<\/p>\n<p style=\"text-align: justify;\">Light and regular maintenance will increase the life of your 3-season solarium.<\/p>\n<p>&nbsp;<\/p>\n<h2><strong><\/strong><span style=\"color: #182859;\"><strong>Opti<span style=\"color: #9e9280;\">LUB<\/span><\/strong> Lubricant<\/span><\/h2>\n<p>&nbsp;<\/p>\n<p style=\"text-align: justify;\">Not only will OptiLUB lubricant extend their service life, it will also maintain the optimal functioning proper functioning of your solarium shades, doors, windows and retractable screen.<\/p>\n<p style=\"text-align: justify;\">Besides, it eliminates the sticking of drawers, windows, doors, <a href=\"https:\/\/solariumoptimum.com\/qc\/en-ca\/options\/#moustiquaire_retractable\" title=\"retractable mosquito nets\">retractable screen<\/a>, zippers, locks, etc. As it also eliminates, the squeaking of hinges, locks, springs, etc. Not to mention that it delays corrosion and protects battery terminals and tools, helping to prevent the accumulation of grass, dirt and mud on mowers, as well as the accumulation of snow on shovels.<\/p>\n<h5 style=\"text-align: justify;\"><strong><span style=\"color: #003366;\">Dries quickly, leaves no greasy or oily film, resistant to water, oil or solvents. <\/span><\/strong><\/h5>\n<p style=\"text-align: justify;\">It is thermostable. It will not freeze or melt.<\/p>\n<h4 style=\"text-align: justify;\"><span style=\"font-size: large; color: #182859;\"><strong>Automotive lubricant:<\/strong><\/span><\/h4>\n<p style=\"text-align: justify;\">Lubricates the window channels, doors, weather stripping, trunk seals, undercarriage, rubber mounting, as well as emergency brakes, pedal shafts, car seat adjustment mechanisms. But still, it eliminates squeaks from fan belts and prevents battery terminals from corrosion. Waterproofs the ignition system, as well as hinges, springs and casters.<\/p>\n<p>[\/et_pb_text][\/et_pb_column][et_pb_column type=&#8221;1_2&#8243; _builder_version=&#8221;4.18.0&#8243; _module_preset=&#8221;default&#8221; global_colors_info=&#8221;{}&#8221;][et_pb_image src=&#8221;https:\/\/solariumoptimum.com\/qc\/wp-content\/uploads\/2022\/09\/entretien_solarium.jpg&#8221; alt=&#8221;Cleaning products for solarium&#8221; title_text=&#8221;entretien_solarium&#8221; _builder_version=&#8221;4.18.0&#8243; _module_preset=&#8221;default&#8221; custom_margin=&#8221;-4px|||||&#8221; animation_style=&#8221;fade&#8221; animation_duration=&#8221;1650ms&#8221; border_color_all=&#8221;#182859&#8243; global_colors_info=&#8221;{}&#8221;][\/et_pb_image][\/et_pb_column][\/et_pb_row][\/et_pb_section]<\/p>\n","protected":false},"excerpt":{"rendered":"<p>Maintenance products\u00a0exclusive to SOLARIUM Optimum!Protect your investment with our maintenance products OptiVISION and OptiLUB !Maintenance products designed specifically for your solarium, but also useful for the maintenance of your home, vehicles etc.&nbsp; OptiVISION Cleaner &nbsp; It cleans and shines elastomer and glass. OptiVISION cleaner also cleans PVC, aluminum, ceramics, windows, mirrors, windshields and more. Moreover, [&hellip;]<\/p>\n","protected":false},"author":1,"featured_media":0,"parent":0,"menu_order":0,"comment_status":"closed","ping_status":"closed","template":"","meta":{"_et_pb_use_builder":"on","_et_pb_old_content":"","_et_gb_content_width":"","content-type":"","footnotes":""},"class_list":["post-2065","page","type-page","status-publish","hentry"],"yoast_head":"<!-- This site is optimized with the Yoast SEO plugin v27.4 - https:\/\/yoast.com\/product\/yoast-seo-wordpress\/ -->\n<title>Maintenance products for Solarium - SOLARIUM Optimum Inc<\/title>\n<meta name=\"description\" content=\"Maintenance products designed specifically for your solarium! Protect your investment with OptiVISION and OptiLUB products!\" \/>\n<meta name=\"robots\" content=\"index, follow, max-snippet:-1, max-image-preview:large, max-video-preview:-1\" \/>\n<link rel=\"canonical\" href=\"https:\/\/solariumoptimum.com\/qc\/en-ca\/maintenance-products\/\" \/>\n<meta property=\"og:locale\" content=\"en_US\" \/>\n<meta property=\"og:type\" content=\"article\" \/>\n<meta property=\"og:title\" content=\"Maintenance products for Solarium - SOLARIUM Optimum Inc\" \/>\n<meta property=\"og:description\" content=\"Maintenance products designed specifically for your solarium! Protect your investment with OptiVISION and OptiLUB products!\" \/>\n<meta property=\"og:url\" content=\"https:\/\/solariumoptimum.com\/qc\/en-ca\/maintenance-products\/\" \/>\n<meta property=\"og:site_name\" content=\"SOLARIUM Optimum Inc\" \/>\n<meta property=\"article:publisher\" content=\"https:\/\/www.facebook.com\/solariumoptimum\" \/>\n<meta property=\"article:modified_time\" content=\"2022-11-10T20:35:07+00:00\" \/>\n<meta name=\"twitter:card\" content=\"summary_large_image\" \/>\n<meta name=\"twitter:site\" content=\"@SolariumOptimum\" \/>\n<meta name=\"twitter:label1\" content=\"Est. reading time\" \/>\n\t<meta name=\"twitter:data1\" content=\"3 minutes\" \/>\n<script type=\"application\/ld+json\" class=\"yoast-schema-graph\">{\"@context\":\"https:\\\/\\\/schema.org\",\"@graph\":[{\"@type\":\"WebPage\",\"@id\":\"https:\\\/\\\/solariumoptimum.com\\\/qc\\\/en-ca\\\/maintenance-products\\\/\",\"url\":\"https:\\\/\\\/solariumoptimum.com\\\/qc\\\/en-ca\\\/maintenance-products\\\/\",\"name\":\"Maintenance products for Solarium - SOLARIUM Optimum Inc\",\"isPartOf\":{\"@id\":\"https:\\\/\\\/solariumoptimum.com\\\/qc\\\/en-ca\\\/#website\"},\"datePublished\":\"2022-09-06T20:30:55+00:00\",\"dateModified\":\"2022-11-10T20:35:07+00:00\",\"description\":\"Maintenance products designed specifically for your solarium! Protect your investment with OptiVISION and OptiLUB products!\",\"breadcrumb\":{\"@id\":\"https:\\\/\\\/solariumoptimum.com\\\/qc\\\/en-ca\\\/maintenance-products\\\/#breadcrumb\"},\"inLanguage\":\"en-CA\",\"potentialAction\":[{\"@type\":\"ReadAction\",\"target\":[\"https:\\\/\\\/solariumoptimum.com\\\/qc\\\/en-ca\\\/maintenance-products\\\/\"]}]},{\"@type\":\"BreadcrumbList\",\"@id\":\"https:\\\/\\\/solariumoptimum.com\\\/qc\\\/en-ca\\\/maintenance-products\\\/#breadcrumb\",\"itemListElement\":[{\"@type\":\"ListItem\",\"position\":1,\"name\":\"Accueil\",\"item\":\"https:\\\/\\\/solariumoptimum.com\\\/qc\\\/en-ca\\\/\"},{\"@type\":\"ListItem\",\"position\":2,\"name\":\"Maintenance products\"}]},{\"@type\":\"WebSite\",\"@id\":\"https:\\\/\\\/solariumoptimum.com\\\/qc\\\/en-ca\\\/#website\",\"url\":\"https:\\\/\\\/solariumoptimum.com\\\/qc\\\/en-ca\\\/\",\"name\":\"SOLARIUM Optimum Inc\",\"description\":\"SOLARIUM Optimum,  Une gamme d&#039;abris sur mesure, tel que, solarium 3 saisons, d&#039;auvents permanents et abris d&#039;auto avec toit en verre garanti \u00e0 vie, fen\u00eatres de v\u00e9randa et plus encore !  Des produits de qualit\u00e9, fabriqu\u00e9s au Qu\u00e9bec et simple \u00e0 installer!\",\"publisher\":{\"@id\":\"https:\\\/\\\/solariumoptimum.com\\\/qc\\\/en-ca\\\/#organization\"},\"alternateName\":\"SOLARIUM Optimum\",\"potentialAction\":[{\"@type\":\"SearchAction\",\"target\":{\"@type\":\"EntryPoint\",\"urlTemplate\":\"https:\\\/\\\/solariumoptimum.com\\\/qc\\\/en-ca\\\/?s={search_term_string}\"},\"query-input\":{\"@type\":\"PropertyValueSpecification\",\"valueRequired\":true,\"valueName\":\"search_term_string\"}}],\"inLanguage\":\"en-CA\"},{\"@type\":\"Organization\",\"@id\":\"https:\\\/\\\/solariumoptimum.com\\\/qc\\\/en-ca\\\/#organization\",\"name\":\"SOLARIUM Optimum Inc\",\"alternateName\":\"SOLARIUM Optimum\",\"url\":\"https:\\\/\\\/solariumoptimum.com\\\/qc\\\/en-ca\\\/\",\"logo\":{\"@type\":\"ImageObject\",\"inLanguage\":\"en-CA\",\"@id\":\"https:\\\/\\\/solariumoptimum.com\\\/qc\\\/en-ca\\\/#\\\/schema\\\/logo\\\/image\\\/\",\"url\":\"https:\\\/\\\/solariumoptimum.com\\\/qc\\\/wp-content\\\/uploads\\\/2022\\\/08\\\/cropped-logo_solarium_optimum.jpg\",\"contentUrl\":\"https:\\\/\\\/solariumoptimum.com\\\/qc\\\/wp-content\\\/uploads\\\/2022\\\/08\\\/cropped-logo_solarium_optimum.jpg\",\"width\":512,\"height\":512,\"caption\":\"SOLARIUM Optimum Inc\"},\"image\":{\"@id\":\"https:\\\/\\\/solariumoptimum.com\\\/qc\\\/en-ca\\\/#\\\/schema\\\/logo\\\/image\\\/\"},\"sameAs\":[\"https:\\\/\\\/www.facebook.com\\\/solariumoptimum\",\"https:\\\/\\\/x.com\\\/SolariumOptimum\",\"https:\\\/\\\/www.linkedin.com\\\/company\\\/solarium-optimum\",\"https:\\\/\\\/www.instagram.com\\\/solariumoptimum\\\/\"]}]}<\/script>\n<!-- \/ Yoast SEO plugin. -->","yoast_head_json":{"title":"Maintenance products for Solarium - SOLARIUM Optimum Inc","description":"Maintenance products designed specifically for your solarium! Protect your investment with OptiVISION and OptiLUB products!","robots":{"index":"index","follow":"follow","max-snippet":"max-snippet:-1","max-image-preview":"max-image-preview:large","max-video-preview":"max-video-preview:-1"},"canonical":"https:\/\/solariumoptimum.com\/qc\/en-ca\/maintenance-products\/","og_locale":"en_US","og_type":"article","og_title":"Maintenance products for Solarium - SOLARIUM Optimum Inc","og_description":"Maintenance products designed specifically for your solarium! Protect your investment with OptiVISION and OptiLUB products!","og_url":"https:\/\/solariumoptimum.com\/qc\/en-ca\/maintenance-products\/","og_site_name":"SOLARIUM Optimum Inc","article_publisher":"https:\/\/www.facebook.com\/solariumoptimum","article_modified_time":"2022-11-10T20:35:07+00:00","twitter_card":"summary_large_image","twitter_site":"@SolariumOptimum","twitter_misc":{"Est. reading time":"3 minutes"},"schema":{"@context":"https:\/\/schema.org","@graph":[{"@type":"WebPage","@id":"https:\/\/solariumoptimum.com\/qc\/en-ca\/maintenance-products\/","url":"https:\/\/solariumoptimum.com\/qc\/en-ca\/maintenance-products\/","name":"Maintenance products for Solarium - SOLARIUM Optimum Inc","isPartOf":{"@id":"https:\/\/solariumoptimum.com\/qc\/en-ca\/#website"},"datePublished":"2022-09-06T20:30:55+00:00","dateModified":"2022-11-10T20:35:07+00:00","description":"Maintenance products designed specifically for your solarium! Protect your investment with OptiVISION and OptiLUB products!","breadcrumb":{"@id":"https:\/\/solariumoptimum.com\/qc\/en-ca\/maintenance-products\/#breadcrumb"},"inLanguage":"en-CA","potentialAction":[{"@type":"ReadAction","target":["https:\/\/solariumoptimum.com\/qc\/en-ca\/maintenance-products\/"]}]},{"@type":"BreadcrumbList","@id":"https:\/\/solariumoptimum.com\/qc\/en-ca\/maintenance-products\/#breadcrumb","itemListElement":[{"@type":"ListItem","position":1,"name":"Accueil","item":"https:\/\/solariumoptimum.com\/qc\/en-ca\/"},{"@type":"ListItem","position":2,"name":"Maintenance products"}]},{"@type":"WebSite","@id":"https:\/\/solariumoptimum.com\/qc\/en-ca\/#website","url":"https:\/\/solariumoptimum.com\/qc\/en-ca\/","name":"SOLARIUM Optimum Inc","description":"SOLARIUM Optimum,  Une gamme d&#039;abris sur mesure, tel que, solarium 3 saisons, d&#039;auvents permanents et abris d&#039;auto avec toit en verre garanti \u00e0 vie, fen\u00eatres de v\u00e9randa et plus encore !  Des produits de qualit\u00e9, fabriqu\u00e9s au Qu\u00e9bec et simple \u00e0 installer!","publisher":{"@id":"https:\/\/solariumoptimum.com\/qc\/en-ca\/#organization"},"alternateName":"SOLARIUM Optimum","potentialAction":[{"@type":"SearchAction","target":{"@type":"EntryPoint","urlTemplate":"https:\/\/solariumoptimum.com\/qc\/en-ca\/?s={search_term_string}"},"query-input":{"@type":"PropertyValueSpecification","valueRequired":true,"valueName":"search_term_string"}}],"inLanguage":"en-CA"},{"@type":"Organization","@id":"https:\/\/solariumoptimum.com\/qc\/en-ca\/#organization","name":"SOLARIUM Optimum Inc","alternateName":"SOLARIUM Optimum","url":"https:\/\/solariumoptimum.com\/qc\/en-ca\/","logo":{"@type":"ImageObject","inLanguage":"en-CA","@id":"https:\/\/solariumoptimum.com\/qc\/en-ca\/#\/schema\/logo\/image\/","url":"https:\/\/solariumoptimum.com\/qc\/wp-content\/uploads\/2022\/08\/cropped-logo_solarium_optimum.jpg","contentUrl":"https:\/\/solariumoptimum.com\/qc\/wp-content\/uploads\/2022\/08\/cropped-logo_solarium_optimum.jpg","width":512,"height":512,"caption":"SOLARIUM Optimum Inc"},"image":{"@id":"https:\/\/solariumoptimum.com\/qc\/en-ca\/#\/schema\/logo\/image\/"},"sameAs":["https:\/\/www.facebook.com\/solariumoptimum","https:\/\/x.com\/SolariumOptimum","https:\/\/www.linkedin.com\/company\/solarium-optimum","https:\/\/www.instagram.com\/solariumoptimum\/"]}]}},"_links":{"self":[{"href":"https:\/\/solariumoptimum.com\/qc\/en-ca\/wp-json\/wp\/v2\/pages\/2065","targetHints":{"allow":["GET"]}}],"collection":[{"href":"https:\/\/solariumoptimum.com\/qc\/en-ca\/wp-json\/wp\/v2\/pages"}],"about":[{"href":"https:\/\/solariumoptimum.com\/qc\/en-ca\/wp-json\/wp\/v2\/types\/page"}],"author":[{"embeddable":true,"href":"https:\/\/solariumoptimum.com\/qc\/en-ca\/wp-json\/wp\/v2\/users\/1"}],"replies":[{"embeddable":true,"href":"https:\/\/solariumoptimum.com\/qc\/en-ca\/wp-json\/wp\/v2\/comments?post=2065"}],"version-history":[{"count":8,"href":"https:\/\/solariumoptimum.com\/qc\/en-ca\/wp-json\/wp\/v2\/pages\/2065\/revisions"}],"predecessor-version":[{"id":3137,"href":"https:\/\/solariumoptimum.com\/qc\/en-ca\/wp-json\/wp\/v2\/pages\/2065\/revisions\/3137"}],"wp:attachment":[{"href":"https:\/\/solariumoptimum.com\/qc\/en-ca\/wp-json\/wp\/v2\/media?parent=2065"}],"curies":[{"name":"wp","href":"https:\/\/api.w.org\/{rel}","templated":true}]}}