{"id":2072,"date":"2022-09-06T16:34:10","date_gmt":"2022-09-06T20:34:10","guid":{"rendered":"https:\/\/solariumoptimum.com\/qc\/promotions\/"},"modified":"2026-03-30T14:41:51","modified_gmt":"2026-03-30T18:41:51","slug":"promotions","status":"publish","type":"page","link":"https:\/\/solariumoptimum.com\/qc\/en-ca\/promotions\/","title":{"rendered":"Promotions"},"content":{"rendered":"<p>[et_pb_section fb_built=&#8221;1&#8243; _builder_version=&#8221;4.27.6&#8243; _module_preset=&#8221;default&#8221; custom_margin=&#8221;0px|0px|0px|0px|false|false&#8221; custom_padding=&#8221;0px|0px|0px|0px|false|false&#8221; global_colors_info=&#8221;{}&#8221;][et_pb_row _builder_version=&#8221;4.27.6&#8243; _module_preset=&#8221;default&#8221; width=&#8221;100%&#8221; max_width=&#8221;100%&#8221; custom_margin=&#8221;0px|0px|0px|0px|false|false&#8221; custom_padding=&#8221;0px|0px|0px|0px|false|false&#8221; global_colors_info=&#8221;{}&#8221;][et_pb_column type=&#8221;4_4&#8243; _builder_version=&#8221;4.27.6&#8243; _module_preset=&#8221;default&#8221; global_colors_info=&#8221;{}&#8221;][et_pb_image src=&#8221;https:\/\/solariumoptimum.com\/qc\/wp-content\/uploads\/2026\/03\/SOP_Meta_Concours_1920x700_Mars026-EN.jpeg&#8221; alt=&#8221;Contest win your SOLARIUM !&#8221; title_text=&#8221;SOP_Meta_Concours_1080x1200-EN&#8221; url=&#8221;#form&#8221; src_tablet=&#8221;https:\/\/solariumoptimum.com\/qc\/wp-content\/uploads\/2026\/03\/SOP_Meta_Concours_1920x700_Mars026-EN.jpeg&#8221; src_phone=&#8221;https:\/\/solariumoptimum.com\/qc\/wp-content\/uploads\/2026\/03\/SOP_Meta_Concours_1080x1200-EN.jpeg&#8221; src_last_edited=&#8221;on|phone&#8221; module_id=&#8221;form&#8221; _builder_version=&#8221;4.27.6&#8243; _module_preset=&#8221;default&#8221; width=&#8221;100%&#8221; max_width=&#8221;100%&#8221; global_colors_info=&#8221;{}&#8221;][\/et_pb_image][\/et_pb_column][\/et_pb_row][\/et_pb_section][et_pb_section fb_built=&#8221;1&#8243; _builder_version=&#8221;4.18.0&#8243; _module_preset=&#8221;default&#8221; custom_padding=&#8221;3px|||||&#8221; locked=&#8221;off&#8221; global_colors_info=&#8221;{}&#8221;][et_pb_row column_structure=&#8221;1_2,1_2&#8243; use_custom_gutter=&#8221;on&#8221; gutter_width=&#8221;2&#8243; _builder_version=&#8221;4.18.0&#8243; _module_preset=&#8221;default&#8221; width=&#8221;85%&#8221; max_width=&#8221;85%&#8221; custom_padding=&#8221;6px|||||&#8221; locked=&#8221;off&#8221; global_colors_info=&#8221;{}&#8221;][et_pb_column type=&#8221;1_2&#8243; _builder_version=&#8221;4.18.0&#8243; _module_preset=&#8221;default&#8221; custom_padding_tablet=&#8221;|||4%|false|false&#8221; custom_padding_phone=&#8221;|||4%|false|false&#8221; custom_padding_last_edited=&#8221;on|tablet&#8221; border_width_top=&#8221;3px&#8221; border_color_top=&#8221;#B2A798&#8243; global_colors_info=&#8221;{}&#8221;][et_pb_button button_url=&#8221;https:\/\/solariumoptimum.com\/qc\/wow\/&#8221; button_text=&#8221;Fran\u00e7ais&#8221; button_alignment=&#8221;right&#8221; _builder_version=&#8221;4.27.4&#8243; _module_preset=&#8221;default&#8221; custom_button=&#8221;on&#8221; button_text_color=&#8221;#FFFFFF&#8221; button_bg_color=&#8221;#182859&#8243; button_use_icon=&#8221;off&#8221; custom_padding=&#8221;0px|19px|0px||false|false&#8221; global_colors_info=&#8221;{}&#8221; button_text_color__hover_enabled=&#8221;on|hover&#8221; button_bg_color__hover_enabled=&#8221;on|hover&#8221; button_bg_color__hover=&#8221;#B2A798&#8243; button_bg_enable_color__hover=&#8221;on&#8221; button_text_color__hover=&#8221;#FFFFFF&#8221;][\/et_pb_button][et_pb_text _builder_version=&#8221;4.27.6&#8243; _module_preset=&#8221;default&#8221; header_2_font=&#8221;|800|||||||&#8221; header_2_text_color=&#8221;#182859&#8243; header_2_font_size=&#8221;45px&#8221; hover_enabled=&#8221;0&#8243; global_colors_info=&#8221;{}&#8221; content_last_edited=&#8221;on|tablet&#8221; sticky_enabled=&#8221;0&#8243; header_font_size=&#8221;24px&#8221; header_2_font_size_last_edited=&#8221;on|desktop&#8221; header_2_font_size_phone=&#8221;31px&#8221; header_2_font_size_tablet=&#8221;35px&#8221; content_tablet=&#8221;<\/p>\n<h2>Contest : Win your SOLARIUM!<\/h2>\n<p>&#8221; content_phone=&#8221;<\/p>\n<h2>Contest : Win your SOLARIUM!<\/h2>\n<p>&#8220;]<\/p>\n<h2>Contest : Win your SOLARIUM!<\/h2>\n<p>[\/et_pb_text][et_pb_text _builder_version=&#8221;4.27.6&#8243; _module_preset=&#8221;default&#8221; header_4_font_size=&#8221;19px&#8221; header_4_line_height=&#8221;1.5em&#8221; hover_enabled=&#8221;0&#8243; global_colors_info=&#8221;{}&#8221; sticky_enabled=&#8221;0&#8243; content_last_edited=&#8221;on|phone&#8221; content_tablet=&#8221;<\/p>\n<div class=%22et_pb_module et_pb_text et_pb_text_3  et_pb_text_align_left et_pb_bg_layout_light%22>\n<h4 class=%22et_pb_text_inner%22><span><span style=%22color: #00ccff;%22><b>January 5th to october 31th, 2026<br \/><\/b><\/span><strong>Purchase a 3-season solarium, awning, carport, or veranda and\u2026 Get a chance to WIN your purchase up to $20,000!<\/strong><\/span><\/h4>\n<p><span><strong><\/strong><\/span><\/p>\n<p><span><strong><\/strong><\/span><\/p>\n<h3 class=%22et_pb_text_inner%22><strong>Yes, you read that right \u2013 $20,000!<\/strong><\/h3>\n<\/div>\n<p>&#8221; content_phone=&#8221;<\/p>\n<div class=%22et_pb_module et_pb_text et_pb_text_3  et_pb_text_align_left et_pb_bg_layout_light%22>\n<h4 class=%22et_pb_text_inner%22><span><span style=%22color: #00ccff;%22><b>January 5th to october 31th, 2026<br \/><\/b><\/span><strong>Purchase a 3-season solarium, awning, carport, or veranda and\u2026 Get a chance to WIN your purchase up to $20,000!<\/strong><\/span><\/h4>\n<p><span><strong><\/strong><\/span><\/p>\n<p><span><strong><\/strong><\/span><\/p>\n<h3 class=%22et_pb_text_inner%22><strong>Yes, you read that right \u2013 $20,000!<\/strong><\/h3>\n<\/div>\n<p>&#8220;]<\/p>\n<div class=\"et_pb_module et_pb_text et_pb_text_3  et_pb_text_align_left et_pb_bg_layout_light\">\n<h4 class=\"et_pb_text_inner\"><span><span style=\"color: #00ccff;\"><b>January 5th to october 31th, 2026<br \/>\n<\/b><\/span><strong>Purchase a 3-season solarium, awning, carport, or veranda and\u2026 Get a chance to WIN your purchase up to $20,000!<\/strong><\/span><\/h4>\n<p><span><strong><\/strong><\/span><\/p>\n<p><span><strong><\/strong><\/span><\/p>\n<h3 class=\"et_pb_text_inner\"><strong>Yes, you read that right \u2013 $20,000!<\/strong><\/h3>\n<\/div>\n<p>[\/et_pb_text][et_pb_text module_id=&#8221;form&#8221; _builder_version=&#8221;4.27.6&#8243; _module_preset=&#8221;default&#8221; header_4_font_size=&#8221;19px&#8221; header_4_line_height=&#8221;1.5em&#8221; background_color=&#8221;#FFFFFF&#8221; hover_enabled=&#8221;0&#8243; global_colors_info=&#8221;{}&#8221; sticky_enabled=&#8221;0&#8243;]<\/p>\n<div class=\"et_pb_module et_pb_text et_pb_text_3  et_pb_text_align_left et_pb_bg_layout_light\">\n<h3 class=\"et_pb_text_inner\"><\/h3>\n<\/div>\n<div class=\"et_pb_module et_pb_text et_pb_text_4  et_pb_text_align_left et_pb_bg_layout_light\">\n<div class=\"et_pb_text_inner\">\n<div class=\"\" data-block=\"true\" data-editor=\"5os8e\" data-offset-key=\"eoo87-0-0\">\n<h4 data-offset-key=\"eoo87-0-0\" class=\"_1mf _1mj\"><span style=\"font-size: large;\"><strong>Don\u2019t miss out!<\/strong><\/span><br \/><span style=\"font-size: large;\"><strong>You have<span style=\"color: #00ccff;\">\u00a01 chance in 100 to win\u00a0your purchase!<\/span><\/strong><\/span><\/h4>\n<p style=\"text-align: right;\"><a href=\"https:\/\/solariumoptimum.com\/qc\/en-ca\/conditions-regulations\/\" target=\"_blank\" rel=\"noopener\"><span><strong>See Conditions and rules to participate\u25b6\ufe0f\u00a0<\/strong><\/span><\/a><\/p>\n<\/div>\n<\/div>\n<\/div>\n<p>[\/et_pb_text][et_pb_text _builder_version=&#8221;4.27.6&#8243; _module_preset=&#8221;default&#8221; text_line_height=&#8221;1.3em&#8221; header_3_line_height=&#8221;1.4em&#8221; header_4_font_size=&#8221;13px&#8221; header_4_line_height=&#8221;1.5em&#8221; custom_margin=&#8221;4.2%||||false|false&#8221; custom_padding=&#8221;0px|||||&#8221; global_colors_info=&#8221;{}&#8221;]<\/p>\n<h3><strong>Don&#8217;t wait any longer!<br \/><\/strong><strong>Request your free estimate, it&#8217;s without obligation on your part!<\/strong><\/h3>\n<p>[\/et_pb_text][et_pb_text _builder_version=&#8221;4.27.4&#8243; _module_preset=&#8221;default&#8221; global_colors_info=&#8221;{}&#8221;]<\/p>\n<h2 class=\"et_pb_contact_main_title\"><strong>Request a free estimate!<\/strong><\/h2>\n<p>[\/et_pb_text][et_pb_code admin_label=&#8221;Request a free estimate&#8221; _builder_version=&#8221;4.27.4&#8243; _module_preset=&#8221;default&#8221; custom_padding=&#8221;2%||2%||false|false&#8221; global_colors_info=&#8221;{}&#8221;]<script charset=\"utf-8\" type=\"text\/javascript\" src=\"\/\/js-na3.hsforms.net\/forms\/embed\/v2.js\"><\/script><!-- [et_pb_line_break_holder] --><script><!-- [et_pb_line_break_holder] -->  hbspt.forms.create({<!-- [et_pb_line_break_holder] -->    portalId: \"341517731\",<!-- [et_pb_line_break_holder] -->    formId: \"0f78b0b7-c8cb-43ca-b457-9199900f7330\",<!-- [et_pb_line_break_holder] -->    region: \"na3\"<!-- [et_pb_line_break_holder] -->  });<!-- [et_pb_line_break_holder] --><\/script>[\/et_pb_code][\/et_pb_column][et_pb_column type=&#8221;1_2&#8243; _builder_version=&#8221;4.18.0&#8243; _module_preset=&#8221;default&#8221; global_colors_info=&#8221;{}&#8221;][et_pb_image src=&#8221;https:\/\/solariumoptimum.com\/qc\/wp-content\/uploads\/2023\/08\/Solarium-Optimum-Produit-du-Quebec.jpg&#8221; alt=&#8221;Solarium Optimum Produit of Quebec&#8221; title_text=&#8221;Solarium-Optimum-Produit-du-Quebec&#8221; _builder_version=&#8221;4.27.4&#8243; _module_preset=&#8221;default&#8221; custom_margin=&#8221;-25px||4px|||&#8221; custom_padding=&#8221;24px|||||&#8221; global_colors_info=&#8221;{}&#8221;][\/et_pb_image][et_pb_image src=&#8221;https:\/\/solariumoptimum.com\/qc\/wp-content\/uploads\/2022\/09\/modele_auvent-1.jpg&#8221; alt=&#8221;Parmi les mod\u00e8les SOLARIUM Optimum &#8211; L&#8217;Auvent SkyLOFT noir&#8221; title_text=&#8221;Auvent carpi et noir avec stores&#8221; _builder_version=&#8221;4.27.4&#8243; _module_preset=&#8221;default&#8221; custom_padding=&#8221;22px|||||&#8221; global_colors_info=&#8221;{}&#8221;][\/et_pb_image][et_pb_image src=&#8221;https:\/\/solariumoptimum.com\/qc\/wp-content\/uploads\/2025\/03\/abri-auto-carport-blanc-laval.jpg&#8221; alt=&#8221;Abri d&#8217;auto permanent &#8211; Capri&#8221; title_text=&#8221;abri-auto-carport-blanc-laval&#8221; _builder_version=&#8221;4.27.6&#8243; _module_preset=&#8221;default&#8221; custom_padding=&#8221;22px|||||&#8221; global_colors_info=&#8221;{}&#8221;][\/et_pb_image][\/et_pb_column][\/et_pb_row][et_pb_row column_structure=&#8221;1_4,1_4,1_2&#8243; use_custom_gutter=&#8221;on&#8221; gutter_width=&#8221;1&#8243; custom_padding_last_edited=&#8221;on|phone&#8221; _builder_version=&#8221;4.18.0&#8243; _module_preset=&#8221;default&#8221; width=&#8221;85%&#8221; max_width=&#8221;85%&#8221; module_alignment=&#8221;center&#8221; custom_padding=&#8221;||22px|||&#8221; custom_padding_tablet=&#8221;||22px|||&#8221; custom_padding_phone=&#8221;||22px|||&#8221; global_colors_info=&#8221;{}&#8221;][et_pb_column type=&#8221;1_4&#8243; _builder_version=&#8221;4.18.0&#8243; _module_preset=&#8221;default&#8221; custom_padding=&#8221;0px|0px|0px|4%|false|false&#8221; global_colors_info=&#8221;{}&#8221;][et_pb_text _builder_version=&#8221;4.18.0&#8243; _module_preset=&#8221;default&#8221; text_font_size=&#8221;17px&#8221; width=&#8221;100%&#8221; custom_margin=&#8221;||33px|||&#8221; custom_padding=&#8221;7px|||||&#8221; text_font_size_tablet=&#8221;17px&#8221; text_font_size_phone=&#8221;13px&#8221; text_font_size_last_edited=&#8221;on|desktop&#8221; global_colors_info=&#8221;{}&#8221;]<\/p>\n<h1><span style=\"color: #182859; font-size: x-large;\"><strong><span style=\"font-size: xx-large;\"><span style=\"color: #9e9280;\"><br \/><span style=\"color: #003366;\"><br \/><span style=\"font-size: x-large;\">SOLARIUM <\/span><\/span><span style=\"font-size: x-large;\">Optimum <\/span><\/span><span style=\"font-size: x-large;\">Inc<br \/><\/span><\/span><\/strong><\/span><span style=\"font-size: medium;\"><strong style=\"color: #182859;\"><\/strong><\/span><a href=\"https:\/\/www.google.com\/maps\/place\/1500+Rue+de+Jaffa,+Laval,+QC+H7P+4K9\/@45.6046523,-73.8090362,17z\/data=!3m1!4b1!4m5!3m4!1s0x4cc9268c0bddd9c3:0x23a2fa3f77413d7!8m2!3d45.6046486!4d-73.8068475\" target=\"_blank\" rel=\"noopener\" title=\"1500 Rue de Jaffa, Laval, Qc. H7P 4K9\"><span style=\"font-size: medium;\"><strong style=\"color: #182859;\">1500 Rue de Jaffa, Laval, Qc. H7P 4K9<\/strong><\/span><\/a><\/h1>\n<h2><span style=\"color: #182859; font-size: large;\">Contact us!<\/span><\/h2>\n<h2><span style=\"color: #182859; font-size: xx-large;\"><strong>514-878-1500<\/strong><\/span><\/h2>\n<p><span style=\"color: #182859; font-size: x-large;\"><strong><\/strong><\/span><\/p>\n<p>[\/et_pb_text][et_pb_text _builder_version=&#8221;4.18.0&#8243; _module_preset=&#8221;default&#8221; text_line_height=&#8221;1.3em&#8221; global_colors_info=&#8221;{}&#8221;]<\/p>\n<p>&nbsp;<\/p>\n<p><span style=\"font-size: large;\"><strong><span style=\"color: #182859;\">Head office<br \/><\/span><\/strong><\/span><\/p>\n<p><strong> <\/strong><\/p>\n<p><strong><\/strong> <span style=\"color: #182859;\"><span style=\"font-size: medium;\">Telephone: <\/span><\/span><strong><span style=\"color: #182859;\">450-621-2467<br \/><\/span><\/strong><\/p>\n<p><strong> <\/strong><\/p>\n<p><strong><\/strong> <span style=\"color: #182859;\"><span style=\"color: #182859; font-size: medium;\">Fax: <\/span><\/span><strong style=\"font-size: 14px;\"><span style=\"color: #182859;\">450-621-4865<\/span><\/strong><\/p>\n<p><strong> <\/strong><\/p>\n<p><strong><\/strong><\/p>\n<p>&nbsp;<\/p>\n<p>[\/et_pb_text][\/et_pb_column][et_pb_column type=&#8221;1_4&#8243; _builder_version=&#8221;4.18.0&#8243; _module_preset=&#8221;default&#8221; global_colors_info=&#8221;{}&#8221;][et_pb_blog posts_number=&#8221;1&#8243; include_categories=&#8221;72&#8243; show_thumbnail=&#8221;off&#8221; show_content=&#8221;on&#8221; show_date=&#8221;off&#8221; show_pagination=&#8221;off&#8221; _builder_version=&#8221;4.27.6&#8243; _module_preset=&#8221;default&#8221; header_font=&#8221;|700|||||||&#8221; width=&#8221;80%&#8221; max_width=&#8221;80%&#8221; custom_margin=&#8221;68px|||||&#8221; global_colors_info=&#8221;{}&#8221;][\/et_pb_blog][\/et_pb_column][et_pb_column type=&#8221;1_2&#8243; _builder_version=&#8221;4.18.0&#8243; _module_preset=&#8221;default&#8221; global_colors_info=&#8221;{}&#8221;][et_pb_code _builder_version=&#8221;4.21.0&#8243; _module_preset=&#8221;default&#8221; global_colors_info=&#8221;{}&#8221;]<iframe src=\"https:\/\/www.google.com\/maps\/embed?pb=!1m18!1m12!1m3!1d2791.298325791163!2d-73.80903618443787!3d45.60464857910279!2m3!1f0!2f0!3f0!3m2!1i1024!2i768!4f13.1!3m3!1m2!1s0x4cc8d8f516aa9ebb%3A0xa0427f18660ab861!2sSolarium%20Optimum!5e0!3m2!1sfr!2sca!4v1663017587490!5m2!1sfr!2sca\" width=\"100%\" height=\"450\" style=\"border:0;\" allowfullscreen=\"\" loading=\"lazy\" referrerpolicy=\"no-referrer-when-downgrade\"><\/iframe>[\/et_pb_code][\/et_pb_column][\/et_pb_row][\/et_pb_section]<\/p>\n","protected":false},"excerpt":{"rendered":"<p>Contest : Win your SOLARIUM! January 5th to october 31th, 2026 Purchase a 3-season solarium, awning, carport, or veranda and\u2026 Get a chance to WIN your purchase up to $20,000! Yes, you read that right \u2013 $20,000! Don\u2019t miss out!You have\u00a01 chance in 100 to win\u00a0your purchase! See Conditions and rules to participate\u25b6\ufe0f\u00a0 Don&#8217;t wait [&hellip;]<\/p>\n","protected":false},"author":1,"featured_media":0,"parent":0,"menu_order":0,"comment_status":"closed","ping_status":"closed","template":"","meta":{"_et_pb_use_builder":"on","_et_pb_old_content":"","_et_gb_content_width":"","content-type":"","footnotes":""},"class_list":["post-2072","page","type-page","status-publish","hentry"],"yoast_head":"<!-- This site is optimized with the Yoast SEO plugin v27.4 - https:\/\/yoast.com\/product\/yoast-seo-wordpress\/ -->\n<title>Promotions - SOLARIUM Optimum Inc<\/title>\n<meta name=\"robots\" content=\"index, follow, max-snippet:-1, max-image-preview:large, max-video-preview:-1\" \/>\n<link rel=\"canonical\" href=\"https:\/\/solariumoptimum.com\/qc\/en-ca\/promotions\/\" \/>\n<meta property=\"og:locale\" content=\"en_US\" \/>\n<meta property=\"og:type\" content=\"article\" \/>\n<meta property=\"og:title\" content=\"Promotions - SOLARIUM Optimum Inc\" \/>\n<meta property=\"og:description\" content=\"Contest : Win your SOLARIUM! January 5th to october 31th, 2026 Purchase a 3-season solarium, awning, carport, or veranda and\u2026 Get a chance to WIN your purchase up to $20,000! Yes, you read that right \u2013 $20,000! Don\u2019t miss out!You have\u00a01 chance in 100 to win\u00a0your purchase! See Conditions and rules to participate\u25b6\ufe0f\u00a0 Don&#039;t wait [&hellip;]\" \/>\n<meta property=\"og:url\" content=\"https:\/\/solariumoptimum.com\/qc\/en-ca\/promotions\/\" \/>\n<meta property=\"og:site_name\" content=\"SOLARIUM Optimum Inc\" \/>\n<meta property=\"article:publisher\" content=\"https:\/\/www.facebook.com\/solariumoptimum\" \/>\n<meta property=\"article:modified_time\" content=\"2026-03-30T18:41:51+00:00\" \/>\n<meta name=\"twitter:card\" content=\"summary_large_image\" \/>\n<meta name=\"twitter:site\" content=\"@SolariumOptimum\" \/>\n<meta name=\"twitter:label1\" content=\"Est. reading time\" \/>\n\t<meta name=\"twitter:data1\" content=\"5 minutes\" \/>\n<script type=\"application\/ld+json\" class=\"yoast-schema-graph\">{\"@context\":\"https:\\\/\\\/schema.org\",\"@graph\":[{\"@type\":\"WebPage\",\"@id\":\"https:\\\/\\\/solariumoptimum.com\\\/qc\\\/en-ca\\\/promotions\\\/\",\"url\":\"https:\\\/\\\/solariumoptimum.com\\\/qc\\\/en-ca\\\/promotions\\\/\",\"name\":\"Promotions - SOLARIUM Optimum Inc\",\"isPartOf\":{\"@id\":\"https:\\\/\\\/solariumoptimum.com\\\/qc\\\/en-ca\\\/#website\"},\"datePublished\":\"2022-09-06T20:34:10+00:00\",\"dateModified\":\"2026-03-30T18:41:51+00:00\",\"breadcrumb\":{\"@id\":\"https:\\\/\\\/solariumoptimum.com\\\/qc\\\/en-ca\\\/promotions\\\/#breadcrumb\"},\"inLanguage\":\"en-CA\",\"potentialAction\":[{\"@type\":\"ReadAction\",\"target\":[\"https:\\\/\\\/solariumoptimum.com\\\/qc\\\/en-ca\\\/promotions\\\/\"]}]},{\"@type\":\"BreadcrumbList\",\"@id\":\"https:\\\/\\\/solariumoptimum.com\\\/qc\\\/en-ca\\\/promotions\\\/#breadcrumb\",\"itemListElement\":[{\"@type\":\"ListItem\",\"position\":1,\"name\":\"Accueil\",\"item\":\"https:\\\/\\\/solariumoptimum.com\\\/qc\\\/en-ca\\\/\"},{\"@type\":\"ListItem\",\"position\":2,\"name\":\"Promotions\"}]},{\"@type\":\"WebSite\",\"@id\":\"https:\\\/\\\/solariumoptimum.com\\\/qc\\\/en-ca\\\/#website\",\"url\":\"https:\\\/\\\/solariumoptimum.com\\\/qc\\\/en-ca\\\/\",\"name\":\"SOLARIUM Optimum Inc\",\"description\":\"SOLARIUM Optimum,  Une gamme d&#039;abris sur mesure, tel que, solarium 3 saisons, d&#039;auvents permanents et abris d&#039;auto avec toit en verre garanti \u00e0 vie, fen\u00eatres de v\u00e9randa et plus encore !  Des produits de qualit\u00e9, fabriqu\u00e9s au Qu\u00e9bec et simple \u00e0 installer!\",\"publisher\":{\"@id\":\"https:\\\/\\\/solariumoptimum.com\\\/qc\\\/en-ca\\\/#organization\"},\"alternateName\":\"SOLARIUM Optimum\",\"potentialAction\":[{\"@type\":\"SearchAction\",\"target\":{\"@type\":\"EntryPoint\",\"urlTemplate\":\"https:\\\/\\\/solariumoptimum.com\\\/qc\\\/en-ca\\\/?s={search_term_string}\"},\"query-input\":{\"@type\":\"PropertyValueSpecification\",\"valueRequired\":true,\"valueName\":\"search_term_string\"}}],\"inLanguage\":\"en-CA\"},{\"@type\":\"Organization\",\"@id\":\"https:\\\/\\\/solariumoptimum.com\\\/qc\\\/en-ca\\\/#organization\",\"name\":\"SOLARIUM Optimum Inc\",\"alternateName\":\"SOLARIUM Optimum\",\"url\":\"https:\\\/\\\/solariumoptimum.com\\\/qc\\\/en-ca\\\/\",\"logo\":{\"@type\":\"ImageObject\",\"inLanguage\":\"en-CA\",\"@id\":\"https:\\\/\\\/solariumoptimum.com\\\/qc\\\/en-ca\\\/#\\\/schema\\\/logo\\\/image\\\/\",\"url\":\"https:\\\/\\\/solariumoptimum.com\\\/qc\\\/wp-content\\\/uploads\\\/2022\\\/08\\\/cropped-logo_solarium_optimum.jpg\",\"contentUrl\":\"https:\\\/\\\/solariumoptimum.com\\\/qc\\\/wp-content\\\/uploads\\\/2022\\\/08\\\/cropped-logo_solarium_optimum.jpg\",\"width\":512,\"height\":512,\"caption\":\"SOLARIUM Optimum Inc\"},\"image\":{\"@id\":\"https:\\\/\\\/solariumoptimum.com\\\/qc\\\/en-ca\\\/#\\\/schema\\\/logo\\\/image\\\/\"},\"sameAs\":[\"https:\\\/\\\/www.facebook.com\\\/solariumoptimum\",\"https:\\\/\\\/x.com\\\/SolariumOptimum\",\"https:\\\/\\\/www.linkedin.com\\\/company\\\/solarium-optimum\",\"https:\\\/\\\/www.instagram.com\\\/solariumoptimum\\\/\"]}]}<\/script>\n<!-- \/ Yoast SEO plugin. -->","yoast_head_json":{"title":"Promotions - SOLARIUM Optimum Inc","robots":{"index":"index","follow":"follow","max-snippet":"max-snippet:-1","max-image-preview":"max-image-preview:large","max-video-preview":"max-video-preview:-1"},"canonical":"https:\/\/solariumoptimum.com\/qc\/en-ca\/promotions\/","og_locale":"en_US","og_type":"article","og_title":"Promotions - SOLARIUM Optimum Inc","og_description":"Contest : Win your SOLARIUM! January 5th to october 31th, 2026 Purchase a 3-season solarium, awning, carport, or veranda and\u2026 Get a chance to WIN your purchase up to $20,000! Yes, you read that right \u2013 $20,000! Don\u2019t miss out!You have\u00a01 chance in 100 to win\u00a0your purchase! See Conditions and rules to participate\u25b6\ufe0f\u00a0 Don't wait [&hellip;]","og_url":"https:\/\/solariumoptimum.com\/qc\/en-ca\/promotions\/","og_site_name":"SOLARIUM Optimum Inc","article_publisher":"https:\/\/www.facebook.com\/solariumoptimum","article_modified_time":"2026-03-30T18:41:51+00:00","twitter_card":"summary_large_image","twitter_site":"@SolariumOptimum","twitter_misc":{"Est. reading time":"5 minutes"},"schema":{"@context":"https:\/\/schema.org","@graph":[{"@type":"WebPage","@id":"https:\/\/solariumoptimum.com\/qc\/en-ca\/promotions\/","url":"https:\/\/solariumoptimum.com\/qc\/en-ca\/promotions\/","name":"Promotions - SOLARIUM Optimum Inc","isPartOf":{"@id":"https:\/\/solariumoptimum.com\/qc\/en-ca\/#website"},"datePublished":"2022-09-06T20:34:10+00:00","dateModified":"2026-03-30T18:41:51+00:00","breadcrumb":{"@id":"https:\/\/solariumoptimum.com\/qc\/en-ca\/promotions\/#breadcrumb"},"inLanguage":"en-CA","potentialAction":[{"@type":"ReadAction","target":["https:\/\/solariumoptimum.com\/qc\/en-ca\/promotions\/"]}]},{"@type":"BreadcrumbList","@id":"https:\/\/solariumoptimum.com\/qc\/en-ca\/promotions\/#breadcrumb","itemListElement":[{"@type":"ListItem","position":1,"name":"Accueil","item":"https:\/\/solariumoptimum.com\/qc\/en-ca\/"},{"@type":"ListItem","position":2,"name":"Promotions"}]},{"@type":"WebSite","@id":"https:\/\/solariumoptimum.com\/qc\/en-ca\/#website","url":"https:\/\/solariumoptimum.com\/qc\/en-ca\/","name":"SOLARIUM Optimum Inc","description":"SOLARIUM Optimum,  Une gamme d&#039;abris sur mesure, tel que, solarium 3 saisons, d&#039;auvents permanents et abris d&#039;auto avec toit en verre garanti \u00e0 vie, fen\u00eatres de v\u00e9randa et plus encore !  Des produits de qualit\u00e9, fabriqu\u00e9s au Qu\u00e9bec et simple \u00e0 installer!","publisher":{"@id":"https:\/\/solariumoptimum.com\/qc\/en-ca\/#organization"},"alternateName":"SOLARIUM Optimum","potentialAction":[{"@type":"SearchAction","target":{"@type":"EntryPoint","urlTemplate":"https:\/\/solariumoptimum.com\/qc\/en-ca\/?s={search_term_string}"},"query-input":{"@type":"PropertyValueSpecification","valueRequired":true,"valueName":"search_term_string"}}],"inLanguage":"en-CA"},{"@type":"Organization","@id":"https:\/\/solariumoptimum.com\/qc\/en-ca\/#organization","name":"SOLARIUM Optimum Inc","alternateName":"SOLARIUM Optimum","url":"https:\/\/solariumoptimum.com\/qc\/en-ca\/","logo":{"@type":"ImageObject","inLanguage":"en-CA","@id":"https:\/\/solariumoptimum.com\/qc\/en-ca\/#\/schema\/logo\/image\/","url":"https:\/\/solariumoptimum.com\/qc\/wp-content\/uploads\/2022\/08\/cropped-logo_solarium_optimum.jpg","contentUrl":"https:\/\/solariumoptimum.com\/qc\/wp-content\/uploads\/2022\/08\/cropped-logo_solarium_optimum.jpg","width":512,"height":512,"caption":"SOLARIUM Optimum Inc"},"image":{"@id":"https:\/\/solariumoptimum.com\/qc\/en-ca\/#\/schema\/logo\/image\/"},"sameAs":["https:\/\/www.facebook.com\/solariumoptimum","https:\/\/x.com\/SolariumOptimum","https:\/\/www.linkedin.com\/company\/solarium-optimum","https:\/\/www.instagram.com\/solariumoptimum\/"]}]}},"_links":{"self":[{"href":"https:\/\/solariumoptimum.com\/qc\/en-ca\/wp-json\/wp\/v2\/pages\/2072","targetHints":{"allow":["GET"]}}],"collection":[{"href":"https:\/\/solariumoptimum.com\/qc\/en-ca\/wp-json\/wp\/v2\/pages"}],"about":[{"href":"https:\/\/solariumoptimum.com\/qc\/en-ca\/wp-json\/wp\/v2\/types\/page"}],"author":[{"embeddable":true,"href":"https:\/\/solariumoptimum.com\/qc\/en-ca\/wp-json\/wp\/v2\/users\/1"}],"replies":[{"embeddable":true,"href":"https:\/\/solariumoptimum.com\/qc\/en-ca\/wp-json\/wp\/v2\/comments?post=2072"}],"version-history":[{"count":45,"href":"https:\/\/solariumoptimum.com\/qc\/en-ca\/wp-json\/wp\/v2\/pages\/2072\/revisions"}],"predecessor-version":[{"id":7703,"href":"https:\/\/solariumoptimum.com\/qc\/en-ca\/wp-json\/wp\/v2\/pages\/2072\/revisions\/7703"}],"wp:attachment":[{"href":"https:\/\/solariumoptimum.com\/qc\/en-ca\/wp-json\/wp\/v2\/media?parent=2072"}],"curies":[{"name":"wp","href":"https:\/\/api.w.org\/{rel}","templated":true}]}}