{"id":2080,"date":"2022-09-06T16:57:30","date_gmt":"2022-09-06T20:57:30","guid":{"rendered":"https:\/\/solariumoptimum.com\/qc\/connection\/"},"modified":"2022-10-03T15:36:50","modified_gmt":"2022-10-03T19:36:50","slug":"connection","status":"publish","type":"page","link":"https:\/\/solariumoptimum.com\/qc\/en-ca\/connection\/","title":{"rendered":"Connection"},"content":{"rendered":"\n\n\n[et_pb_section fb_built=&#8221;1&#8243; custom_padding_last_edited=&#8221;on|tablet&#8221; _builder_version=&#8221;4.18.0&#8243; _module_preset=&#8221;default&#8221; background_image=&#8221;https:\/\/solariumoptimum.com\/qc\/wp-content\/uploads\/2022\/09\/ban_solarium_optimum-1.jpg&#8221; background_size=&#8221;initial&#8221; width=&#8221;100%&#8221; max_width=&#8221;100%&#8221; module_alignment=&#8221;center&#8221; min_height=&#8221;578.2px&#8221; min_height_tablet=&#8221;383.7px&#8221; min_height_phone=&#8221;327.3px&#8221; min_height_last_edited=&#8221;on|phone&#8221; height_tablet=&#8221;&#8221; height_phone=&#8221;auto&#8221; height_last_edited=&#8221;on|tablet&#8221; custom_margin=&#8221;2%|0px|0px|0px|false|false&#8221; custom_margin_tablet=&#8221;||0px|0px|false|false&#8221; custom_margin_phone=&#8221;||0px|0px|false|false&#8221; custom_margin_last_edited=&#8221;on|tablet&#8221; custom_padding=&#8221;0px|0px|0px|0px|false|false&#8221; custom_padding_tablet=&#8221;0px|0px|0px|0px|false|false&#8221; custom_padding_phone=&#8221;0px|0px|0px|0px|false|false&#8221; scroll_fade=&#8221;0|51|51|100|100%|100|100&#8243; background_last_edited=&#8221;on|tablet&#8221; background_image_tablet=&#8221;https:\/\/solariumoptimum.com\/qc\/wp-content\/uploads\/2022\/09\/ban_mob_solarium_optimum-1.jpg&#8221; background_enable_image_tablet=&#8221;on&#8221; parallax_method_tablet=&#8221;off&#8221; module_alignment_tablet=&#8221;center&#8221; module_alignment_phone=&#8221;center&#8221; module_alignment_last_edited=&#8221;on|desktop&#8221; border_width_top=&#8221;2px&#8221; border_color_top=&#8221;#182859&#8243; border_width_bottom=&#8221;5px&#8221; border_color_bottom=&#8221;#182859&#8243; global_colors_info=&#8221;{}&#8221; theme_builder_area=&#8221;post_content&#8221;][et_pb_row _builder_version=&#8221;4.18.0&#8243; _module_preset=&#8221;default&#8221; custom_margin_tablet=&#8221;&#8221; custom_margin_phone=&#8221;-12%||||false|false&#8221; custom_margin_last_edited=&#8221;on|phone&#8221; global_colors_info=&#8221;{}&#8221; theme_builder_area=&#8221;post_content&#8221;][et_pb_column type=&#8221;4_4&#8243; _builder_version=&#8221;4.18.0&#8243; _module_preset=&#8221;default&#8221; global_colors_info=&#8221;{}&#8221; theme_builder_area=&#8221;post_content&#8221;][et_pb_image src=&#8221;https:\/\/solariumoptimum.com\/qc\/wp-content\/uploads\/2022\/08\/logo_solarium_optimum.jpg&#8221; alt=&#8221;Logo Solarium Optimum&#8221; title_text=&#8221;logo_solarium_optimum&#8221; align=&#8221;center&#8221; _builder_version=&#8221;4.18.0&#8243; _module_preset=&#8221;default&#8221; width_tablet=&#8221;auto&#8221; width_phone=&#8221;38.1%&#8221; width_last_edited=&#8221;on|phone&#8221; max_width_tablet=&#8221;150%&#8221; max_width_phone=&#8221;38.1%&#8221; max_width_last_edited=&#8221;on|phone&#8221; module_alignment=&#8221;center&#8221; min_height=&#8221;75%&#8221; min_height_tablet=&#8221;150%&#8221; min_height_phone=&#8221;38.1%&#8221; min_height_last_edited=&#8221;on|tablet&#8221; height=&#8221;100%&#8221; height_tablet=&#8221;150px&#8221; height_phone=&#8221;38.1%&#8221; height_last_edited=&#8221;on|tablet&#8221; max_height_tablet=&#8221;150%&#8221; max_height_phone=&#8221;38.1%&#8221; max_height_last_edited=&#8221;on|tablet&#8221; custom_margin=&#8221;-7%||||false|false&#8221; custom_margin_tablet=&#8221;-12%||||false|false&#8221; custom_margin_phone=&#8221;-12%|22px|2px||false|false&#8221; custom_margin_last_edited=&#8221;on|tablet&#8221; custom_padding=&#8221;|0px|0px||false|false&#8221; global_colors_info=&#8221;{}&#8221; theme_builder_area=&#8221;post_content&#8221;][\/et_pb_image][\/et_pb_column][\/et_pb_row][et_pb_row _builder_version=&#8221;4.18.0&#8243; _module_preset=&#8221;default&#8221; custom_margin=&#8221;-20px|auto|4px|auto||&#8221; custom_padding=&#8221;32px||1px|||&#8221; global_colors_info=&#8221;{}&#8221; theme_builder_area=&#8221;post_content&#8221;][et_pb_column type=&#8221;4_4&#8243; _builder_version=&#8221;4.18.0&#8243; _module_preset=&#8221;default&#8221; global_colors_info=&#8221;{}&#8221; theme_builder_area=&#8221;post_content&#8221;][et_pb_text content_tablet=&#8221;<p style=%22text-align: center;%22><span style=%22color: #ffffff; font-size: 32px;%22><strong>The Art of Living Outdoors<\/strong><\/span><\/p>&#8221; content_phone=&#8221;<p style=%22text-align: center;%22><span style=%22color: #ffffff; font-size: 32px;%22><strong>The Art of Living Outdoors<\/strong><\/span><\/p>&#8221; content_last_edited=&#8221;on|tablet&#8221; _builder_version=&#8221;4.18.0&#8243; _module_preset=&#8221;default&#8221; custom_margin=&#8221;5%||1%||false|false&#8221; hover_enabled=&#8221;0&#8243; text_font_size_tablet=&#8221;9px&#8221; text_font_size_phone=&#8221;1px&#8221; text_font_size_last_edited=&#8221;on|tablet&#8221; text_text_shadow_style=&#8221;preset3&#8243; global_colors_info=&#8221;{}&#8221; theme_builder_area=&#8221;post_content&#8221; sticky_enabled=&#8221;0&#8243;]<p style=\"text-align: center;\"><span style=\"color: #ffffff; font-size: 62px;\"><strong>The Art of Living Outdoors<\/strong><\/span><\/p>[\/et_pb_text][et_pb_text content_tablet=&#8221;<p style=%22text-align: center;%22>with SOLARIUM Optimum!  <\/p>&#8221; content_phone=&#8221;<p style=%22text-align: center;%22>with SOLARIUM Optimum!  <\/p>&#8221; content_last_edited=&#8221;on|tablet&#8221; _builder_version=&#8221;4.18.0&#8243; _module_preset=&#8221;default&#8221; text_font=&#8221;|600|||||||&#8221; text_text_color=&#8221;#FFFFFF&#8221; text_font_size=&#8221;24px&#8221; custom_margin=&#8221;0px||32px|||&#8221; text_font_size_tablet=&#8221;19px&#8221; text_font_size_phone=&#8221;15px&#8221; text_font_size_last_edited=&#8221;on|phone&#8221; text_text_shadow_style=&#8221;preset3&#8243; global_colors_info=&#8221;{}&#8221; theme_builder_area=&#8221;post_content&#8221;]<p style=\"text-align: center;\">with SOLARIUM Optimum!<\/p>[\/et_pb_text][\/et_pb_column][\/et_pb_row][\/et_pb_section][et_pb_section fb_built=&#8221;1&#8243; _builder_version=&#8221;4.18.0&#8243; _module_preset=&#8221;default&#8221; global_colors_info=&#8221;{}&#8221; theme_builder_area=&#8221;post_content&#8221;][\/et_pb_section]\n\n\n","protected":false},"excerpt":{"rendered":"<p>The Art of Living Outdoorswith SOLARIUM Optimum!<\/p>\n","protected":false},"author":1,"featured_media":1888,"parent":0,"menu_order":0,"comment_status":"closed","ping_status":"closed","template":"","meta":{"_et_pb_use_builder":"on","_et_pb_old_content":"","_et_gb_content_width":"","content-type":"","footnotes":""},"class_list":["post-2080","page","type-page","status-publish","has-post-thumbnail","hentry"],"yoast_head":"<!-- This site is optimized with the Yoast SEO plugin v27.4 - https:\/\/yoast.com\/product\/yoast-seo-wordpress\/ -->\n<title>Connection - SOLARIUM Optimum Inc<\/title>\n<meta name=\"robots\" content=\"noindex, nofollow\" \/>\n<meta property=\"og:locale\" content=\"en_US\" \/>\n<meta property=\"og:type\" content=\"article\" \/>\n<meta property=\"og:title\" content=\"Connection - SOLARIUM Optimum Inc\" \/>\n<meta property=\"og:description\" content=\"The Art of Living Outdoorswith SOLARIUM Optimum!\" \/>\n<meta property=\"og:url\" content=\"https:\/\/solariumoptimum.com\/qc\/en-ca\/connection\/\" \/>\n<meta property=\"og:site_name\" content=\"SOLARIUM Optimum Inc\" \/>\n<meta property=\"article:publisher\" content=\"https:\/\/www.facebook.com\/solariumoptimum\" \/>\n<meta property=\"article:modified_time\" content=\"2022-10-03T19:36:50+00:00\" \/>\n<meta property=\"og:image\" content=\"https:\/\/solariumoptimum.com\/qc\/wp-content\/uploads\/2022\/08\/cropped-logo_solarium_optimum.jpg\" \/>\n\t<meta property=\"og:image:width\" content=\"512\" \/>\n\t<meta property=\"og:image:height\" content=\"512\" \/>\n\t<meta property=\"og:image:type\" content=\"image\/jpeg\" \/>\n<meta name=\"twitter:card\" content=\"summary_large_image\" \/>\n<meta name=\"twitter:site\" content=\"@SolariumOptimum\" \/>\n<meta name=\"twitter:label1\" content=\"Est. reading time\" \/>\n\t<meta name=\"twitter:data1\" content=\"3 minutes\" \/>\n<script type=\"application\/ld+json\" class=\"yoast-schema-graph\">{\"@context\":\"https:\\\/\\\/schema.org\",\"@graph\":[{\"@type\":\"WebPage\",\"@id\":\"https:\\\/\\\/solariumoptimum.com\\\/qc\\\/en-ca\\\/connection\\\/\",\"url\":\"https:\\\/\\\/solariumoptimum.com\\\/qc\\\/en-ca\\\/connection\\\/\",\"name\":\"Connection - SOLARIUM Optimum Inc\",\"isPartOf\":{\"@id\":\"https:\\\/\\\/solariumoptimum.com\\\/qc\\\/en-ca\\\/#website\"},\"primaryImageOfPage\":{\"@id\":\"https:\\\/\\\/solariumoptimum.com\\\/qc\\\/en-ca\\\/connection\\\/#primaryimage\"},\"image\":{\"@id\":\"https:\\\/\\\/solariumoptimum.com\\\/qc\\\/en-ca\\\/connection\\\/#primaryimage\"},\"thumbnailUrl\":\"https:\\\/\\\/solariumoptimum.com\\\/qc\\\/wp-content\\\/uploads\\\/2022\\\/08\\\/cropped-logo_solarium_optimum.jpg\",\"datePublished\":\"2022-09-06T20:57:30+00:00\",\"dateModified\":\"2022-10-03T19:36:50+00:00\",\"breadcrumb\":{\"@id\":\"https:\\\/\\\/solariumoptimum.com\\\/qc\\\/en-ca\\\/connection\\\/#breadcrumb\"},\"inLanguage\":\"en-CA\",\"potentialAction\":[{\"@type\":\"ReadAction\",\"target\":[\"https:\\\/\\\/solariumoptimum.com\\\/qc\\\/en-ca\\\/connection\\\/\"]}]},{\"@type\":\"ImageObject\",\"inLanguage\":\"en-CA\",\"@id\":\"https:\\\/\\\/solariumoptimum.com\\\/qc\\\/en-ca\\\/connection\\\/#primaryimage\",\"url\":\"https:\\\/\\\/solariumoptimum.com\\\/qc\\\/wp-content\\\/uploads\\\/2022\\\/08\\\/cropped-logo_solarium_optimum.jpg\",\"contentUrl\":\"https:\\\/\\\/solariumoptimum.com\\\/qc\\\/wp-content\\\/uploads\\\/2022\\\/08\\\/cropped-logo_solarium_optimum.jpg\",\"width\":512,\"height\":512},{\"@type\":\"BreadcrumbList\",\"@id\":\"https:\\\/\\\/solariumoptimum.com\\\/qc\\\/en-ca\\\/connection\\\/#breadcrumb\",\"itemListElement\":[{\"@type\":\"ListItem\",\"position\":1,\"name\":\"Accueil\",\"item\":\"https:\\\/\\\/solariumoptimum.com\\\/qc\\\/en-ca\\\/\"},{\"@type\":\"ListItem\",\"position\":2,\"name\":\"Connection\"}]},{\"@type\":\"WebSite\",\"@id\":\"https:\\\/\\\/solariumoptimum.com\\\/qc\\\/en-ca\\\/#website\",\"url\":\"https:\\\/\\\/solariumoptimum.com\\\/qc\\\/en-ca\\\/\",\"name\":\"SOLARIUM Optimum Inc\",\"description\":\"SOLARIUM Optimum,  Une gamme d&#039;abris sur mesure, tel que, solarium 3 saisons, d&#039;auvents permanents et abris d&#039;auto avec toit en verre garanti \u00e0 vie, fen\u00eatres de v\u00e9randa et plus encore !  Des produits de qualit\u00e9, fabriqu\u00e9s au Qu\u00e9bec et simple \u00e0 installer!\",\"publisher\":{\"@id\":\"https:\\\/\\\/solariumoptimum.com\\\/qc\\\/en-ca\\\/#organization\"},\"alternateName\":\"SOLARIUM Optimum\",\"potentialAction\":[{\"@type\":\"SearchAction\",\"target\":{\"@type\":\"EntryPoint\",\"urlTemplate\":\"https:\\\/\\\/solariumoptimum.com\\\/qc\\\/en-ca\\\/?s={search_term_string}\"},\"query-input\":{\"@type\":\"PropertyValueSpecification\",\"valueRequired\":true,\"valueName\":\"search_term_string\"}}],\"inLanguage\":\"en-CA\"},{\"@type\":\"Organization\",\"@id\":\"https:\\\/\\\/solariumoptimum.com\\\/qc\\\/en-ca\\\/#organization\",\"name\":\"SOLARIUM Optimum Inc\",\"alternateName\":\"SOLARIUM Optimum\",\"url\":\"https:\\\/\\\/solariumoptimum.com\\\/qc\\\/en-ca\\\/\",\"logo\":{\"@type\":\"ImageObject\",\"inLanguage\":\"en-CA\",\"@id\":\"https:\\\/\\\/solariumoptimum.com\\\/qc\\\/en-ca\\\/#\\\/schema\\\/logo\\\/image\\\/\",\"url\":\"https:\\\/\\\/solariumoptimum.com\\\/qc\\\/wp-content\\\/uploads\\\/2022\\\/08\\\/cropped-logo_solarium_optimum.jpg\",\"contentUrl\":\"https:\\\/\\\/solariumoptimum.com\\\/qc\\\/wp-content\\\/uploads\\\/2022\\\/08\\\/cropped-logo_solarium_optimum.jpg\",\"width\":512,\"height\":512,\"caption\":\"SOLARIUM Optimum Inc\"},\"image\":{\"@id\":\"https:\\\/\\\/solariumoptimum.com\\\/qc\\\/en-ca\\\/#\\\/schema\\\/logo\\\/image\\\/\"},\"sameAs\":[\"https:\\\/\\\/www.facebook.com\\\/solariumoptimum\",\"https:\\\/\\\/x.com\\\/SolariumOptimum\",\"https:\\\/\\\/www.linkedin.com\\\/company\\\/solarium-optimum\",\"https:\\\/\\\/www.instagram.com\\\/solariumoptimum\\\/\"]}]}<\/script>\n<!-- \/ Yoast SEO plugin. -->","yoast_head_json":{"title":"Connection - SOLARIUM Optimum Inc","robots":{"index":"noindex","follow":"nofollow"},"og_locale":"en_US","og_type":"article","og_title":"Connection - SOLARIUM Optimum Inc","og_description":"The Art of Living Outdoorswith SOLARIUM Optimum!","og_url":"https:\/\/solariumoptimum.com\/qc\/en-ca\/connection\/","og_site_name":"SOLARIUM Optimum Inc","article_publisher":"https:\/\/www.facebook.com\/solariumoptimum","article_modified_time":"2022-10-03T19:36:50+00:00","og_image":[{"width":512,"height":512,"url":"https:\/\/solariumoptimum.com\/qc\/wp-content\/uploads\/2022\/08\/cropped-logo_solarium_optimum.jpg","type":"image\/jpeg"}],"twitter_card":"summary_large_image","twitter_site":"@SolariumOptimum","twitter_misc":{"Est. reading time":"3 minutes"},"schema":{"@context":"https:\/\/schema.org","@graph":[{"@type":"WebPage","@id":"https:\/\/solariumoptimum.com\/qc\/en-ca\/connection\/","url":"https:\/\/solariumoptimum.com\/qc\/en-ca\/connection\/","name":"Connection - SOLARIUM Optimum Inc","isPartOf":{"@id":"https:\/\/solariumoptimum.com\/qc\/en-ca\/#website"},"primaryImageOfPage":{"@id":"https:\/\/solariumoptimum.com\/qc\/en-ca\/connection\/#primaryimage"},"image":{"@id":"https:\/\/solariumoptimum.com\/qc\/en-ca\/connection\/#primaryimage"},"thumbnailUrl":"https:\/\/solariumoptimum.com\/qc\/wp-content\/uploads\/2022\/08\/cropped-logo_solarium_optimum.jpg","datePublished":"2022-09-06T20:57:30+00:00","dateModified":"2022-10-03T19:36:50+00:00","breadcrumb":{"@id":"https:\/\/solariumoptimum.com\/qc\/en-ca\/connection\/#breadcrumb"},"inLanguage":"en-CA","potentialAction":[{"@type":"ReadAction","target":["https:\/\/solariumoptimum.com\/qc\/en-ca\/connection\/"]}]},{"@type":"ImageObject","inLanguage":"en-CA","@id":"https:\/\/solariumoptimum.com\/qc\/en-ca\/connection\/#primaryimage","url":"https:\/\/solariumoptimum.com\/qc\/wp-content\/uploads\/2022\/08\/cropped-logo_solarium_optimum.jpg","contentUrl":"https:\/\/solariumoptimum.com\/qc\/wp-content\/uploads\/2022\/08\/cropped-logo_solarium_optimum.jpg","width":512,"height":512},{"@type":"BreadcrumbList","@id":"https:\/\/solariumoptimum.com\/qc\/en-ca\/connection\/#breadcrumb","itemListElement":[{"@type":"ListItem","position":1,"name":"Accueil","item":"https:\/\/solariumoptimum.com\/qc\/en-ca\/"},{"@type":"ListItem","position":2,"name":"Connection"}]},{"@type":"WebSite","@id":"https:\/\/solariumoptimum.com\/qc\/en-ca\/#website","url":"https:\/\/solariumoptimum.com\/qc\/en-ca\/","name":"SOLARIUM Optimum Inc","description":"SOLARIUM Optimum,  Une gamme d&#039;abris sur mesure, tel que, solarium 3 saisons, d&#039;auvents permanents et abris d&#039;auto avec toit en verre garanti \u00e0 vie, fen\u00eatres de v\u00e9randa et plus encore !  Des produits de qualit\u00e9, fabriqu\u00e9s au Qu\u00e9bec et simple \u00e0 installer!","publisher":{"@id":"https:\/\/solariumoptimum.com\/qc\/en-ca\/#organization"},"alternateName":"SOLARIUM Optimum","potentialAction":[{"@type":"SearchAction","target":{"@type":"EntryPoint","urlTemplate":"https:\/\/solariumoptimum.com\/qc\/en-ca\/?s={search_term_string}"},"query-input":{"@type":"PropertyValueSpecification","valueRequired":true,"valueName":"search_term_string"}}],"inLanguage":"en-CA"},{"@type":"Organization","@id":"https:\/\/solariumoptimum.com\/qc\/en-ca\/#organization","name":"SOLARIUM Optimum Inc","alternateName":"SOLARIUM Optimum","url":"https:\/\/solariumoptimum.com\/qc\/en-ca\/","logo":{"@type":"ImageObject","inLanguage":"en-CA","@id":"https:\/\/solariumoptimum.com\/qc\/en-ca\/#\/schema\/logo\/image\/","url":"https:\/\/solariumoptimum.com\/qc\/wp-content\/uploads\/2022\/08\/cropped-logo_solarium_optimum.jpg","contentUrl":"https:\/\/solariumoptimum.com\/qc\/wp-content\/uploads\/2022\/08\/cropped-logo_solarium_optimum.jpg","width":512,"height":512,"caption":"SOLARIUM Optimum Inc"},"image":{"@id":"https:\/\/solariumoptimum.com\/qc\/en-ca\/#\/schema\/logo\/image\/"},"sameAs":["https:\/\/www.facebook.com\/solariumoptimum","https:\/\/x.com\/SolariumOptimum","https:\/\/www.linkedin.com\/company\/solarium-optimum","https:\/\/www.instagram.com\/solariumoptimum\/"]}]}},"_links":{"self":[{"href":"https:\/\/solariumoptimum.com\/qc\/en-ca\/wp-json\/wp\/v2\/pages\/2080","targetHints":{"allow":["GET"]}}],"collection":[{"href":"https:\/\/solariumoptimum.com\/qc\/en-ca\/wp-json\/wp\/v2\/pages"}],"about":[{"href":"https:\/\/solariumoptimum.com\/qc\/en-ca\/wp-json\/wp\/v2\/types\/page"}],"author":[{"embeddable":true,"href":"https:\/\/solariumoptimum.com\/qc\/en-ca\/wp-json\/wp\/v2\/users\/1"}],"replies":[{"embeddable":true,"href":"https:\/\/solariumoptimum.com\/qc\/en-ca\/wp-json\/wp\/v2\/comments?post=2080"}],"version-history":[{"count":1,"href":"https:\/\/solariumoptimum.com\/qc\/en-ca\/wp-json\/wp\/v2\/pages\/2080\/revisions"}],"predecessor-version":[{"id":2084,"href":"https:\/\/solariumoptimum.com\/qc\/en-ca\/wp-json\/wp\/v2\/pages\/2080\/revisions\/2084"}],"wp:featuredmedia":[{"embeddable":true,"href":"https:\/\/solariumoptimum.com\/qc\/en-ca\/wp-json\/wp\/v2\/media\/1888"}],"wp:attachment":[{"href":"https:\/\/solariumoptimum.com\/qc\/en-ca\/wp-json\/wp\/v2\/media?parent=2080"}],"curies":[{"name":"wp","href":"https:\/\/api.w.org\/{rel}","templated":true}]}}