{"id":5739,"date":"2025-02-27T16:34:43","date_gmt":"2025-02-27T21:34:43","guid":{"rendered":"https:\/\/solariumoptimum.com\/qc\/conditions-regulations\/"},"modified":"2026-04-08T09:26:16","modified_gmt":"2026-04-08T13:26:16","slug":"conditions-regulations","status":"publish","type":"page","link":"https:\/\/solariumoptimum.com\/qc\/en-ca\/conditions-regulations\/","title":{"rendered":"Conditions-regulations"},"content":{"rendered":"<p>[et_pb_section fb_built=&#8221;1&#8243; custom_padding_last_edited=&#8221;on|tablet&#8221; admin_label=&#8221;Section&#8221; _builder_version=&#8221;4.27.4&#8243; _module_preset=&#8221;default&#8221; background_image=&#8221;https:\/\/solariumoptimum.com\/qc\/wp-content\/uploads\/2022\/09\/ban_solarium_optimum-1.jpg&#8221; width=&#8221;100%&#8221; max_width=&#8221;100%&#8221; module_alignment=&#8221;center&#8221; min_height=&#8221;150px&#8221; min_height_tablet=&#8221;105px&#8221; min_height_phone=&#8221;100px&#8221; min_height_last_edited=&#8221;on|desktop&#8221; height_tablet=&#8221;&#8221; height_phone=&#8221;auto&#8221; height_last_edited=&#8221;on|tablet&#8221; custom_margin=&#8221;3%|0px|0px|0px|false|false&#8221; custom_margin_tablet=&#8221;8%||0px|0px|false|false&#8221; custom_margin_phone=&#8221;12%||0px|0px|false|false&#8221; custom_margin_last_edited=&#8221;on|phone&#8221; custom_padding=&#8221;0px|0px|0px|0px|false|false&#8221; custom_padding_tablet=&#8221;0px|0px|0px|0px|false|false&#8221; custom_padding_phone=&#8221;0px|0px|0px|0px|false|false&#8221; scroll_fade=&#8221;0|51|51|100|100%|100|100&#8243; background_last_edited=&#8221;on|tablet&#8221; background_image_tablet=&#8221;https:\/\/solariumoptimum.com\/qc\/wp-content\/uploads\/2022\/09\/ban_mob_solarium_optimum-1.jpg&#8221; background_enable_image_tablet=&#8221;on&#8221; parallax_method_tablet=&#8221;off&#8221; module_alignment_tablet=&#8221;center&#8221; module_alignment_phone=&#8221;center&#8221; module_alignment_last_edited=&#8221;on|desktop&#8221; border_color_top=&#8221;#182859&#8243; border_width_bottom=&#8221;5px&#8221; border_color_bottom=&#8221;#182859&#8243; global_colors_info=&#8221;{}&#8221;][et_pb_row _builder_version=&#8221;4.18.0&#8243; _module_preset=&#8221;default&#8221; custom_margin=&#8221;-66px|auto|4px|auto||&#8221; custom_padding=&#8221;37px||1px|||&#8221; global_colors_info=&#8221;{}&#8221;][et_pb_column type=&#8221;4_4&#8243; _builder_version=&#8221;4.18.0&#8243; _module_preset=&#8221;default&#8221; global_colors_info=&#8221;{}&#8221;][et_pb_text _builder_version=&#8221;4.27.4&#8243; _module_preset=&#8221;default&#8221; header_2_font=&#8221;|800|||||||&#8221; header_2_text_color=&#8221;#FFFFFF&#8221; header_2_font_size=&#8221;55px&#8221; header_3_text_color=&#8221;#FFFFFF&#8221; custom_padding=&#8221;2%||||false|false&#8221; custom_padding_tablet=&#8221;0%||||false|false&#8221; custom_padding_phone=&#8221;1%||||false|false&#8221; custom_padding_last_edited=&#8221;on|tablet&#8221; header_2_font_size_tablet=&#8221;45px&#8221; header_2_font_size_phone=&#8221;35px&#8221; header_2_font_size_last_edited=&#8221;on|phone&#8221; global_colors_info=&#8221;{}&#8221;]<\/p>\n<h2 style=\"text-align: center;\">Rules and Regulations<\/h2>\n<p>[\/et_pb_text][\/et_pb_column][\/et_pb_row][\/et_pb_section][et_pb_section fb_built=&#8221;1&#8243; _builder_version=&#8221;4.27.4&#8243; _module_preset=&#8221;default&#8221; global_colors_info=&#8221;{}&#8221;][et_pb_row _builder_version=&#8221;4.27.4&#8243; _module_preset=&#8221;default&#8221; global_colors_info=&#8221;{}&#8221;][et_pb_column type=&#8221;4_4&#8243; _builder_version=&#8221;4.27.4&#8243; _module_preset=&#8221;default&#8221; global_colors_info=&#8221;{}&#8221;][et_pb_text _builder_version=&#8221;4.27.4&#8243; _module_preset=&#8221;default&#8221; text_text_color=&#8221;#359df2&#8243; text_font_size=&#8221;20px&#8221; header_2_font_size=&#8221;48px&#8221; global_colors_info=&#8221;{}&#8221;]<\/p>\n<h2 style=\"text-align: center;\"><span>Enter for a Chance to Win Your SOLARIUM!<\/span><br \/><strong>Up to <span style=\"font-size: xx-large;\">$<\/span> <span style=\"font-size: xx-large;\"> <\/span>20,000!<\/strong><\/h2>\n<p><strong><\/strong><\/p>\n<p style=\"text-align: center;\"><strong>This contest is reserved for the first 100 eligible buyers of a SOLARIUM Optimum Inc. product during the specified period.<\/strong><\/p>\n<p>&nbsp;<\/p>\n<p>[\/et_pb_text][\/et_pb_column][\/et_pb_row][et_pb_row column_structure=&#8221;1_2,1_2&#8243; use_custom_gutter=&#8221;on&#8221; _builder_version=&#8221;4.27.4&#8243; _module_preset=&#8221;default&#8221; width=&#8221;90%&#8221; max_width=&#8221;90%&#8221; global_colors_info=&#8221;{}&#8221;][et_pb_column type=&#8221;1_2&#8243; _builder_version=&#8221;4.27.4&#8243; _module_preset=&#8221;default&#8221; global_colors_info=&#8221;{}&#8221;][et_pb_text _builder_version=&#8221;4.27.4&#8243; _module_preset=&#8221;default&#8221; text_font_size=&#8221;19px&#8221; text_line_height=&#8221;1.8em&#8221; ul_line_height=&#8221;1.5em&#8221; header_2_font_size=&#8221;34px&#8221; header_3_font_size=&#8221;24px&#8221; header_3_line_height=&#8221;1.5em&#8221; global_colors_info=&#8221;{}&#8221;]<\/p>\n<h2 style=\"text-align: center;\">Contest Rules and Regulations<\/h2>\n<h2><\/h2>\n<h3>All participants must agree to comply with the contest rules and regulations.<\/h3>\n<p><strong><\/strong><\/p>\n<p><strong><\/strong><\/p>\n<p><span style=\"font-size: x-large;\"><strong>CONTEST DURATION<\/strong><strong><\/strong><\/span><\/p>\n<ul>\n<li><span>The contest officially begins on Monday, January 5, 2026, at 8:00 AM (Eastern Time) and ends on October 31, 2026, at midnight (Eastern Time).<\/span><\/li>\n<\/ul>\n<p><span style=\"font-size: x-large;\"><strong>ELIGIBILITY CONDITIONS &amp; HOW TO PARTICIPATE<\/strong><\/span><\/p>\n<ul>\n<li>\n<p><span>Participants must be aged 18 years and over and reside in one of the following <strong>Admistrative Regions of Quebec : Montr\u00e9al, Laval, Laurentides, Lanaudi\u00e8re and Mont\u00e9r\u00e9gie.<\/strong><\/span><\/p>\n<\/li>\n<li><span>The project with Solarium Optimum (signed contract reference) must be carried out in one of the following <strong>Admistrative Regions of Quebec : Montr\u00e9al, Laval, Laurentides, Lanaudi\u00e8re and Mont\u00e9r\u00e9gie.<\/strong><\/span><\/li>\n<li>\n<p>The purchase contract must be signed during the contest eligibility period at SOLARIUM Optimum Inc., located at <strong>1500, rue de Jaffa, Laval, QC H7P 4K9. <\/strong>No purchase-free entry method is offered.<\/p>\n<\/li>\n<\/ul>\n<p>Participants must be among the <strong>first 100 buyers<\/strong> to sign a valid purchase contract for an eligible SOLARIUM Optimum product, such as:<\/p>\n<p><strong>&#8211; 3-season solarium <\/strong>(SunLOFT or SpaLOFT)<\/p>\n<p><strong>&#8211; Permanent awning <\/strong>(SkyLOFT)<\/p>\n<p><strong>&#8211; Veranda <\/strong>(SunLOFT)<\/p>\n<p><strong>&#8211; Carport <\/strong>(CarPORT)<\/p>\n<ul>\n<li>Participants must have <strong>paid in full or made a non-refundable deposit of at least 30%<\/strong> of the total contract value <strong>before noon on October 31, 2026<\/strong>\u00a0(end of the registration period).<\/li>\n<li>Participants must consent to the use of their <strong>name, photo, and installed project photo<\/strong> for advertising and promotional purposes <strong>without compensation<\/strong> if they win the draw.<\/li>\n<\/ul>\n<p>&nbsp;<\/p>\n<p>[\/et_pb_text][\/et_pb_column][et_pb_column type=&#8221;1_2&#8243; _builder_version=&#8221;4.27.4&#8243; _module_preset=&#8221;default&#8221; global_colors_info=&#8221;{}&#8221;][et_pb_text _builder_version=&#8221;4.27.6&#8243; _module_preset=&#8221;default&#8221; text_text_color=&#8221;#182859&#8243; text_font_size=&#8221;18px&#8221; text_line_height=&#8221;1.5em&#8221; ul_line_height=&#8221;1.5em&#8221; hover_enabled=&#8221;0&#8243; global_colors_info=&#8221;{}&#8221; sticky_enabled=&#8221;0&#8243;]<\/p>\n<h3><strong> <\/strong><\/h3>\n<h3><strong><\/strong><\/h3>\n<h3><strong><\/strong><\/h3>\n<h3><strong>DRAW<\/strong><\/h3>\n<ul>\n<li>The random draw will take place<strong> between <span>November 9 and November 20, 2026,<\/span><\/strong>\u00a0at the <strong>Head Office of SOLARIUM Optimum Inc<\/strong>., located at <strong>1500 rue de Jaffa, Laval<\/strong>, among all eligible buyers who have met the contest conditions. A video of the draw will be posted online.The<\/li>\n<li>chances of winning depend on the total number of entries, with a maximum probability of <strong>1 in 100<\/strong>.<\/li>\n<li>A SOLARIUM Optimum representative will contact the winner within <strong>five (5) business days<\/strong> following the draw.<\/li>\n<li>Three (3) attempts will be made to contact the winner via email and\/or phone.<\/li>\n<li>If the winner cannot be reached within <strong>five (5) business days<\/strong> after the draw, SOLARIUM Optimum will conduct a new draw.<\/li>\n<li>A SOLARIUM Optimum representative will contact the winner by <strong>phone and\/or email<\/strong> to arrange for the prize to be collected <strong>within 15 business days<\/strong> of the draw at <strong>our showroom located at 1500, rue de Jaffa, Laval. <\/strong>\n<p>Personal information collected will be used solely for the purposes of this contest.<strong><\/strong><\/p>\n<\/li>\n<\/ul>\n<h3><strong>PRIZE<\/strong><\/h3>\n<p><strong>The prize consists of an amount equivalent to the SOLARIUM Optimum product purchased by the participant, including contractually included options, up to a maximum of twenty thousand dollars ($20,000) before taxes.<\/strong><\/p>\n<ul>\n<li>The prize includes installation costs, if applicable, but <strong>does not include taxes<\/strong>, which must be paid by the winner.<\/li>\n<li>At no time will the awarded prize exceed twenty thousand dollars (<strong>$20,000<\/strong>).<\/li>\n<li>Any purchase that does not meet the contest eligibility conditions before noon <span>on October 31, 2026<\/span>, will not be included in the draw.<\/li>\n<li>The prize will be awarded to the winner in the form of a check made out to the name on the purchase contract.<\/li>\n<li><span>The prize is non-cashable, non-refundable, non-transferable, and non-exchangeable.<\/span><\/li>\n<li>This contest is subject to the laws of Quebec.<\/li>\n<\/ul>\n<p>&nbsp;<\/p>\n<p>Management<br \/><strong>SOLARIUM<\/strong> Optimum Inc.<\/p>\n<p>&nbsp;<\/p>\n<p><span>*The French version prevails in case of discrepancy.<\/span><\/p>\n<p>[\/et_pb_text][\/et_pb_column][\/et_pb_row][\/et_pb_section]<\/p>\n","protected":false},"excerpt":{"rendered":"<p>Rules and RegulationsEnter for a Chance to Win Your SOLARIUM!Up to $ 20,000! This contest is reserved for the first 100 eligible buyers of a SOLARIUM Optimum Inc. product during the specified period. &nbsp;Contest Rules and Regulations All participants must agree to comply with the contest rules and regulations. CONTEST DURATION The contest officially begins [&hellip;]<\/p>\n","protected":false},"author":6,"featured_media":5841,"parent":0,"menu_order":0,"comment_status":"closed","ping_status":"closed","template":"","meta":{"_et_pb_use_builder":"on","_et_pb_old_content":"","_et_gb_content_width":"","content-type":"","footnotes":""},"class_list":["post-5739","page","type-page","status-publish","has-post-thumbnail","hentry"],"yoast_head":"<!-- This site is optimized with the Yoast SEO plugin v27.4 - https:\/\/yoast.com\/product\/yoast-seo-wordpress\/ -->\n<title>Conditions-regulations - SOLARIUM Optimum Inc<\/title>\n<meta name=\"description\" content=\"From March 1 to August 31, 2025, get a chance to win your purchase - Up to $20,000 with SOLARIUM Optimum Inc!\" \/>\n<meta name=\"robots\" content=\"index, follow, max-snippet:-1, max-image-preview:large, max-video-preview:-1\" \/>\n<link rel=\"canonical\" href=\"https:\/\/solariumoptimum.com\/qc\/en-ca\/conditions-regulations\/\" \/>\n<meta property=\"og:locale\" content=\"en_US\" \/>\n<meta property=\"og:type\" content=\"article\" \/>\n<meta property=\"og:title\" content=\"SOLARIUM Optimum 20th Anniversary contest!\" \/>\n<meta property=\"og:description\" content=\"From March 1st to August 31th, 2025, get a chance to win your purchase - Up to $20,000 with SOLARIUM Optimum Inc!\" \/>\n<meta property=\"og:url\" content=\"https:\/\/solariumoptimum.com\/qc\/en-ca\/conditions-regulations\/\" \/>\n<meta property=\"og:site_name\" content=\"SOLARIUM Optimum Inc\" \/>\n<meta property=\"article:publisher\" content=\"https:\/\/www.facebook.com\/solariumoptimum\" \/>\n<meta property=\"article:modified_time\" content=\"2026-04-08T13:26:16+00:00\" \/>\n<meta property=\"og:image\" content=\"https:\/\/solariumoptimum.com\/qc\/wp-content\/uploads\/2025\/03\/20e-anniversaire-45-EN.jpg\" \/>\n\t<meta property=\"og:image:width\" content=\"1350\" \/>\n\t<meta property=\"og:image:height\" content=\"1080\" \/>\n\t<meta property=\"og:image:type\" content=\"image\/jpeg\" \/>\n<meta name=\"twitter:card\" content=\"summary_large_image\" \/>\n<meta name=\"twitter:title\" content=\"SOLARIUM Optimum 20th Anniversary contest!\" \/>\n<meta name=\"twitter:description\" content=\"From March 1st to August 31th, 2025, get a chance to win your purchase - Up to $20,000 with SOLARIUM Optimum Inc!\" \/>\n<meta name=\"twitter:image\" content=\"https:\/\/solariumoptimum.com\/qc\/wp-content\/uploads\/2025\/03\/20e-anniversaire-45-EN.jpg\" \/>\n<meta name=\"twitter:site\" content=\"@SolariumOptimum\" \/>\n<meta name=\"twitter:label1\" content=\"Est. reading time\" \/>\n\t<meta name=\"twitter:data1\" content=\"4 minutes\" \/>\n<script type=\"application\/ld+json\" class=\"yoast-schema-graph\">{\"@context\":\"https:\\\/\\\/schema.org\",\"@graph\":[{\"@type\":\"WebPage\",\"@id\":\"https:\\\/\\\/solariumoptimum.com\\\/qc\\\/en-ca\\\/conditions-regulations\\\/\",\"url\":\"https:\\\/\\\/solariumoptimum.com\\\/qc\\\/en-ca\\\/conditions-regulations\\\/\",\"name\":\"Conditions-regulations - SOLARIUM Optimum Inc\",\"isPartOf\":{\"@id\":\"https:\\\/\\\/solariumoptimum.com\\\/qc\\\/en-ca\\\/#website\"},\"primaryImageOfPage\":{\"@id\":\"https:\\\/\\\/solariumoptimum.com\\\/qc\\\/en-ca\\\/conditions-regulations\\\/#primaryimage\"},\"image\":{\"@id\":\"https:\\\/\\\/solariumoptimum.com\\\/qc\\\/en-ca\\\/conditions-regulations\\\/#primaryimage\"},\"thumbnailUrl\":\"https:\\\/\\\/solariumoptimum.com\\\/qc\\\/wp-content\\\/uploads\\\/2025\\\/03\\\/20e-anniversaire-45-EN.jpg\",\"datePublished\":\"2025-02-27T21:34:43+00:00\",\"dateModified\":\"2026-04-08T13:26:16+00:00\",\"description\":\"From March 1 to August 31, 2025, get a chance to win your purchase - Up to $20,000 with SOLARIUM Optimum Inc!\",\"breadcrumb\":{\"@id\":\"https:\\\/\\\/solariumoptimum.com\\\/qc\\\/en-ca\\\/conditions-regulations\\\/#breadcrumb\"},\"inLanguage\":\"en-CA\",\"potentialAction\":[{\"@type\":\"ReadAction\",\"target\":[\"https:\\\/\\\/solariumoptimum.com\\\/qc\\\/en-ca\\\/conditions-regulations\\\/\"]}]},{\"@type\":\"ImageObject\",\"inLanguage\":\"en-CA\",\"@id\":\"https:\\\/\\\/solariumoptimum.com\\\/qc\\\/en-ca\\\/conditions-regulations\\\/#primaryimage\",\"url\":\"https:\\\/\\\/solariumoptimum.com\\\/qc\\\/wp-content\\\/uploads\\\/2025\\\/03\\\/20e-anniversaire-45-EN.jpg\",\"contentUrl\":\"https:\\\/\\\/solariumoptimum.com\\\/qc\\\/wp-content\\\/uploads\\\/2025\\\/03\\\/20e-anniversaire-45-EN.jpg\",\"width\":1350,\"height\":1080,\"caption\":\"20th Anniversary Contest\"},{\"@type\":\"BreadcrumbList\",\"@id\":\"https:\\\/\\\/solariumoptimum.com\\\/qc\\\/en-ca\\\/conditions-regulations\\\/#breadcrumb\",\"itemListElement\":[{\"@type\":\"ListItem\",\"position\":1,\"name\":\"Accueil\",\"item\":\"https:\\\/\\\/solariumoptimum.com\\\/qc\\\/en-ca\\\/\"},{\"@type\":\"ListItem\",\"position\":2,\"name\":\"Conditions-regulations\"}]},{\"@type\":\"WebSite\",\"@id\":\"https:\\\/\\\/solariumoptimum.com\\\/qc\\\/en-ca\\\/#website\",\"url\":\"https:\\\/\\\/solariumoptimum.com\\\/qc\\\/en-ca\\\/\",\"name\":\"SOLARIUM Optimum Inc\",\"description\":\"SOLARIUM Optimum,  Une gamme d&#039;abris sur mesure, tel que, solarium 3 saisons, d&#039;auvents permanents et abris d&#039;auto avec toit en verre garanti \u00e0 vie, fen\u00eatres de v\u00e9randa et plus encore !  Des produits de qualit\u00e9, fabriqu\u00e9s au Qu\u00e9bec et simple \u00e0 installer!\",\"publisher\":{\"@id\":\"https:\\\/\\\/solariumoptimum.com\\\/qc\\\/en-ca\\\/#organization\"},\"alternateName\":\"SOLARIUM Optimum\",\"potentialAction\":[{\"@type\":\"SearchAction\",\"target\":{\"@type\":\"EntryPoint\",\"urlTemplate\":\"https:\\\/\\\/solariumoptimum.com\\\/qc\\\/en-ca\\\/?s={search_term_string}\"},\"query-input\":{\"@type\":\"PropertyValueSpecification\",\"valueRequired\":true,\"valueName\":\"search_term_string\"}}],\"inLanguage\":\"en-CA\"},{\"@type\":\"Organization\",\"@id\":\"https:\\\/\\\/solariumoptimum.com\\\/qc\\\/en-ca\\\/#organization\",\"name\":\"SOLARIUM Optimum Inc\",\"alternateName\":\"SOLARIUM Optimum\",\"url\":\"https:\\\/\\\/solariumoptimum.com\\\/qc\\\/en-ca\\\/\",\"logo\":{\"@type\":\"ImageObject\",\"inLanguage\":\"en-CA\",\"@id\":\"https:\\\/\\\/solariumoptimum.com\\\/qc\\\/en-ca\\\/#\\\/schema\\\/logo\\\/image\\\/\",\"url\":\"https:\\\/\\\/solariumoptimum.com\\\/qc\\\/wp-content\\\/uploads\\\/2022\\\/08\\\/cropped-logo_solarium_optimum.jpg\",\"contentUrl\":\"https:\\\/\\\/solariumoptimum.com\\\/qc\\\/wp-content\\\/uploads\\\/2022\\\/08\\\/cropped-logo_solarium_optimum.jpg\",\"width\":512,\"height\":512,\"caption\":\"SOLARIUM Optimum Inc\"},\"image\":{\"@id\":\"https:\\\/\\\/solariumoptimum.com\\\/qc\\\/en-ca\\\/#\\\/schema\\\/logo\\\/image\\\/\"},\"sameAs\":[\"https:\\\/\\\/www.facebook.com\\\/solariumoptimum\",\"https:\\\/\\\/x.com\\\/SolariumOptimum\",\"https:\\\/\\\/www.linkedin.com\\\/company\\\/solarium-optimum\",\"https:\\\/\\\/www.instagram.com\\\/solariumoptimum\\\/\"]}]}<\/script>\n<!-- \/ Yoast SEO plugin. -->","yoast_head_json":{"title":"Conditions-regulations - SOLARIUM Optimum Inc","description":"From March 1 to August 31, 2025, get a chance to win your purchase - Up to $20,000 with SOLARIUM Optimum Inc!","robots":{"index":"index","follow":"follow","max-snippet":"max-snippet:-1","max-image-preview":"max-image-preview:large","max-video-preview":"max-video-preview:-1"},"canonical":"https:\/\/solariumoptimum.com\/qc\/en-ca\/conditions-regulations\/","og_locale":"en_US","og_type":"article","og_title":"SOLARIUM Optimum 20th Anniversary contest!","og_description":"From March 1st to August 31th, 2025, get a chance to win your purchase - Up to $20,000 with SOLARIUM Optimum Inc!","og_url":"https:\/\/solariumoptimum.com\/qc\/en-ca\/conditions-regulations\/","og_site_name":"SOLARIUM Optimum Inc","article_publisher":"https:\/\/www.facebook.com\/solariumoptimum","article_modified_time":"2026-04-08T13:26:16+00:00","og_image":[{"width":1350,"height":1080,"url":"https:\/\/solariumoptimum.com\/qc\/wp-content\/uploads\/2025\/03\/20e-anniversaire-45-EN.jpg","type":"image\/jpeg"}],"twitter_card":"summary_large_image","twitter_title":"SOLARIUM Optimum 20th Anniversary contest!","twitter_description":"From March 1st to August 31th, 2025, get a chance to win your purchase - Up to $20,000 with SOLARIUM Optimum Inc!","twitter_image":"https:\/\/solariumoptimum.com\/qc\/wp-content\/uploads\/2025\/03\/20e-anniversaire-45-EN.jpg","twitter_site":"@SolariumOptimum","twitter_misc":{"Est. reading time":"4 minutes"},"schema":{"@context":"https:\/\/schema.org","@graph":[{"@type":"WebPage","@id":"https:\/\/solariumoptimum.com\/qc\/en-ca\/conditions-regulations\/","url":"https:\/\/solariumoptimum.com\/qc\/en-ca\/conditions-regulations\/","name":"Conditions-regulations - SOLARIUM Optimum Inc","isPartOf":{"@id":"https:\/\/solariumoptimum.com\/qc\/en-ca\/#website"},"primaryImageOfPage":{"@id":"https:\/\/solariumoptimum.com\/qc\/en-ca\/conditions-regulations\/#primaryimage"},"image":{"@id":"https:\/\/solariumoptimum.com\/qc\/en-ca\/conditions-regulations\/#primaryimage"},"thumbnailUrl":"https:\/\/solariumoptimum.com\/qc\/wp-content\/uploads\/2025\/03\/20e-anniversaire-45-EN.jpg","datePublished":"2025-02-27T21:34:43+00:00","dateModified":"2026-04-08T13:26:16+00:00","description":"From March 1 to August 31, 2025, get a chance to win your purchase - Up to $20,000 with SOLARIUM Optimum Inc!","breadcrumb":{"@id":"https:\/\/solariumoptimum.com\/qc\/en-ca\/conditions-regulations\/#breadcrumb"},"inLanguage":"en-CA","potentialAction":[{"@type":"ReadAction","target":["https:\/\/solariumoptimum.com\/qc\/en-ca\/conditions-regulations\/"]}]},{"@type":"ImageObject","inLanguage":"en-CA","@id":"https:\/\/solariumoptimum.com\/qc\/en-ca\/conditions-regulations\/#primaryimage","url":"https:\/\/solariumoptimum.com\/qc\/wp-content\/uploads\/2025\/03\/20e-anniversaire-45-EN.jpg","contentUrl":"https:\/\/solariumoptimum.com\/qc\/wp-content\/uploads\/2025\/03\/20e-anniversaire-45-EN.jpg","width":1350,"height":1080,"caption":"20th Anniversary Contest"},{"@type":"BreadcrumbList","@id":"https:\/\/solariumoptimum.com\/qc\/en-ca\/conditions-regulations\/#breadcrumb","itemListElement":[{"@type":"ListItem","position":1,"name":"Accueil","item":"https:\/\/solariumoptimum.com\/qc\/en-ca\/"},{"@type":"ListItem","position":2,"name":"Conditions-regulations"}]},{"@type":"WebSite","@id":"https:\/\/solariumoptimum.com\/qc\/en-ca\/#website","url":"https:\/\/solariumoptimum.com\/qc\/en-ca\/","name":"SOLARIUM Optimum Inc","description":"SOLARIUM Optimum,  Une gamme d&#039;abris sur mesure, tel que, solarium 3 saisons, d&#039;auvents permanents et abris d&#039;auto avec toit en verre garanti \u00e0 vie, fen\u00eatres de v\u00e9randa et plus encore !  Des produits de qualit\u00e9, fabriqu\u00e9s au Qu\u00e9bec et simple \u00e0 installer!","publisher":{"@id":"https:\/\/solariumoptimum.com\/qc\/en-ca\/#organization"},"alternateName":"SOLARIUM Optimum","potentialAction":[{"@type":"SearchAction","target":{"@type":"EntryPoint","urlTemplate":"https:\/\/solariumoptimum.com\/qc\/en-ca\/?s={search_term_string}"},"query-input":{"@type":"PropertyValueSpecification","valueRequired":true,"valueName":"search_term_string"}}],"inLanguage":"en-CA"},{"@type":"Organization","@id":"https:\/\/solariumoptimum.com\/qc\/en-ca\/#organization","name":"SOLARIUM Optimum Inc","alternateName":"SOLARIUM Optimum","url":"https:\/\/solariumoptimum.com\/qc\/en-ca\/","logo":{"@type":"ImageObject","inLanguage":"en-CA","@id":"https:\/\/solariumoptimum.com\/qc\/en-ca\/#\/schema\/logo\/image\/","url":"https:\/\/solariumoptimum.com\/qc\/wp-content\/uploads\/2022\/08\/cropped-logo_solarium_optimum.jpg","contentUrl":"https:\/\/solariumoptimum.com\/qc\/wp-content\/uploads\/2022\/08\/cropped-logo_solarium_optimum.jpg","width":512,"height":512,"caption":"SOLARIUM Optimum Inc"},"image":{"@id":"https:\/\/solariumoptimum.com\/qc\/en-ca\/#\/schema\/logo\/image\/"},"sameAs":["https:\/\/www.facebook.com\/solariumoptimum","https:\/\/x.com\/SolariumOptimum","https:\/\/www.linkedin.com\/company\/solarium-optimum","https:\/\/www.instagram.com\/solariumoptimum\/"]}]}},"_links":{"self":[{"href":"https:\/\/solariumoptimum.com\/qc\/en-ca\/wp-json\/wp\/v2\/pages\/5739","targetHints":{"allow":["GET"]}}],"collection":[{"href":"https:\/\/solariumoptimum.com\/qc\/en-ca\/wp-json\/wp\/v2\/pages"}],"about":[{"href":"https:\/\/solariumoptimum.com\/qc\/en-ca\/wp-json\/wp\/v2\/types\/page"}],"author":[{"embeddable":true,"href":"https:\/\/solariumoptimum.com\/qc\/en-ca\/wp-json\/wp\/v2\/users\/6"}],"replies":[{"embeddable":true,"href":"https:\/\/solariumoptimum.com\/qc\/en-ca\/wp-json\/wp\/v2\/comments?post=5739"}],"version-history":[{"count":14,"href":"https:\/\/solariumoptimum.com\/qc\/en-ca\/wp-json\/wp\/v2\/pages\/5739\/revisions"}],"predecessor-version":[{"id":7712,"href":"https:\/\/solariumoptimum.com\/qc\/en-ca\/wp-json\/wp\/v2\/pages\/5739\/revisions\/7712"}],"wp:featuredmedia":[{"embeddable":true,"href":"https:\/\/solariumoptimum.com\/qc\/en-ca\/wp-json\/wp\/v2\/media\/5841"}],"wp:attachment":[{"href":"https:\/\/solariumoptimum.com\/qc\/en-ca\/wp-json\/wp\/v2\/media?parent=5739"}],"curies":[{"name":"wp","href":"https:\/\/api.w.org\/{rel}","templated":true}]}}