{"id":3,"date":"2022-08-30T20:43:08","date_gmt":"2022-08-30T20:43:08","guid":{"rendered":"https:\/\/solariumoptimum.com\/qc\/?page_id=3"},"modified":"2025-03-26T13:48:13","modified_gmt":"2025-03-26T17:48:13","slug":"politique-de-confidentialite","status":"publish","type":"page","link":"https:\/\/solariumoptimum.com\/qc\/politique-de-confidentialite\/","title":{"rendered":"Politique de confidentialit\u00e9"},"content":{"rendered":"<p>[et_pb_section fb_built=\u00a0\u00bb1&Prime; custom_padding_last_edited=\u00a0\u00bbon|tablet\u00a0\u00bb admin_label=\u00a0\u00bbSection\u00a0\u00bb _builder_version=\u00a0\u00bb4.27.4&Prime; _module_preset=\u00a0\u00bbdefault\u00a0\u00bb background_image=\u00a0\u00bbhttps:\/\/solariumoptimum.com\/qc\/wp-content\/uploads\/2022\/09\/ban_solarium_optimum-1.jpg\u00a0\u00bb width=\u00a0\u00bb100%\u00a0\u00bb max_width=\u00a0\u00bb100%\u00a0\u00bb module_alignment=\u00a0\u00bbcenter\u00a0\u00bb min_height=\u00a0\u00bb150px\u00a0\u00bb min_height_tablet=\u00a0\u00bb105px\u00a0\u00bb min_height_phone=\u00a0\u00bb100px\u00a0\u00bb min_height_last_edited=\u00a0\u00bbon|desktop\u00a0\u00bb height_tablet=\u00a0\u00bb\u00a0\u00bb height_phone=\u00a0\u00bbauto\u00a0\u00bb height_last_edited=\u00a0\u00bbon|tablet\u00a0\u00bb custom_margin=\u00a0\u00bb3%|0px|0px|0px|false|false\u00a0\u00bb custom_margin_tablet=\u00a0\u00bb8%||0px|0px|false|false\u00a0\u00bb custom_margin_phone=\u00a0\u00bb12%||0px|0px|false|false\u00a0\u00bb custom_margin_last_edited=\u00a0\u00bbon|phone\u00a0\u00bb custom_padding=\u00a0\u00bb0px|0px|0px|0px|false|false\u00a0\u00bb custom_padding_tablet=\u00a0\u00bb0px|0px|0px|0px|false|false\u00a0\u00bb custom_padding_phone=\u00a0\u00bb0px|0px|0px|0px|false|false\u00a0\u00bb scroll_fade=\u00a0\u00bb0|51|51|100|100%|100|100&Prime; background_last_edited=\u00a0\u00bbon|tablet\u00a0\u00bb background_image_tablet=\u00a0\u00bbhttps:\/\/solariumoptimum.com\/qc\/wp-content\/uploads\/2022\/09\/ban_mob_solarium_optimum-1.jpg\u00a0\u00bb background_enable_image_tablet=\u00a0\u00bbon\u00a0\u00bb parallax_method_tablet=\u00a0\u00bboff\u00a0\u00bb module_alignment_tablet=\u00a0\u00bbcenter\u00a0\u00bb module_alignment_phone=\u00a0\u00bbcenter\u00a0\u00bb module_alignment_last_edited=\u00a0\u00bbon|desktop\u00a0\u00bb border_color_top=\u00a0\u00bb#182859&Prime; border_width_bottom=\u00a0\u00bb5px\u00a0\u00bb border_color_bottom=\u00a0\u00bb#182859&Prime; global_colors_info=\u00a0\u00bb{}\u00a0\u00bb][et_pb_row _builder_version=\u00a0\u00bb4.18.0&Prime; _module_preset=\u00a0\u00bbdefault\u00a0\u00bb custom_margin=\u00a0\u00bb-66px|auto|4px|auto||\u00a0\u00bb custom_padding=\u00a0\u00bb37px||1px|||\u00a0\u00bb global_colors_info=\u00a0\u00bb{}\u00a0\u00bb][et_pb_column type=\u00a0\u00bb4_4&Prime; _builder_version=\u00a0\u00bb4.18.0&Prime; _module_preset=\u00a0\u00bbdefault\u00a0\u00bb global_colors_info=\u00a0\u00bb{}\u00a0\u00bb][et_pb_text _builder_version=\u00a0\u00bb4.27.4&Prime; _module_preset=\u00a0\u00bbdefault\u00a0\u00bb header_2_font=\u00a0\u00bb|800|||||||\u00a0\u00bb header_2_text_color=\u00a0\u00bb#FFFFFF\u00a0\u00bb header_2_font_size=\u00a0\u00bb55px\u00a0\u00bb header_3_text_color=\u00a0\u00bb#FFFFFF\u00a0\u00bb custom_padding=\u00a0\u00bb2%||||false|false\u00a0\u00bb custom_padding_tablet=\u00a0\u00bb0%||||false|false\u00a0\u00bb custom_padding_phone=\u00a0\u00bb1%||||false|false\u00a0\u00bb custom_padding_last_edited=\u00a0\u00bbon|tablet\u00a0\u00bb header_2_font_size_tablet=\u00a0\u00bb45px\u00a0\u00bb header_2_font_size_phone=\u00a0\u00bb35px\u00a0\u00bb header_2_font_size_last_edited=\u00a0\u00bbon|phone\u00a0\u00bb global_colors_info=\u00a0\u00bb{}\u00a0\u00bb]<\/p>\n<h2 style=\"text-align: center;\">Politique de confidentialit\u00e9<\/h2>\n<p>[\/et_pb_text][\/et_pb_column][\/et_pb_row][\/et_pb_section][et_pb_section fb_built=\u00a0\u00bb1&Prime; admin_label=\u00a0\u00bbsection\u00a0\u00bb _builder_version=\u00a0\u00bb4.16&Prime; global_colors_info=\u00a0\u00bb{}\u00a0\u00bb][et_pb_row _builder_version=\u00a0\u00bb4.18.0&Prime; _module_preset=\u00a0\u00bbdefault\u00a0\u00bb global_colors_info=\u00a0\u00bb{}\u00a0\u00bb][et_pb_column type=\u00a0\u00bb4_4&Prime; _builder_version=\u00a0\u00bb4.18.0&Prime; _module_preset=\u00a0\u00bbdefault\u00a0\u00bb global_colors_info=\u00a0\u00bb{}\u00a0\u00bb][et_pb_text _builder_version=\u00a0\u00bb4.18.0&Prime; _module_preset=\u00a0\u00bbdefault\u00a0\u00bb global_colors_info=\u00a0\u00bb{}\u00a0\u00bb]<\/p>\n<h1 style=\"text-align: justify;\"><strong><span style=\"color: #003366;\">Commentaires<\/span><\/strong><\/h1>\n<p style=\"text-align: justify;\">Lorsque les visiteurs laissent des commentaires sur le site, nous recueillons les donn\u00e9es indiqu\u00e9es dans le formulaire de commentaires, ainsi que l&rsquo;adresse IP du visiteur et la cha\u00eene d&rsquo;agent utilisateur du navigateur pour faciliter la d\u00e9tection des spams.<\/p>\n<p style=\"text-align: justify;\">Les commentaires peuvent \u00eatre v\u00e9rifi\u00e9s par un service automatis\u00e9 de d\u00e9tection des spams.<\/p>\n<h1 style=\"text-align: justify;\"><span style=\"color: #003366;\"><strong>M\u00e9dias<\/strong><\/span><\/h1>\n<p style=\"text-align: justify;\">Si vous t\u00e9l\u00e9chargez des images sur le site Web, vous devez \u00e9viter de t\u00e9l\u00e9charger des images contenant des donn\u00e9es de localisation int\u00e9gr\u00e9es (GPS EXIF). Les visiteurs du site web peuvent t\u00e9l\u00e9charger et extraire toutes les donn\u00e9es de localisation des images sur le site web.<\/p>\n<h1 style=\"text-align: justify;\"><span style=\"color: #003366;\"><strong>Cookies<\/strong><\/span><\/h1>\n<p style=\"text-align: justify;\">Si vous laissez un commentaire sur notre site, vous pouvez accepter que votre nom, votre adresse \u00e9lectronique et votre site Web soient enregistr\u00e9s dans des cookies. Ces cookies vous permettent de ne pas avoir \u00e0 remplir \u00e0 nouveau vos coordonn\u00e9es lorsque vous laissez un autre commentaire. Ces cookies ont une dur\u00e9e de vie d&rsquo;un an.<\/p>\n<p style=\"text-align: justify;\">Si vous visitez notre page de connexion, nous installerons un cookie temporaire pour d\u00e9terminer si votre navigateur accepte les cookies. Ce cookie ne contient aucune donn\u00e9e personnelle et est supprim\u00e9 lorsque vous fermez votre navigateur.<\/p>\n<p style=\"text-align: justify;\">Lorsque vous vous connecterez, nous installerons \u00e9galement plusieurs cookies pour enregistrer vos informations de connexion et vos choix d&rsquo;affichage d&rsquo;\u00e9cran. Les cookies de connexion durent deux jours, et les cookies d&rsquo;options d&rsquo;\u00e9cran durent un an. Si vous s\u00e9lectionnez l&rsquo;option \u00ab\u00a0Se souvenir de moi\u00a0\u00bb, votre connexion sera conserv\u00e9e pendant deux semaines. Si vous vous d\u00e9connectez de votre compte, les cookies de connexion seront supprim\u00e9s.<\/p>\n<p style=\"text-align: justify;\">Si vous modifiez ou publiez un article, un cookie suppl\u00e9mentaire sera enregistr\u00e9 dans votre navigateur. Ce cookie ne comprend aucune donn\u00e9e personnelle et indique simplement l&rsquo;ID de l&rsquo;article que vous venez de modifier. Il expire apr\u00e8s 1 jour.<\/p>\n<h1 style=\"text-align: justify;\"><span style=\"color: #003366;\"><strong>Avec qui nous partageons vos donn\u00e9es<\/strong><\/span><\/h1>\n<p style=\"text-align: justify;\">Seuls les administrateurs et experts en solarium de Solarium Optimum Inc, ont acc\u00e8s au donn\u00e9es que vous nous envoyer, et ce, dans le but de vous r\u00e9pondre, seulement.<\/p>\n<h1 style=\"text-align: justify;\"><span style=\"color: #003366;\"><strong>Combien de temps conservons-nous vos donn\u00e9es ?<\/strong><\/span><\/h1>\n<p style=\"text-align: justify;\">Si vous envoyer un commentaire, le commentaire et ses m\u00e9tadonn\u00e9es sont conserv\u00e9s ind\u00e9finiment. Cela nous permet de reconna\u00eetre et d&rsquo;approuver automatiquement tout commentaire ult\u00e9rieur au lieu de le conserver dans une file d&rsquo;attente de mod\u00e9ration.<\/p>\n<p style=\"text-align: justify;\">Pour les utilisateurs qui s&rsquo;inscrivent sur notre site web (le cas \u00e9ch\u00e9ant), nous conservons \u00e9galement les informations personnelles qu&rsquo;ils fournissent dans leur profil d&rsquo;utilisateur. Tous les utilisateurs peuvent consulter, modifier ou supprimer leurs informations personnelles \u00e0 tout moment (sauf qu&rsquo;ils ne peuvent pas changer leur nom d&rsquo;utilisateur). Les administrateurs du site web peuvent \u00e9galement voir et modifier ces informations.<\/p>\n<p style=\"text-align: justify;\">[\/et_pb_text][\/et_pb_column][\/et_pb_row][\/et_pb_section]<\/p>\n","protected":false},"excerpt":{"rendered":"<p>Politique de confidentialit\u00e9Commentaires Lorsque les visiteurs laissent des commentaires sur le site, nous recueillons les donn\u00e9es indiqu\u00e9es dans le formulaire de commentaires, ainsi que l&rsquo;adresse IP du visiteur et la cha\u00eene d&rsquo;agent utilisateur du navigateur pour faciliter la d\u00e9tection des spams. Les commentaires peuvent \u00eatre v\u00e9rifi\u00e9s par un service automatis\u00e9 de d\u00e9tection des spams. M\u00e9dias [&hellip;]<\/p>\n","protected":false},"author":1,"featured_media":0,"parent":0,"menu_order":0,"comment_status":"closed","ping_status":"open","template":"","meta":{"_et_pb_use_builder":"on","_et_pb_old_content":"<!-- wp:heading -->\n<h2>Who we are<\/h2>\n<!-- \/wp:heading -->\n\n<!-- wp:paragraph -->\n<p><strong class=\"privacy-policy-tutorial\">Suggested text: <\/strong>Our website address is: https:\/\/solariumoptimum.com\/qc.<\/p>\n<!-- \/wp:paragraph -->\n\n<!-- wp:heading -->\n<h2>Comments<\/h2>\n<!-- \/wp:heading -->\n\n<!-- wp:paragraph -->\n<p><strong class=\"privacy-policy-tutorial\">Suggested text: <\/strong>When visitors leave comments on the site we collect the data shown in the comments form, and also the visitor\u2019s IP address and browser user agent string to help spam detection.<\/p>\n<!-- \/wp:paragraph -->\n\n<!-- wp:paragraph -->\n<p>An anonymized string created from your email address (also called a hash) may be provided to the Gravatar service to see if you are using it. The Gravatar service privacy policy is available here: https:\/\/automattic.com\/privacy\/. After approval of your comment, your profile picture is visible to the public in the context of your comment.<\/p>\n<!-- \/wp:paragraph -->\n\n<!-- wp:heading -->\n<h2>Media<\/h2>\n<!-- \/wp:heading -->\n\n<!-- wp:paragraph -->\n<p><strong class=\"privacy-policy-tutorial\">Suggested text: <\/strong>If you upload images to the website, you should avoid uploading images with embedded location data (EXIF GPS) included. Visitors to the website can download and extract any location data from images on the website.<\/p>\n<!-- \/wp:paragraph -->\n\n<!-- wp:heading -->\n<h2>Cookies<\/h2>\n<!-- \/wp:heading -->\n\n<!-- wp:paragraph -->\n<p><strong class=\"privacy-policy-tutorial\">Suggested text: <\/strong>If you leave a comment on our site you may opt-in to saving your name, email address and website in cookies. These are for your convenience so that you do not have to fill in your details again when you leave another comment. These cookies will last for one year.<\/p>\n<!-- \/wp:paragraph -->\n\n<!-- wp:paragraph -->\n<p>If you visit our login page, we will set a temporary cookie to determine if your browser accepts cookies. This cookie contains no personal data and is discarded when you close your browser.<\/p>\n<!-- \/wp:paragraph -->\n\n<!-- wp:paragraph -->\n<p>When you log in, we will also set up several cookies to save your login information and your screen display choices. Login cookies last for two days, and screen options cookies last for a year. If you select \"Remember Me\", your login will persist for two weeks. If you log out of your account, the login cookies will be removed.<\/p>\n<!-- \/wp:paragraph -->\n\n<!-- wp:paragraph -->\n<p>If you edit or publish an article, an additional cookie will be saved in your browser. This cookie includes no personal data and simply indicates the post ID of the article you just edited. It expires after 1 day.<\/p>\n<!-- \/wp:paragraph -->\n\n<!-- wp:heading -->\n<h2>Embedded content from other websites<\/h2>\n<!-- \/wp:heading -->\n\n<!-- wp:paragraph -->\n<p><strong class=\"privacy-policy-tutorial\">Suggested text: <\/strong>Articles on this site may include embedded content (e.g. videos, images, articles, etc.). Embedded content from other websites behaves in the exact same way as if the visitor has visited the other website.<\/p>\n<!-- \/wp:paragraph -->\n\n<!-- wp:paragraph -->\n<p>These websites may collect data about you, use cookies, embed additional third-party tracking, and monitor your interaction with that embedded content, including tracking your interaction with the embedded content if you have an account and are logged in to that website.<\/p>\n<!-- \/wp:paragraph -->\n\n<!-- wp:heading -->\n<h2>Who we share your data with<\/h2>\n<!-- \/wp:heading -->\n\n<!-- wp:paragraph -->\n<p><strong class=\"privacy-policy-tutorial\">Suggested text: <\/strong>If you request a password reset, your IP address will be included in the reset email.<\/p>\n<!-- \/wp:paragraph -->\n\n<!-- wp:heading -->\n<h2>How long we retain your data<\/h2>\n<!-- \/wp:heading -->\n\n<!-- wp:paragraph -->\n<p><strong class=\"privacy-policy-tutorial\">Suggested text: <\/strong>If you leave a comment, the comment and its metadata are retained indefinitely. This is so we can recognize and approve any follow-up comments automatically instead of holding them in a moderation queue.<\/p>\n<!-- \/wp:paragraph -->\n\n<!-- wp:paragraph -->\n<p>For users that register on our website (if any), we also store the personal information they provide in their user profile. All users can see, edit, or delete their personal information at any time (except they cannot change their username). Website administrators can also see and edit that information.<\/p>\n<!-- \/wp:paragraph -->\n\n<!-- wp:heading -->\n<h2>What rights you have over your data<\/h2>\n<!-- \/wp:heading -->\n\n<!-- wp:paragraph -->\n<p><strong class=\"privacy-policy-tutorial\">Suggested text: <\/strong>If you have an account on this site, or have left comments, you can request to receive an exported file of the personal data we hold about you, including any data you have provided to us. You can also request that we erase any personal data we hold about you. This does not include any data we are obliged to keep for administrative, legal, or security purposes.<\/p>\n<!-- \/wp:paragraph -->\n\n<!-- wp:heading -->\n<h2>Where your data is sent<\/h2>\n<!-- \/wp:heading -->\n\n<!-- wp:paragraph -->\n<p><strong class=\"privacy-policy-tutorial\">Suggested text: <\/strong>Visitor comments may be checked through an automated spam detection service.<\/p>\n<!-- \/wp:paragraph -->","_et_gb_content_width":"","content-type":"","footnotes":""},"class_list":["post-3","page","type-page","status-publish","hentry"],"yoast_head":"<!-- This site is optimized with the Yoast SEO plugin v27.4 - https:\/\/yoast.com\/product\/yoast-seo-wordpress\/ -->\n<title>Politique de confidentialit\u00e9 - SOLARIUM Optimum Inc<\/title>\n<meta name=\"robots\" content=\"index, nofollow, max-snippet:-1, max-image-preview:large, max-video-preview:-1\" \/>\n<link rel=\"canonical\" href=\"https:\/\/solariumoptimum.com\/qc\/politique-de-confidentialite\/\" \/>\n<meta property=\"og:locale\" content=\"fr_CA\" \/>\n<meta property=\"og:type\" content=\"article\" \/>\n<meta property=\"og:title\" content=\"Politique de confidentialit\u00e9 - SOLARIUM Optimum Inc\" \/>\n<meta property=\"og:description\" content=\"Politique de confidentialit\u00e9Commentaires Lorsque les visiteurs laissent des commentaires sur le site, nous recueillons les donn\u00e9es indiqu\u00e9es dans le formulaire de commentaires, ainsi que l&#039;adresse IP du visiteur et la cha\u00eene d&#039;agent utilisateur du navigateur pour faciliter la d\u00e9tection des spams. Les commentaires peuvent \u00eatre v\u00e9rifi\u00e9s par un service automatis\u00e9 de d\u00e9tection des spams. M\u00e9dias [&hellip;]\" \/>\n<meta property=\"og:url\" content=\"https:\/\/solariumoptimum.com\/qc\/politique-de-confidentialite\/\" \/>\n<meta property=\"og:site_name\" content=\"SOLARIUM Optimum Inc\" \/>\n<meta property=\"article:publisher\" content=\"https:\/\/www.facebook.com\/solariumoptimum\" \/>\n<meta property=\"article:modified_time\" content=\"2025-03-26T17:48:13+00:00\" \/>\n<meta name=\"twitter:card\" content=\"summary_large_image\" \/>\n<meta name=\"twitter:site\" content=\"@SolariumOptimum\" \/>\n<meta name=\"twitter:label1\" content=\"Estimation du temps de lecture\" \/>\n\t<meta name=\"twitter:data1\" content=\"4 minutes\" \/>\n<script type=\"application\/ld+json\" class=\"yoast-schema-graph\">{\"@context\":\"https:\\\/\\\/schema.org\",\"@graph\":[{\"@type\":[\"WebPage\",\"FAQPage\"],\"@id\":\"https:\\\/\\\/solariumoptimum.com\\\/qc\\\/politique-de-confidentialite\\\/\",\"url\":\"https:\\\/\\\/solariumoptimum.com\\\/qc\\\/politique-de-confidentialite\\\/\",\"name\":\"Politique de confidentialit\u00e9 - SOLARIUM Optimum Inc\",\"isPartOf\":{\"@id\":\"https:\\\/\\\/solariumoptimum.com\\\/qc\\\/#website\"},\"datePublished\":\"2022-08-30T20:43:08+00:00\",\"dateModified\":\"2025-03-26T17:48:13+00:00\",\"breadcrumb\":{\"@id\":\"https:\\\/\\\/solariumoptimum.com\\\/qc\\\/politique-de-confidentialite\\\/#breadcrumb\"},\"inLanguage\":\"fr-CA\",\"potentialAction\":[{\"@type\":\"ReadAction\",\"target\":[\"https:\\\/\\\/solariumoptimum.com\\\/qc\\\/politique-de-confidentialite\\\/\"]}]},{\"@type\":\"BreadcrumbList\",\"@id\":\"https:\\\/\\\/solariumoptimum.com\\\/qc\\\/politique-de-confidentialite\\\/#breadcrumb\",\"itemListElement\":[{\"@type\":\"ListItem\",\"position\":1,\"name\":\"Accueil\",\"item\":\"https:\\\/\\\/solariumoptimum.com\\\/qc\\\/\"},{\"@type\":\"ListItem\",\"position\":2,\"name\":\"Politique de confidentialit\u00e9\"}]},{\"@type\":\"WebSite\",\"@id\":\"https:\\\/\\\/solariumoptimum.com\\\/qc\\\/#website\",\"url\":\"https:\\\/\\\/solariumoptimum.com\\\/qc\\\/\",\"name\":\"SOLARIUM Optimum Inc\",\"description\":\"SOLARIUM Optimum,  Une gamme d&#039;abris sur mesure, tel que, solarium 3 saisons, d&#039;auvents permanents et abris d&#039;auto avec toit en verre garanti \u00e0 vie, fen\u00eatres de v\u00e9randa et plus encore !  Des produits de qualit\u00e9, fabriqu\u00e9s au Qu\u00e9bec et simple \u00e0 installer!\",\"publisher\":{\"@id\":\"https:\\\/\\\/solariumoptimum.com\\\/qc\\\/#organization\"},\"alternateName\":\"SOLARIUM Optimum\",\"potentialAction\":[{\"@type\":\"SearchAction\",\"target\":{\"@type\":\"EntryPoint\",\"urlTemplate\":\"https:\\\/\\\/solariumoptimum.com\\\/qc\\\/?s={search_term_string}\"},\"query-input\":{\"@type\":\"PropertyValueSpecification\",\"valueRequired\":true,\"valueName\":\"search_term_string\"}}],\"inLanguage\":\"fr-CA\"},{\"@type\":\"Organization\",\"@id\":\"https:\\\/\\\/solariumoptimum.com\\\/qc\\\/#organization\",\"name\":\"SOLARIUM Optimum Inc\",\"alternateName\":\"SOLARIUM Optimum\",\"url\":\"https:\\\/\\\/solariumoptimum.com\\\/qc\\\/\",\"logo\":{\"@type\":\"ImageObject\",\"inLanguage\":\"fr-CA\",\"@id\":\"https:\\\/\\\/solariumoptimum.com\\\/qc\\\/#\\\/schema\\\/logo\\\/image\\\/\",\"url\":\"https:\\\/\\\/solariumoptimum.com\\\/qc\\\/wp-content\\\/uploads\\\/2022\\\/08\\\/cropped-logo_solarium_optimum.jpg\",\"contentUrl\":\"https:\\\/\\\/solariumoptimum.com\\\/qc\\\/wp-content\\\/uploads\\\/2022\\\/08\\\/cropped-logo_solarium_optimum.jpg\",\"width\":512,\"height\":512,\"caption\":\"SOLARIUM Optimum Inc\"},\"image\":{\"@id\":\"https:\\\/\\\/solariumoptimum.com\\\/qc\\\/#\\\/schema\\\/logo\\\/image\\\/\"},\"sameAs\":[\"https:\\\/\\\/www.facebook.com\\\/solariumoptimum\",\"https:\\\/\\\/x.com\\\/SolariumOptimum\",\"https:\\\/\\\/www.linkedin.com\\\/company\\\/solarium-optimum\",\"https:\\\/\\\/www.instagram.com\\\/solariumoptimum\\\/\"]}]}<\/script>\n<!-- \/ Yoast SEO plugin. -->","yoast_head_json":{"title":"Politique de confidentialit\u00e9 - SOLARIUM Optimum Inc","robots":{"index":"index","follow":"nofollow","max-snippet":"max-snippet:-1","max-image-preview":"max-image-preview:large","max-video-preview":"max-video-preview:-1"},"canonical":"https:\/\/solariumoptimum.com\/qc\/politique-de-confidentialite\/","og_locale":"fr_CA","og_type":"article","og_title":"Politique de confidentialit\u00e9 - SOLARIUM Optimum Inc","og_description":"Politique de confidentialit\u00e9Commentaires Lorsque les visiteurs laissent des commentaires sur le site, nous recueillons les donn\u00e9es indiqu\u00e9es dans le formulaire de commentaires, ainsi que l'adresse IP du visiteur et la cha\u00eene d'agent utilisateur du navigateur pour faciliter la d\u00e9tection des spams. Les commentaires peuvent \u00eatre v\u00e9rifi\u00e9s par un service automatis\u00e9 de d\u00e9tection des spams. M\u00e9dias [&hellip;]","og_url":"https:\/\/solariumoptimum.com\/qc\/politique-de-confidentialite\/","og_site_name":"SOLARIUM Optimum Inc","article_publisher":"https:\/\/www.facebook.com\/solariumoptimum","article_modified_time":"2025-03-26T17:48:13+00:00","twitter_card":"summary_large_image","twitter_site":"@SolariumOptimum","twitter_misc":{"Estimation du temps de lecture":"4 minutes"},"schema":{"@context":"https:\/\/schema.org","@graph":[{"@type":["WebPage","FAQPage"],"@id":"https:\/\/solariumoptimum.com\/qc\/politique-de-confidentialite\/","url":"https:\/\/solariumoptimum.com\/qc\/politique-de-confidentialite\/","name":"Politique de confidentialit\u00e9 - SOLARIUM Optimum Inc","isPartOf":{"@id":"https:\/\/solariumoptimum.com\/qc\/#website"},"datePublished":"2022-08-30T20:43:08+00:00","dateModified":"2025-03-26T17:48:13+00:00","breadcrumb":{"@id":"https:\/\/solariumoptimum.com\/qc\/politique-de-confidentialite\/#breadcrumb"},"inLanguage":"fr-CA","potentialAction":[{"@type":"ReadAction","target":["https:\/\/solariumoptimum.com\/qc\/politique-de-confidentialite\/"]}]},{"@type":"BreadcrumbList","@id":"https:\/\/solariumoptimum.com\/qc\/politique-de-confidentialite\/#breadcrumb","itemListElement":[{"@type":"ListItem","position":1,"name":"Accueil","item":"https:\/\/solariumoptimum.com\/qc\/"},{"@type":"ListItem","position":2,"name":"Politique de confidentialit\u00e9"}]},{"@type":"WebSite","@id":"https:\/\/solariumoptimum.com\/qc\/#website","url":"https:\/\/solariumoptimum.com\/qc\/","name":"SOLARIUM Optimum Inc","description":"SOLARIUM Optimum,  Une gamme d&#039;abris sur mesure, tel que, solarium 3 saisons, d&#039;auvents permanents et abris d&#039;auto avec toit en verre garanti \u00e0 vie, fen\u00eatres de v\u00e9randa et plus encore !  Des produits de qualit\u00e9, fabriqu\u00e9s au Qu\u00e9bec et simple \u00e0 installer!","publisher":{"@id":"https:\/\/solariumoptimum.com\/qc\/#organization"},"alternateName":"SOLARIUM Optimum","potentialAction":[{"@type":"SearchAction","target":{"@type":"EntryPoint","urlTemplate":"https:\/\/solariumoptimum.com\/qc\/?s={search_term_string}"},"query-input":{"@type":"PropertyValueSpecification","valueRequired":true,"valueName":"search_term_string"}}],"inLanguage":"fr-CA"},{"@type":"Organization","@id":"https:\/\/solariumoptimum.com\/qc\/#organization","name":"SOLARIUM Optimum Inc","alternateName":"SOLARIUM Optimum","url":"https:\/\/solariumoptimum.com\/qc\/","logo":{"@type":"ImageObject","inLanguage":"fr-CA","@id":"https:\/\/solariumoptimum.com\/qc\/#\/schema\/logo\/image\/","url":"https:\/\/solariumoptimum.com\/qc\/wp-content\/uploads\/2022\/08\/cropped-logo_solarium_optimum.jpg","contentUrl":"https:\/\/solariumoptimum.com\/qc\/wp-content\/uploads\/2022\/08\/cropped-logo_solarium_optimum.jpg","width":512,"height":512,"caption":"SOLARIUM Optimum Inc"},"image":{"@id":"https:\/\/solariumoptimum.com\/qc\/#\/schema\/logo\/image\/"},"sameAs":["https:\/\/www.facebook.com\/solariumoptimum","https:\/\/x.com\/SolariumOptimum","https:\/\/www.linkedin.com\/company\/solarium-optimum","https:\/\/www.instagram.com\/solariumoptimum\/"]}]}},"_links":{"self":[{"href":"https:\/\/solariumoptimum.com\/qc\/wp-json\/wp\/v2\/pages\/3","targetHints":{"allow":["GET"]}}],"collection":[{"href":"https:\/\/solariumoptimum.com\/qc\/wp-json\/wp\/v2\/pages"}],"about":[{"href":"https:\/\/solariumoptimum.com\/qc\/wp-json\/wp\/v2\/types\/page"}],"author":[{"embeddable":true,"href":"https:\/\/solariumoptimum.com\/qc\/wp-json\/wp\/v2\/users\/1"}],"replies":[{"embeddable":true,"href":"https:\/\/solariumoptimum.com\/qc\/wp-json\/wp\/v2\/comments?post=3"}],"version-history":[{"count":6,"href":"https:\/\/solariumoptimum.com\/qc\/wp-json\/wp\/v2\/pages\/3\/revisions"}],"predecessor-version":[{"id":6635,"href":"https:\/\/solariumoptimum.com\/qc\/wp-json\/wp\/v2\/pages\/3\/revisions\/6635"}],"wp:attachment":[{"href":"https:\/\/solariumoptimum.com\/qc\/wp-json\/wp\/v2\/media?parent=3"}],"curies":[{"name":"wp","href":"https:\/\/api.w.org\/{rel}","templated":true}]}}