{"id":3526,"date":"2023-02-07T17:29:58","date_gmt":"2023-02-07T21:29:58","guid":{"rendered":"https:\/\/solariumoptimum.com\/qc\/?page_id=3526"},"modified":"2025-03-24T12:21:16","modified_gmt":"2025-03-24T16:21:16","slug":"plan-de-financement","status":"publish","type":"page","link":"https:\/\/solariumoptimum.com\/qc\/plan-de-financement\/","title":{"rendered":"Financement"},"content":{"rendered":"<p>[et_pb_section fb_built=\u00a0\u00bb1&Prime; custom_padding_last_edited=\u00a0\u00bbon|tablet\u00a0\u00bb admin_label=\u00a0\u00bbSection\u00a0\u00bb _builder_version=\u00a0\u00bb4.27.4&Prime; _module_preset=\u00a0\u00bbdefault\u00a0\u00bb background_image=\u00a0\u00bbhttps:\/\/solariumoptimum.com\/qc\/wp-content\/uploads\/2022\/09\/ban_solarium_optimum-1.jpg\u00a0\u00bb width=\u00a0\u00bb100%\u00a0\u00bb max_width=\u00a0\u00bb100%\u00a0\u00bb module_alignment=\u00a0\u00bbcenter\u00a0\u00bb min_height=\u00a0\u00bb150px\u00a0\u00bb min_height_tablet=\u00a0\u00bb105px\u00a0\u00bb min_height_phone=\u00a0\u00bb100px\u00a0\u00bb min_height_last_edited=\u00a0\u00bbon|desktop\u00a0\u00bb height_tablet=\u00a0\u00bb\u00a0\u00bb height_phone=\u00a0\u00bbauto\u00a0\u00bb height_last_edited=\u00a0\u00bbon|tablet\u00a0\u00bb custom_margin=\u00a0\u00bb3%|0px|0px|0px|false|false\u00a0\u00bb custom_margin_tablet=\u00a0\u00bb8%||0px|0px|false|false\u00a0\u00bb custom_margin_phone=\u00a0\u00bb12%||0px|0px|false|false\u00a0\u00bb custom_margin_last_edited=\u00a0\u00bbon|phone\u00a0\u00bb custom_padding=\u00a0\u00bb0px|0px|0px|0px|false|false\u00a0\u00bb custom_padding_tablet=\u00a0\u00bb0px|0px|0px|0px|false|false\u00a0\u00bb custom_padding_phone=\u00a0\u00bb0px|0px|0px|0px|false|false\u00a0\u00bb scroll_fade=\u00a0\u00bb0|51|51|100|100%|100|100&Prime; background_last_edited=\u00a0\u00bbon|tablet\u00a0\u00bb background_image_tablet=\u00a0\u00bbhttps:\/\/solariumoptimum.com\/qc\/wp-content\/uploads\/2022\/09\/ban_mob_solarium_optimum-1.jpg\u00a0\u00bb background_enable_image_tablet=\u00a0\u00bbon\u00a0\u00bb parallax_method_tablet=\u00a0\u00bboff\u00a0\u00bb module_alignment_tablet=\u00a0\u00bbcenter\u00a0\u00bb module_alignment_phone=\u00a0\u00bbcenter\u00a0\u00bb module_alignment_last_edited=\u00a0\u00bbon|desktop\u00a0\u00bb border_color_top=\u00a0\u00bb#182859&Prime; border_width_bottom=\u00a0\u00bb5px\u00a0\u00bb border_color_bottom=\u00a0\u00bb#182859&Prime; global_colors_info=\u00a0\u00bb{}\u00a0\u00bb theme_builder_area=\u00a0\u00bbpost_content\u00a0\u00bb][et_pb_row _builder_version=\u00a0\u00bb4.18.0&Prime; _module_preset=\u00a0\u00bbdefault\u00a0\u00bb custom_margin=\u00a0\u00bb-66px|auto|4px|auto||\u00a0\u00bb custom_padding=\u00a0\u00bb37px||1px|||\u00a0\u00bb global_colors_info=\u00a0\u00bb{}\u00a0\u00bb theme_builder_area=\u00a0\u00bbpost_content\u00a0\u00bb][et_pb_column type=\u00a0\u00bb4_4&Prime; _builder_version=\u00a0\u00bb4.18.0&Prime; _module_preset=\u00a0\u00bbdefault\u00a0\u00bb global_colors_info=\u00a0\u00bb{}\u00a0\u00bb theme_builder_area=\u00a0\u00bbpost_content\u00a0\u00bb][et_pb_text _builder_version=\u00a0\u00bb4.27.4&Prime; _module_preset=\u00a0\u00bbdefault\u00a0\u00bb header_2_font=\u00a0\u00bb|800|||||||\u00a0\u00bb header_2_text_color=\u00a0\u00bb#FFFFFF\u00a0\u00bb header_2_font_size=\u00a0\u00bb55px\u00a0\u00bb header_3_text_color=\u00a0\u00bb#FFFFFF\u00a0\u00bb custom_padding=\u00a0\u00bb2%||||false|false\u00a0\u00bb custom_padding_tablet=\u00a0\u00bb0%||||false|false\u00a0\u00bb custom_padding_phone=\u00a0\u00bb1%||||false|false\u00a0\u00bb custom_padding_last_edited=\u00a0\u00bbon|tablet\u00a0\u00bb hover_enabled=\u00a0\u00bb0&Prime; header_2_font_size_tablet=\u00a0\u00bb45px\u00a0\u00bb header_2_font_size_phone=\u00a0\u00bb35px\u00a0\u00bb header_2_font_size_last_edited=\u00a0\u00bbon|phone\u00a0\u00bb global_colors_info=\u00a0\u00bb{}\u00a0\u00bb theme_builder_area=\u00a0\u00bbpost_content\u00a0\u00bb sticky_enabled=\u00a0\u00bb0&Prime;]<\/p>\n<h2 style=\"text-align: center;\">Programme <span style=\"color: #000000;\">Finance<\/span><span style=\"color: #99cc00;\">it<\/span><\/h2>\n<p>[\/et_pb_text][\/et_pb_column][\/et_pb_row][\/et_pb_section][et_pb_section fb_built=\u00a0\u00bb1&Prime; _builder_version=\u00a0\u00bb4.18.0&Prime; _module_preset=\u00a0\u00bbdefault\u00a0\u00bb custom_padding=\u00a0\u00bb27px||8px|||\u00a0\u00bb border_color_all=\u00a0\u00bb#B81010&Prime; border_color_bottom=\u00a0\u00bbRGBA(255,255,255,0)\u00a0\u00bb global_colors_info=\u00a0\u00bb{}\u00a0\u00bb][et_pb_row use_custom_gutter=\u00a0\u00bbon\u00a0\u00bb _builder_version=\u00a0\u00bb4.18.0&Prime; _module_preset=\u00a0\u00bbdefault\u00a0\u00bb width=\u00a0\u00bb100%\u00a0\u00bb global_colors_info=\u00a0\u00bb{}\u00a0\u00bb][et_pb_column type=\u00a0\u00bb4_4&Prime; _builder_version=\u00a0\u00bb4.18.0&Prime; _module_preset=\u00a0\u00bbdefault\u00a0\u00bb global_colors_info=\u00a0\u00bb{}\u00a0\u00bb][et_pb_text content_tablet=\u00a0\u00bb<\/p>\n<h1 style=%22text-align: center;%22><strong><span style=%22color: #003366;%22>Besoin d\u2019un plan de financement pour votre achat ?<\/span><\/strong><\/h1>\n<p>\u00a0\u00bb content_phone=\u00a0\u00bb<\/p>\n<h1 style=%22text-align: center;%22><span style=%22font-size: x-large;%22><strong><span style=%22color: #003366;%22>Besoin d\u2019un plan de financement pour votre achat ?<\/span><\/strong><\/span><\/h1>\n<p>\u00a0\u00bb content_last_edited=\u00a0\u00bbon|phone\u00a0\u00bb _builder_version=\u00a0\u00bb4.18.0&Prime; _module_preset=\u00a0\u00bbdefault\u00a0\u00bb global_colors_info=\u00a0\u00bb{}\u00a0\u00bb]<\/p>\n<h1 style=\"text-align: center;\"><strong><span style=\"color: #003366;\">Besoin d\u2019un plan de financement pour votre achat de solarium ?<\/span><\/strong><\/h1>\n<p>[\/et_pb_text][\/et_pb_column][\/et_pb_row][\/et_pb_section][et_pb_section fb_built=\u00a0\u00bb1&Prime; _builder_version=\u00a0\u00bb4.18.0&Prime; _module_preset=\u00a0\u00bbdefault\u00a0\u00bb custom_margin=\u00a0\u00bb0.5%|2%|0%|2%|false|false\u00a0\u00bb custom_padding=\u00a0\u00bb25px||0px||false|false\u00a0\u00bb border_color_all=\u00a0\u00bbRGBA(255,255,255,0)\u00a0\u00bb global_colors_info=\u00a0\u00bb{}\u00a0\u00bb][et_pb_row column_structure=\u00a0\u00bb1_2,1_2&Prime; use_custom_gutter=\u00a0\u00bbon\u00a0\u00bb gutter_width=\u00a0\u00bb1&Prime; _builder_version=\u00a0\u00bb4.18.0&Prime; _module_preset=\u00a0\u00bbdefault\u00a0\u00bb width=\u00a0\u00bb100%\u00a0\u00bb max_width=\u00a0\u00bb100%\u00a0\u00bb custom_margin=\u00a0\u00bb-15px|auto|0px|auto|false|false\u00a0\u00bb custom_padding=\u00a0\u00bb0px||83px||false|false\u00a0\u00bb global_colors_info=\u00a0\u00bb{}\u00a0\u00bb][et_pb_column type=\u00a0\u00bb1_2&Prime; _builder_version=\u00a0\u00bb4.18.0&Prime; _module_preset=\u00a0\u00bbdefault\u00a0\u00bb global_colors_info=\u00a0\u00bb{}\u00a0\u00bb][et_pb_image src=\u00a0\u00bbhttps:\/\/solariumoptimum.com\/qc\/wp-content\/uploads\/2023\/02\/financement-solariumoptimum.jpg\u00a0\u00bb alt=\u00a0\u00bbPlan de financement\u00a0\u00bb title_text=\u00a0\u00bbfinancement-solariumoptimum\u00a0\u00bb url=\u00a0\u00bbhttps:\/\/www.financeit.ca\/s\/-JEgig\u00a0\u00bb url_new_window=\u00a0\u00bbon\u00a0\u00bb force_fullwidth=\u00a0\u00bbon\u00a0\u00bb _builder_version=\u00a0\u00bb4.18.0&Prime; _module_preset=\u00a0\u00bbdefault\u00a0\u00bb custom_margin=\u00a0\u00bb-4px|||||\u00a0\u00bb animation_style=\u00a0\u00bbfade\u00a0\u00bb animation_duration=\u00a0\u00bb1650ms\u00a0\u00bb border_color_all=\u00a0\u00bb#182859&Prime; global_colors_info=\u00a0\u00bb{}\u00a0\u00bb][\/et_pb_image][\/et_pb_column][et_pb_column type=\u00a0\u00bb1_2&Prime; _builder_version=\u00a0\u00bb4.18.0&Prime; _module_preset=\u00a0\u00bbdefault\u00a0\u00bb background_color=\u00a0\u00bb#FFFFFF\u00a0\u00bb global_colors_info=\u00a0\u00bb{}\u00a0\u00bb][et_pb_text _builder_version=\u00a0\u00bb4.20.2&Prime; _module_preset=\u00a0\u00bbdefault\u00a0\u00bb text_font=\u00a0\u00bbRaleway||||||||\u00a0\u00bb text_text_color=\u00a0\u00bb#182859&Prime; min_height=\u00a0\u00bb175.6px\u00a0\u00bb custom_margin=\u00a0\u00bb10%||||false|false\u00a0\u00bb custom_margin_tablet=\u00a0\u00bb\u00a0\u00bb custom_margin_phone=\u00a0\u00bb\u00a0\u00bb custom_margin_last_edited=\u00a0\u00bbon|phone\u00a0\u00bb custom_padding=\u00a0\u00bb|6%||6%|false|false\u00a0\u00bb custom_padding_tablet=\u00a0\u00bb3%||||false|false\u00a0\u00bb custom_padding_phone=\u00a0\u00bb5%||||false|false\u00a0\u00bb custom_padding_last_edited=\u00a0\u00bbon|phone\u00a0\u00bb global_colors_info=\u00a0\u00bb{}\u00a0\u00bb]<\/p>\n<p style=\"text-align: justify;\"><span style=\"color: #003366; font-size: medium;\"><strong><span>Que ce soit pour l&rsquo;achat un solarium, un auvent ou un abri d&rsquo;auto, cela peut repr\u00e9senter un investissement important.\u00a0 SOLARIUM Optimum vous offre donc la possibilit\u00e9 d&rsquo;obtenir un programme de financement sur mesure afin de vous permettre l\u2019aquisition de vos r\u00eave.\u00a0 <\/span><\/strong><\/span><\/p>\n<p style=\"text-align: justify;\"><span style=\"color: #003366; font-size: medium;\"><strong><span>Une approbation rapide en moins de 24h, simplement en remplissant le formulaire en ligne de <span style=\"font-size: medium;\"><span style=\"color: #003366;\"><span style=\"color: #000000;\">Finance<\/span><span style=\"color: #339966;\">it<\/span><\/span><\/span><span style=\"font-size: medium;\"><span style=\"color: #003366;\">, <\/span><\/span><\/span><\/strong><\/span><span style=\"color: #003366; font-size: medium;\"><strong>partenaire d&rsquo;affaire de SOLARIUM Optimum, afin d&rsquo;obtenir un plan de financement sur mesure, pour votre <a href=\"https:\/\/solariumoptimum.com\/qc\/modeles-solarium-3-saisons\" title=\"Projet de solarium\">projet de solarium<\/a> !<\/strong><\/span><\/p>\n<p><span style=\"color: #003366; font-size: medium;\"><strong><\/strong><\/span><\/p>\n<ul>\n<li style=\"list-style-type: none;\">\n<ul>\n<li style=\"text-align: justify;\"><span style=\"font-size: medium;\">Rendez l&rsquo;achat important de votre solarium possible, de mani\u00e8re plus abordable, en demandant un plan de paiement mensuel ou au deux semaines, en fonction du budget de familliale, avec <strong><span style=\"color: #003366;\"><span style=\"color: #000000;\">Finance<\/span><span style=\"color: #339966;\">it<\/span>.<\/span><\/strong><\/span><\/li>\n<li style=\"text-align: justify;\"><span style=\"font-size: medium;\"><strong><span style=\"color: #003366;\"><span style=\"color: #000000;\">Finance<\/span><span style=\"color: #339966;\">it<\/span><\/span><\/strong><\/span> vous offres des pr\u00eats ouverts !<br \/>Les pr\u00eats peuvent donc \u00eatre rembours\u00e9s en partie ou en totalit\u00e9, et ce \u00e0 tout moment, sans aucune p\u00e9nalit\u00e9.<\/li>\n<li style=\"text-align: justify;\"><span style=\"font-size: medium;\">De plus, apr\u00e8s approbation, vous pouvez acc\u00e9der \u00e0 tout moment \u00e0 l&rsquo;avancement et aux d\u00e9tails de votre pr\u00eat en ligne.<\/span><\/li>\n<li style=\"text-align: justify;\"><span style=\"font-size: medium;\">Obtenez facilement une pr\u00e9-approbation en quelques secondes, sur votre appareil pr\u00e9f\u00e9r\u00e9, que ce soit dans l&rsquo;intimit\u00e9 de votre maison ou en d\u00e9placement !<\/span><\/li>\n<\/ul>\n<\/li>\n<\/ul>\n<ul><\/ul>\n<p>[\/et_pb_text][et_pb_button button_url=\u00a0\u00bbhttps:\/\/www.financeit.ca\/s\/-JEgig\u00a0\u00bb url_new_window=\u00a0\u00bbon\u00a0\u00bb button_text=\u00a0\u00bbDEMANDE DE PLAN DE FINANCEMENT\u00a0\u00bb button_alignment=\u00a0\u00bbcenter\u00a0\u00bb _builder_version=\u00a0\u00bb4.18.0&Prime; _module_preset=\u00a0\u00bbdefault\u00a0\u00bb custom_button=\u00a0\u00bbon\u00a0\u00bb button_text_size=\u00a0\u00bb14px\u00a0\u00bb button_bg_color=\u00a0\u00bb#182859&Prime; background_layout=\u00a0\u00bbdark\u00a0\u00bb custom_padding=\u00a0\u00bb|5%||5%|false|false\u00a0\u00bb global_colors_info=\u00a0\u00bb{}\u00a0\u00bb button_bg_color__hover_enabled=\u00a0\u00bbon|hover\u00a0\u00bb button_bg_color__hover=\u00a0\u00bb#10B78D\u00a0\u00bb button_bg_enable_color__hover=\u00a0\u00bbon\u00a0\u00bb][\/et_pb_button][\/et_pb_column][\/et_pb_row][\/et_pb_section]<\/p>\n","protected":false},"excerpt":{"rendered":"<p>Programme FinanceitBesoin d\u2019un plan de financement pour votre achat de solarium ?Que ce soit pour l&rsquo;achat un solarium, un auvent ou un abri d&rsquo;auto, cela peut repr\u00e9senter un investissement important.\u00a0 SOLARIUM Optimum vous offre donc la possibilit\u00e9 d&rsquo;obtenir un programme de financement sur mesure afin de vous permettre l\u2019aquisition de vos r\u00eave.\u00a0 Une approbation rapide [&hellip;]<\/p>\n","protected":false},"author":1,"featured_media":0,"parent":0,"menu_order":0,"comment_status":"closed","ping_status":"closed","template":"","meta":{"_et_pb_use_builder":"on","_et_pb_old_content":"","_et_gb_content_width":"","content-type":"","footnotes":""},"class_list":["post-3526","page","type-page","status-publish","hentry"],"yoast_head":"<!-- This site is optimized with the Yoast SEO plugin v27.4 - https:\/\/yoast.com\/product\/yoast-seo-wordpress\/ -->\n<title>SOLARIUM Optimum Inc - PLAN de financement<\/title>\n<meta name=\"description\" content=\"SOLARIUM Optimum, vous offre la possibilit\u00e9 d&#039;opter pour un plan de financement pour l&#039;achat de votre solarium !\" \/>\n<meta name=\"robots\" content=\"index, follow, max-snippet:-1, max-image-preview:large, max-video-preview:-1\" \/>\n<link rel=\"canonical\" href=\"https:\/\/solariumoptimum.com\/qc\/plan-de-financement\/\" \/>\n<meta property=\"og:locale\" content=\"fr_CA\" \/>\n<meta property=\"og:type\" content=\"article\" \/>\n<meta property=\"og:title\" content=\"SOLARIUM Optimum Inc - Programme de financement\" \/>\n<meta property=\"og:description\" content=\"Que ce soit pour l&#039;achat un solarium, un auvent ou un abri d&#039;auto, cela peut repr\u00e9senter un investissement important.\u00a0 SOLARIUM Optimum vous offre donc la possibilit\u00e9 d&#039;obtenir un programme de financement sur mesure afin de vous permettre l\u2019aquisition de vos r\u00eave.\u00a0\" \/>\n<meta property=\"og:url\" content=\"https:\/\/solariumoptimum.com\/qc\/plan-de-financement\/\" \/>\n<meta property=\"og:site_name\" content=\"SOLARIUM Optimum Inc\" \/>\n<meta property=\"article:publisher\" content=\"https:\/\/www.facebook.com\/solariumoptimum\" \/>\n<meta property=\"article:modified_time\" content=\"2025-03-24T16:21:16+00:00\" \/>\n<meta property=\"og:image\" content=\"https:\/\/solariumoptimum.com\/qc\/wp-content\/uploads\/2023\/02\/financement-solarium.jpg\" \/>\n\t<meta property=\"og:image:width\" content=\"900\" \/>\n\t<meta property=\"og:image:height\" content=\"594\" \/>\n\t<meta property=\"og:image:type\" content=\"image\/jpeg\" \/>\n<meta name=\"twitter:card\" content=\"summary_large_image\" \/>\n<meta name=\"twitter:title\" content=\"SOLARIUM Optimum Inc - Programme de financement\" \/>\n<meta name=\"twitter:description\" content=\"SOLARIUM Optimum vous offre donc la possibilit\u00e9 d&#039;obtenir un programme de financement sur mesure afin de vous permettre l\u2019aquisition de vos r\u00eave.\u00a0\" \/>\n<meta name=\"twitter:image\" content=\"https:\/\/solariumoptimum.com\/qc\/wp-content\/uploads\/2023\/02\/financement-solarium.jpg\" \/>\n<meta name=\"twitter:site\" content=\"@SolariumOptimum\" \/>\n<meta name=\"twitter:label1\" content=\"Estimation du temps de lecture\" \/>\n\t<meta name=\"twitter:data1\" content=\"3 minutes\" \/>\n<script type=\"application\/ld+json\" class=\"yoast-schema-graph\">{\"@context\":\"https:\\\/\\\/schema.org\",\"@graph\":[{\"@type\":\"WebPage\",\"@id\":\"https:\\\/\\\/solariumoptimum.com\\\/qc\\\/plan-de-financement\\\/\",\"url\":\"https:\\\/\\\/solariumoptimum.com\\\/qc\\\/plan-de-financement\\\/\",\"name\":\"SOLARIUM Optimum Inc - PLAN de financement\",\"isPartOf\":{\"@id\":\"https:\\\/\\\/solariumoptimum.com\\\/qc\\\/#website\"},\"datePublished\":\"2023-02-07T21:29:58+00:00\",\"dateModified\":\"2025-03-24T16:21:16+00:00\",\"description\":\"SOLARIUM Optimum, vous offre la possibilit\u00e9 d'opter pour un plan de financement pour l'achat de votre solarium !\",\"breadcrumb\":{\"@id\":\"https:\\\/\\\/solariumoptimum.com\\\/qc\\\/plan-de-financement\\\/#breadcrumb\"},\"inLanguage\":\"fr-CA\",\"potentialAction\":[{\"@type\":\"ReadAction\",\"target\":[\"https:\\\/\\\/solariumoptimum.com\\\/qc\\\/plan-de-financement\\\/\"]}]},{\"@type\":\"BreadcrumbList\",\"@id\":\"https:\\\/\\\/solariumoptimum.com\\\/qc\\\/plan-de-financement\\\/#breadcrumb\",\"itemListElement\":[{\"@type\":\"ListItem\",\"position\":1,\"name\":\"Accueil\",\"item\":\"https:\\\/\\\/solariumoptimum.com\\\/qc\\\/\"},{\"@type\":\"ListItem\",\"position\":2,\"name\":\"Financement\"}]},{\"@type\":\"WebSite\",\"@id\":\"https:\\\/\\\/solariumoptimum.com\\\/qc\\\/#website\",\"url\":\"https:\\\/\\\/solariumoptimum.com\\\/qc\\\/\",\"name\":\"SOLARIUM Optimum Inc\",\"description\":\"SOLARIUM Optimum,  Une gamme d&#039;abris sur mesure, tel que, solarium 3 saisons, d&#039;auvents permanents et abris d&#039;auto avec toit en verre garanti \u00e0 vie, fen\u00eatres de v\u00e9randa et plus encore !  Des produits de qualit\u00e9, fabriqu\u00e9s au Qu\u00e9bec et simple \u00e0 installer!\",\"publisher\":{\"@id\":\"https:\\\/\\\/solariumoptimum.com\\\/qc\\\/#organization\"},\"alternateName\":\"SOLARIUM Optimum\",\"potentialAction\":[{\"@type\":\"SearchAction\",\"target\":{\"@type\":\"EntryPoint\",\"urlTemplate\":\"https:\\\/\\\/solariumoptimum.com\\\/qc\\\/?s={search_term_string}\"},\"query-input\":{\"@type\":\"PropertyValueSpecification\",\"valueRequired\":true,\"valueName\":\"search_term_string\"}}],\"inLanguage\":\"fr-CA\"},{\"@type\":\"Organization\",\"@id\":\"https:\\\/\\\/solariumoptimum.com\\\/qc\\\/#organization\",\"name\":\"SOLARIUM Optimum Inc\",\"alternateName\":\"SOLARIUM Optimum\",\"url\":\"https:\\\/\\\/solariumoptimum.com\\\/qc\\\/\",\"logo\":{\"@type\":\"ImageObject\",\"inLanguage\":\"fr-CA\",\"@id\":\"https:\\\/\\\/solariumoptimum.com\\\/qc\\\/#\\\/schema\\\/logo\\\/image\\\/\",\"url\":\"https:\\\/\\\/solariumoptimum.com\\\/qc\\\/wp-content\\\/uploads\\\/2022\\\/08\\\/cropped-logo_solarium_optimum.jpg\",\"contentUrl\":\"https:\\\/\\\/solariumoptimum.com\\\/qc\\\/wp-content\\\/uploads\\\/2022\\\/08\\\/cropped-logo_solarium_optimum.jpg\",\"width\":512,\"height\":512,\"caption\":\"SOLARIUM Optimum Inc\"},\"image\":{\"@id\":\"https:\\\/\\\/solariumoptimum.com\\\/qc\\\/#\\\/schema\\\/logo\\\/image\\\/\"},\"sameAs\":[\"https:\\\/\\\/www.facebook.com\\\/solariumoptimum\",\"https:\\\/\\\/x.com\\\/SolariumOptimum\",\"https:\\\/\\\/www.linkedin.com\\\/company\\\/solarium-optimum\",\"https:\\\/\\\/www.instagram.com\\\/solariumoptimum\\\/\"]}]}<\/script>\n<!-- \/ Yoast SEO plugin. -->","yoast_head_json":{"title":"SOLARIUM Optimum Inc - PLAN de financement","description":"SOLARIUM Optimum, vous offre la possibilit\u00e9 d'opter pour un plan de financement pour l'achat de votre solarium !","robots":{"index":"index","follow":"follow","max-snippet":"max-snippet:-1","max-image-preview":"max-image-preview:large","max-video-preview":"max-video-preview:-1"},"canonical":"https:\/\/solariumoptimum.com\/qc\/plan-de-financement\/","og_locale":"fr_CA","og_type":"article","og_title":"SOLARIUM Optimum Inc - Programme de financement","og_description":"Que ce soit pour l'achat un solarium, un auvent ou un abri d'auto, cela peut repr\u00e9senter un investissement important.\u00a0 SOLARIUM Optimum vous offre donc la possibilit\u00e9 d'obtenir un programme de financement sur mesure afin de vous permettre l\u2019aquisition de vos r\u00eave.\u00a0","og_url":"https:\/\/solariumoptimum.com\/qc\/plan-de-financement\/","og_site_name":"SOLARIUM Optimum Inc","article_publisher":"https:\/\/www.facebook.com\/solariumoptimum","article_modified_time":"2025-03-24T16:21:16+00:00","og_image":[{"width":900,"height":594,"url":"https:\/\/solariumoptimum.com\/qc\/wp-content\/uploads\/2023\/02\/financement-solarium.jpg","type":"image\/jpeg"}],"twitter_card":"summary_large_image","twitter_title":"SOLARIUM Optimum Inc - Programme de financement","twitter_description":"SOLARIUM Optimum vous offre donc la possibilit\u00e9 d'obtenir un programme de financement sur mesure afin de vous permettre l\u2019aquisition de vos r\u00eave.\u00a0","twitter_image":"https:\/\/solariumoptimum.com\/qc\/wp-content\/uploads\/2023\/02\/financement-solarium.jpg","twitter_site":"@SolariumOptimum","twitter_misc":{"Estimation du temps de lecture":"3 minutes"},"schema":{"@context":"https:\/\/schema.org","@graph":[{"@type":"WebPage","@id":"https:\/\/solariumoptimum.com\/qc\/plan-de-financement\/","url":"https:\/\/solariumoptimum.com\/qc\/plan-de-financement\/","name":"SOLARIUM Optimum Inc - PLAN de financement","isPartOf":{"@id":"https:\/\/solariumoptimum.com\/qc\/#website"},"datePublished":"2023-02-07T21:29:58+00:00","dateModified":"2025-03-24T16:21:16+00:00","description":"SOLARIUM Optimum, vous offre la possibilit\u00e9 d'opter pour un plan de financement pour l'achat de votre solarium !","breadcrumb":{"@id":"https:\/\/solariumoptimum.com\/qc\/plan-de-financement\/#breadcrumb"},"inLanguage":"fr-CA","potentialAction":[{"@type":"ReadAction","target":["https:\/\/solariumoptimum.com\/qc\/plan-de-financement\/"]}]},{"@type":"BreadcrumbList","@id":"https:\/\/solariumoptimum.com\/qc\/plan-de-financement\/#breadcrumb","itemListElement":[{"@type":"ListItem","position":1,"name":"Accueil","item":"https:\/\/solariumoptimum.com\/qc\/"},{"@type":"ListItem","position":2,"name":"Financement"}]},{"@type":"WebSite","@id":"https:\/\/solariumoptimum.com\/qc\/#website","url":"https:\/\/solariumoptimum.com\/qc\/","name":"SOLARIUM Optimum Inc","description":"SOLARIUM Optimum,  Une gamme d&#039;abris sur mesure, tel que, solarium 3 saisons, d&#039;auvents permanents et abris d&#039;auto avec toit en verre garanti \u00e0 vie, fen\u00eatres de v\u00e9randa et plus encore !  Des produits de qualit\u00e9, fabriqu\u00e9s au Qu\u00e9bec et simple \u00e0 installer!","publisher":{"@id":"https:\/\/solariumoptimum.com\/qc\/#organization"},"alternateName":"SOLARIUM Optimum","potentialAction":[{"@type":"SearchAction","target":{"@type":"EntryPoint","urlTemplate":"https:\/\/solariumoptimum.com\/qc\/?s={search_term_string}"},"query-input":{"@type":"PropertyValueSpecification","valueRequired":true,"valueName":"search_term_string"}}],"inLanguage":"fr-CA"},{"@type":"Organization","@id":"https:\/\/solariumoptimum.com\/qc\/#organization","name":"SOLARIUM Optimum Inc","alternateName":"SOLARIUM Optimum","url":"https:\/\/solariumoptimum.com\/qc\/","logo":{"@type":"ImageObject","inLanguage":"fr-CA","@id":"https:\/\/solariumoptimum.com\/qc\/#\/schema\/logo\/image\/","url":"https:\/\/solariumoptimum.com\/qc\/wp-content\/uploads\/2022\/08\/cropped-logo_solarium_optimum.jpg","contentUrl":"https:\/\/solariumoptimum.com\/qc\/wp-content\/uploads\/2022\/08\/cropped-logo_solarium_optimum.jpg","width":512,"height":512,"caption":"SOLARIUM Optimum Inc"},"image":{"@id":"https:\/\/solariumoptimum.com\/qc\/#\/schema\/logo\/image\/"},"sameAs":["https:\/\/www.facebook.com\/solariumoptimum","https:\/\/x.com\/SolariumOptimum","https:\/\/www.linkedin.com\/company\/solarium-optimum","https:\/\/www.instagram.com\/solariumoptimum\/"]}]}},"_links":{"self":[{"href":"https:\/\/solariumoptimum.com\/qc\/wp-json\/wp\/v2\/pages\/3526","targetHints":{"allow":["GET"]}}],"collection":[{"href":"https:\/\/solariumoptimum.com\/qc\/wp-json\/wp\/v2\/pages"}],"about":[{"href":"https:\/\/solariumoptimum.com\/qc\/wp-json\/wp\/v2\/types\/page"}],"author":[{"embeddable":true,"href":"https:\/\/solariumoptimum.com\/qc\/wp-json\/wp\/v2\/users\/1"}],"replies":[{"embeddable":true,"href":"https:\/\/solariumoptimum.com\/qc\/wp-json\/wp\/v2\/comments?post=3526"}],"version-history":[{"count":61,"href":"https:\/\/solariumoptimum.com\/qc\/wp-json\/wp\/v2\/pages\/3526\/revisions"}],"predecessor-version":[{"id":6534,"href":"https:\/\/solariumoptimum.com\/qc\/wp-json\/wp\/v2\/pages\/3526\/revisions\/6534"}],"wp:attachment":[{"href":"https:\/\/solariumoptimum.com\/qc\/wp-json\/wp\/v2\/media?parent=3526"}],"curies":[{"name":"wp","href":"https:\/\/api.w.org\/{rel}","templated":true}]}}