{"id":5737,"date":"2025-02-27T16:34:43","date_gmt":"2025-02-27T20:34:43","guid":{"rendered":"https:\/\/solariumoptimum.com\/qc\/?page_id=5737"},"modified":"2026-03-23T16:05:49","modified_gmt":"2026-03-23T20:05:49","slug":"conditions-reglements","status":"publish","type":"page","link":"https:\/\/solariumoptimum.com\/qc\/conditions-reglements\/","title":{"rendered":"Conditions-r\u00e8glements"},"content":{"rendered":"<p>[et_pb_section fb_built=\u00a0\u00bb1&Prime; custom_padding_last_edited=\u00a0\u00bbon|tablet\u00a0\u00bb admin_label=\u00a0\u00bbSection\u00a0\u00bb _builder_version=\u00a0\u00bb4.27.4&Prime; _module_preset=\u00a0\u00bbdefault\u00a0\u00bb background_image=\u00a0\u00bbhttps:\/\/solariumoptimum.com\/qc\/wp-content\/uploads\/2022\/09\/ban_solarium_optimum-1.jpg\u00a0\u00bb width=\u00a0\u00bb100%\u00a0\u00bb max_width=\u00a0\u00bb100%\u00a0\u00bb module_alignment=\u00a0\u00bbcenter\u00a0\u00bb min_height=\u00a0\u00bb150px\u00a0\u00bb min_height_tablet=\u00a0\u00bb105px\u00a0\u00bb min_height_phone=\u00a0\u00bb100px\u00a0\u00bb min_height_last_edited=\u00a0\u00bbon|desktop\u00a0\u00bb height_tablet=\u00a0\u00bb\u00a0\u00bb height_phone=\u00a0\u00bbauto\u00a0\u00bb height_last_edited=\u00a0\u00bbon|tablet\u00a0\u00bb custom_margin=\u00a0\u00bb3%|0px|0px|0px|false|false\u00a0\u00bb custom_margin_tablet=\u00a0\u00bb8%||0px|0px|false|false\u00a0\u00bb custom_margin_phone=\u00a0\u00bb12%||0px|0px|false|false\u00a0\u00bb custom_margin_last_edited=\u00a0\u00bbon|phone\u00a0\u00bb custom_padding=\u00a0\u00bb0px|0px|0px|0px|false|false\u00a0\u00bb custom_padding_tablet=\u00a0\u00bb0px|0px|0px|0px|false|false\u00a0\u00bb custom_padding_phone=\u00a0\u00bb0px|0px|0px|0px|false|false\u00a0\u00bb scroll_fade=\u00a0\u00bb0|51|51|100|100%|100|100&Prime; background_last_edited=\u00a0\u00bbon|tablet\u00a0\u00bb background_image_tablet=\u00a0\u00bbhttps:\/\/solariumoptimum.com\/qc\/wp-content\/uploads\/2022\/09\/ban_mob_solarium_optimum-1.jpg\u00a0\u00bb background_enable_image_tablet=\u00a0\u00bbon\u00a0\u00bb parallax_method_tablet=\u00a0\u00bboff\u00a0\u00bb module_alignment_tablet=\u00a0\u00bbcenter\u00a0\u00bb module_alignment_phone=\u00a0\u00bbcenter\u00a0\u00bb module_alignment_last_edited=\u00a0\u00bbon|desktop\u00a0\u00bb border_color_top=\u00a0\u00bb#182859&Prime; border_width_bottom=\u00a0\u00bb5px\u00a0\u00bb border_color_bottom=\u00a0\u00bb#182859&Prime; global_colors_info=\u00a0\u00bb{}\u00a0\u00bb][et_pb_row _builder_version=\u00a0\u00bb4.18.0&Prime; _module_preset=\u00a0\u00bbdefault\u00a0\u00bb custom_margin=\u00a0\u00bb-66px|auto|4px|auto||\u00a0\u00bb custom_padding=\u00a0\u00bb37px||1px|||\u00a0\u00bb global_colors_info=\u00a0\u00bb{}\u00a0\u00bb][et_pb_column type=\u00a0\u00bb4_4&Prime; _builder_version=\u00a0\u00bb4.18.0&Prime; _module_preset=\u00a0\u00bbdefault\u00a0\u00bb global_colors_info=\u00a0\u00bb{}\u00a0\u00bb][et_pb_text _builder_version=\u00a0\u00bb4.27.4&Prime; _module_preset=\u00a0\u00bbdefault\u00a0\u00bb header_2_font=\u00a0\u00bb|800|||||||\u00a0\u00bb header_2_text_color=\u00a0\u00bb#FFFFFF\u00a0\u00bb header_2_font_size=\u00a0\u00bb55px\u00a0\u00bb header_3_text_color=\u00a0\u00bb#FFFFFF\u00a0\u00bb custom_padding=\u00a0\u00bb2%||||false|false\u00a0\u00bb custom_padding_tablet=\u00a0\u00bb0%||||false|false\u00a0\u00bb custom_padding_phone=\u00a0\u00bb1%||||false|false\u00a0\u00bb custom_padding_last_edited=\u00a0\u00bbon|tablet\u00a0\u00bb header_2_font_size_tablet=\u00a0\u00bb45px\u00a0\u00bb header_2_font_size_phone=\u00a0\u00bb35px\u00a0\u00bb header_2_font_size_last_edited=\u00a0\u00bbon|phone\u00a0\u00bb global_colors_info=\u00a0\u00bb{}\u00a0\u00bb]<\/p>\n<h2 style=\"text-align: center;\">Conditions et R\u00e8glements<\/h2>\n<p>[\/et_pb_text][\/et_pb_column][\/et_pb_row][\/et_pb_section][et_pb_section fb_built=\u00a0\u00bb1&Prime; _builder_version=\u00a0\u00bb4.27.4&Prime; _module_preset=\u00a0\u00bbdefault\u00a0\u00bb global_colors_info=\u00a0\u00bb{}\u00a0\u00bb][et_pb_row _builder_version=\u00a0\u00bb4.27.4&Prime; _module_preset=\u00a0\u00bbdefault\u00a0\u00bb global_colors_info=\u00a0\u00bb{}\u00a0\u00bb][et_pb_column type=\u00a0\u00bb4_4&Prime; _builder_version=\u00a0\u00bb4.27.4&Prime; _module_preset=\u00a0\u00bbdefault\u00a0\u00bb global_colors_info=\u00a0\u00bb{}\u00a0\u00bb][et_pb_text _builder_version=\u00a0\u00bb4.27.4&Prime; _module_preset=\u00a0\u00bbdefault\u00a0\u00bb text_text_color=\u00a0\u00bb#359df2&Prime; text_font_size=\u00a0\u00bb20px\u00a0\u00bb header_2_font_size=\u00a0\u00bb48px\u00a0\u00bb global_colors_info=\u00a0\u00bb{}\u00a0\u00bb]<\/p>\n<h2 style=\"text-align: center;\"><strong>Courez la chance de Gagner votre SOLARIUM<\/strong><br \/><strong>Jusqu\u2019\u00e0 concurrence de 20 000<span style=\"font-size: xx-large;\">$<\/span> <span style=\"font-size: xx-large;\">\u00a0<\/span>!<\/strong><\/h2>\n<p><strong><\/strong><\/p>\n<p style=\"text-align: center;\"><strong>Ce concours est r\u00e9serv\u00e9 aux 100 premiers acheteurs<br \/><\/strong><strong>d\u2019un produit SOLARIUM Optimum <\/strong><strong>\u00e9ligibles, pendant la p\u00e9riode vis\u00e9e.<\/strong><\/p>\n<p>&nbsp;<\/p>\n<p>[\/et_pb_text][\/et_pb_column][\/et_pb_row][et_pb_row column_structure=\u00a0\u00bb1_2,1_2&Prime; use_custom_gutter=\u00a0\u00bbon\u00a0\u00bb _builder_version=\u00a0\u00bb4.27.4&Prime; _module_preset=\u00a0\u00bbdefault\u00a0\u00bb width=\u00a0\u00bb90%\u00a0\u00bb max_width=\u00a0\u00bb90%\u00a0\u00bb global_colors_info=\u00a0\u00bb{}\u00a0\u00bb][et_pb_column type=\u00a0\u00bb1_2&Prime; _builder_version=\u00a0\u00bb4.27.4&Prime; _module_preset=\u00a0\u00bbdefault\u00a0\u00bb global_colors_info=\u00a0\u00bb{}\u00a0\u00bb][et_pb_text _builder_version=\u00a0\u00bb4.27.6&Prime; _module_preset=\u00a0\u00bbdefault\u00a0\u00bb text_font_size=\u00a0\u00bb19px\u00a0\u00bb text_line_height=\u00a0\u00bb1.8em\u00a0\u00bb ul_line_height=\u00a0\u00bb1.5em\u00a0\u00bb header_2_font_size=\u00a0\u00bb34px\u00a0\u00bb header_3_font_size=\u00a0\u00bb24px\u00a0\u00bb header_3_line_height=\u00a0\u00bb1.5em\u00a0\u00bb hover_enabled=\u00a0\u00bb0&Prime; global_colors_info=\u00a0\u00bb{}\u00a0\u00bb sticky_enabled=\u00a0\u00bb0&Prime;]<\/p>\n<h2 style=\"text-align: center;\"><strong>Conditions et r\u00e8glements du concours<\/strong><\/h2>\n<h2><\/h2>\n<h3>Tous les participants doivent accepter de se soumettre aux conditions et r\u00e8glements du concours.<\/h3>\n<p><strong><\/strong><\/p>\n<p><strong><\/strong><\/p>\n<p><span style=\"font-size: x-large;\"><strong>DUR\u00c9E DU CONCOURS<\/strong><strong><\/strong><\/span><\/p>\n<ul>\n<li>Le concours d\u00e9bute officiellement, lundi le <strong>5 janvier 2026 \u00e0 8h00<\/strong> (heure de l\u2019Est) et se termine le<strong> 31 octobre 2026 \u00e0 minuit<\/strong> (heure de l\u2019Est)..<\/li>\n<\/ul>\n<p><span style=\"font-size: x-large;\"><strong>CONDITIONS D\u2019ADMISSIBILIT\u00c9 ET COMMENT PARTICIPER<\/strong><\/span><\/p>\n<ul>\n<li><span>Les participants doivent \u00eatre \u00e2g\u00e9s de 18 ans et plus et r\u00e9sider dans l\u2019une des <strong>R\u00e9gions Administratives du Qu\u00e9bec suivantes : Montr\u00e9al, Laval, Laurentides, Lanaudi\u00e8re et Mont\u00e9r\u00e9gie.<\/strong><\/span><\/li>\n<li><span>Le projet avec Solarium Optimum (r\u00e9f. contrat sign\u00e9) doit \u00eatre r\u00e9alis\u00e9 dans l\u2019une des <strong>R\u00e9gions Administratives du Qu\u00e9bec suivantes : Montr\u00e9al, Laval, Laurentides, Lanaudi\u00e8re et Mont\u00e9r\u00e9gie.<\/strong><\/span><\/li>\n<li>\n<p>Le contrat d\u2019achat doit avoir \u00e9t\u00e9 sign\u00e9 durant la p\u00e9riode d\u2019admissibilit\u00e9 du concours chez SOLARIUM Optimum Inc. situ\u00e9e au 1500, rue de Jaffa, Laval, Qc H7P 4K9. Aucun mode de participation sans achat n\u2019est offert<span style=\"font-size: 19px;\">.<\/span><\/p>\n<\/li>\n<li>\n<p>Les participants doivent faire partie des 100 premiers acheteurs ayant sign\u00e9 un contrat d\u2019achat en bonne et due forme, pour l\u2019acquisition d\u2019un produit SOLARIUM Optimum \u00e9ligible, tel que :<\/p>\n<\/li>\n<\/ul>\n<p>&#8211; <strong>Solarium 3 saisons (SunLOFT ou SpaLOFT)<\/strong>;<br \/>&#8211; <strong>Auvent permanent (SkyLOFT)<\/strong>;<br \/>&#8211; <strong>V\u00e9randa (SunLOFT)<\/strong>;<br \/>&#8211; <strong>Abri d\u2019auto (CarPORT)<\/strong>.<\/p>\n<ul>\n<li>Les participants devront obligatoirement avoir pay\u00e9 leur achat ou vers\u00e9 un premier acompte non remboursable d\u2019au moins 30% du contrat total, <strong>avant le 31 Octobre 2026<\/strong>, fin de la p\u00e9riode d\u2019inscription.<\/li>\n<li>\n<p>Les participants devront avoir consenti \u00e0 ce que leur nom, leur photo et la photo de leur projet install\u00e9, soient utilis\u00e9s \u00e0 des fins publicitaires et promotionnelles, sans r\u00e9mun\u00e9ration, s\u2019ils sont gagnants du tirage.<\/p>\n<\/li>\n<\/ul>\n<p>&nbsp;<\/p>\n<p>[\/et_pb_text][\/et_pb_column][et_pb_column type=\u00a0\u00bb1_2&Prime; _builder_version=\u00a0\u00bb4.27.4&Prime; _module_preset=\u00a0\u00bbdefault\u00a0\u00bb global_colors_info=\u00a0\u00bb{}\u00a0\u00bb][et_pb_text _builder_version=\u00a0\u00bb4.27.4&Prime; _module_preset=\u00a0\u00bbdefault\u00a0\u00bb text_text_color=\u00a0\u00bb#182859&Prime; text_font_size=\u00a0\u00bb18px\u00a0\u00bb text_line_height=\u00a0\u00bb1.5em\u00a0\u00bb ul_line_height=\u00a0\u00bb1.5em\u00a0\u00bb global_colors_info=\u00a0\u00bb{}\u00a0\u00bb]<\/p>\n<h3><strong>\u00a0<\/strong><\/h3>\n<h3><strong><\/strong><\/h3>\n<h3><strong>TIRAGE\u00a0<\/strong><\/h3>\n<ul>\n<li>Le tirage au sort se tiendra <strong>entre le 9 novembre et le 20 novembre 2026, <\/strong>au Si\u00e8ge Social de SOLARIUM Optimum Inc., situ\u00e9 au 1500 rue de Jaffa, parmi tous les acheteurs \u00e9ligibles, ayant remplis les conditions du concours. Une vid\u00e9o du tirage sera mise en ligne.<\/li>\n<li>Les chances de gagner sont tributaires du nombre total de participations avec un potentiel maximum de <strong>1 chance sur 100.<\/strong><\/li>\n<li>Un repr\u00e9sentant de SOLARIUM Optimum communiquera avec le\/la gagnant(e), au cours des cinq (5) jours ouvrables suivant le tirage.<\/li>\n<li>Trois (3) tentatives seront faites pour rejoindre le\/la gagnant(e) par courriel et\/ou par t\u00e9l\u00e9phone.<\/li>\n<li>Si un(e) gagnant(e) ne peut \u00eatre rejoint dans les cinq (5) jours ouvrables suivant la date du tirage, un repr\u00e9sentant de SOLARIUM Optimum proc\u00e9dera \u00e0 un autre tirage.<\/li>\n<li>Un repr\u00e9sentant de SOLARIUM Optimum communiquera avec le\/la gagnant(e) par t\u00e9l\u00e9phone et\/ou par courriel afin que ce dernier vienne r\u00e9cup\u00e9rer son prix dans les 15 jours ouvrables suivants le tirage, \u00e0 notre salle de montre du 1500, rue de Jaffa, \u00e0 Laval.<\/li>\n<\/ul>\n<h3><strong>PRIX<\/strong><\/h3>\n<p><strong>Un montant \u00e9quivalent au produit SOLARIUM Optimum achet\u00e9 par le participant, incluant les options incluses au contrat de vente, jusqu\u2019\u00e0 concurrence de 20\u00a0000 $ avant taxes.<\/strong><\/p>\n<ul>\n<li>Le prix inclut les frais d\u2019installation s\u2019il y a lieu, mais n\u2019inclut pas les taxes, qui devront \u00eatre pay\u00e9es par le\/la gagnant(e).<\/li>\n<li>En aucun temps, le prix gagn\u00e9 ne pourra exc\u00e9der la somme de vingt mille dollars (<strong>20 000$<\/strong>).<\/li>\n<li>Tout achat ne respectant pas les conditions d\u2019admissibilit\u00e9s du concours avant midi le 31 octobre 2026, ne sera pas inclus au tirage.<\/li>\n<li>Le prix sera remis au gagnant sous forme d\u2019un ch\u00e8que \u00e0 l\u2019ordre du nom inscrit sur le contrat d\u2019achat.<\/li>\n<li>Le prix est non monnayable, non remboursable, non transf\u00e9rable et non \u00e9changeable.<\/li>\n<li>Ce concours est assujetti aux lois du Qu\u00e9bec.<\/li>\n<\/ul>\n<p>&nbsp;<\/p>\n<p>La direction<br \/><strong>SOLARIUM<\/strong> Optimum Inc.<\/p>\n<p>[\/et_pb_text][\/et_pb_column][\/et_pb_row][\/et_pb_section]<\/p>\n","protected":false},"excerpt":{"rendered":"<p>Conditions et R\u00e8glementsCourez la chance de Gagner votre SOLARIUMJusqu\u2019\u00e0 concurrence de 20 000$ \u00a0! Ce concours est r\u00e9serv\u00e9 aux 100 premiers acheteursd\u2019un produit SOLARIUM Optimum \u00e9ligibles, pendant la p\u00e9riode vis\u00e9e. &nbsp;Conditions et r\u00e8glements du concours Tous les participants doivent accepter de se soumettre aux conditions et r\u00e8glements du concours. DUR\u00c9E DU CONCOURS Le concours d\u00e9bute [&hellip;]<\/p>\n","protected":false},"author":6,"featured_media":5762,"parent":0,"menu_order":0,"comment_status":"closed","ping_status":"closed","template":"","meta":{"_et_pb_use_builder":"on","_et_pb_old_content":"","_et_gb_content_width":"","content-type":"","footnotes":""},"class_list":["post-5737","page","type-page","status-publish","has-post-thumbnail","hentry"],"yoast_head":"<!-- This site is optimized with the Yoast SEO plugin v27.4 - https:\/\/yoast.com\/product\/yoast-seo-wordpress\/ -->\n<title>Conditions-r\u00e8glements - SOLARIUM Optimum Inc<\/title>\n<meta name=\"description\" content=\"Prenez-connaissance des conditions et r\u00e8glements du concours Courrez la chance de gagner votre achat, chez SOLARIUM Optimum.\" \/>\n<meta name=\"robots\" content=\"index, follow, max-snippet:-1, max-image-preview:large, max-video-preview:-1\" \/>\n<link rel=\"canonical\" href=\"https:\/\/solariumoptimum.com\/qc\/conditions-reglements\/\" \/>\n<meta property=\"og:locale\" content=\"fr_CA\" \/>\n<meta property=\"og:type\" content=\"article\" \/>\n<meta property=\"og:title\" content=\"Concours 20e Anniversaire - SOLARIUM Optimum Inc\" \/>\n<meta property=\"og:description\" content=\"Concours du 1er Mars au 31 ao\u00fbt 2025, \u00e0 l&#039;achat d&#039;un produits SOLARIUM Optimum ! Courrez la chance de gagner votre achat, de SOLARIUM Optimum. Tous les d\u00e9tails sur notre site Internet et en magasin.\" \/>\n<meta property=\"og:url\" content=\"https:\/\/solariumoptimum.com\/qc\/conditions-reglements\/\" \/>\n<meta property=\"og:site_name\" content=\"SOLARIUM Optimum Inc\" \/>\n<meta property=\"article:publisher\" content=\"https:\/\/www.facebook.com\/solariumoptimum\" \/>\n<meta property=\"article:modified_time\" content=\"2026-03-23T20:05:49+00:00\" \/>\n<meta property=\"og:image\" content=\"https:\/\/solariumoptimum.com\/qc\/wp-content\/uploads\/2025\/02\/43-GAGNEZ-VOTRE-ACHAT-Cover.jpg\" \/>\n\t<meta property=\"og:image:width\" content=\"1800\" \/>\n\t<meta property=\"og:image:height\" content=\"1440\" \/>\n\t<meta property=\"og:image:type\" content=\"image\/jpeg\" \/>\n<meta name=\"twitter:card\" content=\"summary_large_image\" \/>\n<meta name=\"twitter:title\" content=\"Concours 20e Anniversaire - SOLARIUM Optimum Inc\" \/>\n<meta name=\"twitter:description\" content=\"Concours du 1er Mars au 31 ao\u00fbt 2025, \u00e0 l&#039;achat d&#039;un produits SOLARIUM Optimum ! Courrez la chance de gagner votre achat, de SOLARIUM Optimum. Tous les d\u00e9tails sur notre site Internet et en magasin.\" \/>\n<meta name=\"twitter:image\" content=\"https:\/\/solariumoptimum.com\/qc\/wp-content\/uploads\/2025\/02\/43-GAGNEZ-VOTRE-ACHAT-Cover.jpg\" \/>\n<meta name=\"twitter:site\" content=\"@SolariumOptimum\" \/>\n<meta name=\"twitter:label1\" content=\"Estimation du temps de lecture\" \/>\n\t<meta name=\"twitter:data1\" content=\"4 minutes\" \/>\n<script type=\"application\/ld+json\" class=\"yoast-schema-graph\">{\"@context\":\"https:\\\/\\\/schema.org\",\"@graph\":[{\"@type\":\"WebPage\",\"@id\":\"https:\\\/\\\/solariumoptimum.com\\\/qc\\\/conditions-reglements\\\/\",\"url\":\"https:\\\/\\\/solariumoptimum.com\\\/qc\\\/conditions-reglements\\\/\",\"name\":\"Conditions-r\u00e8glements - SOLARIUM Optimum Inc\",\"isPartOf\":{\"@id\":\"https:\\\/\\\/solariumoptimum.com\\\/qc\\\/#website\"},\"primaryImageOfPage\":{\"@id\":\"https:\\\/\\\/solariumoptimum.com\\\/qc\\\/conditions-reglements\\\/#primaryimage\"},\"image\":{\"@id\":\"https:\\\/\\\/solariumoptimum.com\\\/qc\\\/conditions-reglements\\\/#primaryimage\"},\"thumbnailUrl\":\"https:\\\/\\\/solariumoptimum.com\\\/qc\\\/wp-content\\\/uploads\\\/2025\\\/02\\\/43-GAGNEZ-VOTRE-ACHAT-Cover.jpg\",\"datePublished\":\"2025-02-27T20:34:43+00:00\",\"dateModified\":\"2026-03-23T20:05:49+00:00\",\"description\":\"Prenez-connaissance des conditions et r\u00e8glements du concours Courrez la chance de gagner votre achat, chez SOLARIUM Optimum.\",\"breadcrumb\":{\"@id\":\"https:\\\/\\\/solariumoptimum.com\\\/qc\\\/conditions-reglements\\\/#breadcrumb\"},\"inLanguage\":\"fr-CA\",\"potentialAction\":[{\"@type\":\"ReadAction\",\"target\":[\"https:\\\/\\\/solariumoptimum.com\\\/qc\\\/conditions-reglements\\\/\"]}]},{\"@type\":\"ImageObject\",\"inLanguage\":\"fr-CA\",\"@id\":\"https:\\\/\\\/solariumoptimum.com\\\/qc\\\/conditions-reglements\\\/#primaryimage\",\"url\":\"https:\\\/\\\/solariumoptimum.com\\\/qc\\\/wp-content\\\/uploads\\\/2025\\\/02\\\/43-GAGNEZ-VOTRE-ACHAT-Cover.jpg\",\"contentUrl\":\"https:\\\/\\\/solariumoptimum.com\\\/qc\\\/wp-content\\\/uploads\\\/2025\\\/02\\\/43-GAGNEZ-VOTRE-ACHAT-Cover.jpg\",\"width\":1800,\"height\":1440,\"caption\":\"Concours Solarium Optimum\"},{\"@type\":\"BreadcrumbList\",\"@id\":\"https:\\\/\\\/solariumoptimum.com\\\/qc\\\/conditions-reglements\\\/#breadcrumb\",\"itemListElement\":[{\"@type\":\"ListItem\",\"position\":1,\"name\":\"Accueil\",\"item\":\"https:\\\/\\\/solariumoptimum.com\\\/qc\\\/\"},{\"@type\":\"ListItem\",\"position\":2,\"name\":\"Conditions-r\u00e8glements\"}]},{\"@type\":\"WebSite\",\"@id\":\"https:\\\/\\\/solariumoptimum.com\\\/qc\\\/#website\",\"url\":\"https:\\\/\\\/solariumoptimum.com\\\/qc\\\/\",\"name\":\"SOLARIUM Optimum Inc\",\"description\":\"SOLARIUM Optimum,  Une gamme d&#039;abris sur mesure, tel que, solarium 3 saisons, d&#039;auvents permanents et abris d&#039;auto avec toit en verre garanti \u00e0 vie, fen\u00eatres de v\u00e9randa et plus encore !  Des produits de qualit\u00e9, fabriqu\u00e9s au Qu\u00e9bec et simple \u00e0 installer!\",\"publisher\":{\"@id\":\"https:\\\/\\\/solariumoptimum.com\\\/qc\\\/#organization\"},\"alternateName\":\"SOLARIUM Optimum\",\"potentialAction\":[{\"@type\":\"SearchAction\",\"target\":{\"@type\":\"EntryPoint\",\"urlTemplate\":\"https:\\\/\\\/solariumoptimum.com\\\/qc\\\/?s={search_term_string}\"},\"query-input\":{\"@type\":\"PropertyValueSpecification\",\"valueRequired\":true,\"valueName\":\"search_term_string\"}}],\"inLanguage\":\"fr-CA\"},{\"@type\":\"Organization\",\"@id\":\"https:\\\/\\\/solariumoptimum.com\\\/qc\\\/#organization\",\"name\":\"SOLARIUM Optimum Inc\",\"alternateName\":\"SOLARIUM Optimum\",\"url\":\"https:\\\/\\\/solariumoptimum.com\\\/qc\\\/\",\"logo\":{\"@type\":\"ImageObject\",\"inLanguage\":\"fr-CA\",\"@id\":\"https:\\\/\\\/solariumoptimum.com\\\/qc\\\/#\\\/schema\\\/logo\\\/image\\\/\",\"url\":\"https:\\\/\\\/solariumoptimum.com\\\/qc\\\/wp-content\\\/uploads\\\/2022\\\/08\\\/cropped-logo_solarium_optimum.jpg\",\"contentUrl\":\"https:\\\/\\\/solariumoptimum.com\\\/qc\\\/wp-content\\\/uploads\\\/2022\\\/08\\\/cropped-logo_solarium_optimum.jpg\",\"width\":512,\"height\":512,\"caption\":\"SOLARIUM Optimum Inc\"},\"image\":{\"@id\":\"https:\\\/\\\/solariumoptimum.com\\\/qc\\\/#\\\/schema\\\/logo\\\/image\\\/\"},\"sameAs\":[\"https:\\\/\\\/www.facebook.com\\\/solariumoptimum\",\"https:\\\/\\\/x.com\\\/SolariumOptimum\",\"https:\\\/\\\/www.linkedin.com\\\/company\\\/solarium-optimum\",\"https:\\\/\\\/www.instagram.com\\\/solariumoptimum\\\/\"]}]}<\/script>\n<!-- \/ Yoast SEO plugin. -->","yoast_head_json":{"title":"Conditions-r\u00e8glements - SOLARIUM Optimum Inc","description":"Prenez-connaissance des conditions et r\u00e8glements du concours Courrez la chance de gagner votre achat, chez SOLARIUM Optimum.","robots":{"index":"index","follow":"follow","max-snippet":"max-snippet:-1","max-image-preview":"max-image-preview:large","max-video-preview":"max-video-preview:-1"},"canonical":"https:\/\/solariumoptimum.com\/qc\/conditions-reglements\/","og_locale":"fr_CA","og_type":"article","og_title":"Concours 20e Anniversaire - SOLARIUM Optimum Inc","og_description":"Concours du 1er Mars au 31 ao\u00fbt 2025, \u00e0 l'achat d'un produits SOLARIUM Optimum ! Courrez la chance de gagner votre achat, de SOLARIUM Optimum. Tous les d\u00e9tails sur notre site Internet et en magasin.","og_url":"https:\/\/solariumoptimum.com\/qc\/conditions-reglements\/","og_site_name":"SOLARIUM Optimum Inc","article_publisher":"https:\/\/www.facebook.com\/solariumoptimum","article_modified_time":"2026-03-23T20:05:49+00:00","og_image":[{"width":1800,"height":1440,"url":"https:\/\/solariumoptimum.com\/qc\/wp-content\/uploads\/2025\/02\/43-GAGNEZ-VOTRE-ACHAT-Cover.jpg","type":"image\/jpeg"}],"twitter_card":"summary_large_image","twitter_title":"Concours 20e Anniversaire - SOLARIUM Optimum Inc","twitter_description":"Concours du 1er Mars au 31 ao\u00fbt 2025, \u00e0 l'achat d'un produits SOLARIUM Optimum ! Courrez la chance de gagner votre achat, de SOLARIUM Optimum. Tous les d\u00e9tails sur notre site Internet et en magasin.","twitter_image":"https:\/\/solariumoptimum.com\/qc\/wp-content\/uploads\/2025\/02\/43-GAGNEZ-VOTRE-ACHAT-Cover.jpg","twitter_site":"@SolariumOptimum","twitter_misc":{"Estimation du temps de lecture":"4 minutes"},"schema":{"@context":"https:\/\/schema.org","@graph":[{"@type":"WebPage","@id":"https:\/\/solariumoptimum.com\/qc\/conditions-reglements\/","url":"https:\/\/solariumoptimum.com\/qc\/conditions-reglements\/","name":"Conditions-r\u00e8glements - SOLARIUM Optimum Inc","isPartOf":{"@id":"https:\/\/solariumoptimum.com\/qc\/#website"},"primaryImageOfPage":{"@id":"https:\/\/solariumoptimum.com\/qc\/conditions-reglements\/#primaryimage"},"image":{"@id":"https:\/\/solariumoptimum.com\/qc\/conditions-reglements\/#primaryimage"},"thumbnailUrl":"https:\/\/solariumoptimum.com\/qc\/wp-content\/uploads\/2025\/02\/43-GAGNEZ-VOTRE-ACHAT-Cover.jpg","datePublished":"2025-02-27T20:34:43+00:00","dateModified":"2026-03-23T20:05:49+00:00","description":"Prenez-connaissance des conditions et r\u00e8glements du concours Courrez la chance de gagner votre achat, chez SOLARIUM Optimum.","breadcrumb":{"@id":"https:\/\/solariumoptimum.com\/qc\/conditions-reglements\/#breadcrumb"},"inLanguage":"fr-CA","potentialAction":[{"@type":"ReadAction","target":["https:\/\/solariumoptimum.com\/qc\/conditions-reglements\/"]}]},{"@type":"ImageObject","inLanguage":"fr-CA","@id":"https:\/\/solariumoptimum.com\/qc\/conditions-reglements\/#primaryimage","url":"https:\/\/solariumoptimum.com\/qc\/wp-content\/uploads\/2025\/02\/43-GAGNEZ-VOTRE-ACHAT-Cover.jpg","contentUrl":"https:\/\/solariumoptimum.com\/qc\/wp-content\/uploads\/2025\/02\/43-GAGNEZ-VOTRE-ACHAT-Cover.jpg","width":1800,"height":1440,"caption":"Concours Solarium Optimum"},{"@type":"BreadcrumbList","@id":"https:\/\/solariumoptimum.com\/qc\/conditions-reglements\/#breadcrumb","itemListElement":[{"@type":"ListItem","position":1,"name":"Accueil","item":"https:\/\/solariumoptimum.com\/qc\/"},{"@type":"ListItem","position":2,"name":"Conditions-r\u00e8glements"}]},{"@type":"WebSite","@id":"https:\/\/solariumoptimum.com\/qc\/#website","url":"https:\/\/solariumoptimum.com\/qc\/","name":"SOLARIUM Optimum Inc","description":"SOLARIUM Optimum,  Une gamme d&#039;abris sur mesure, tel que, solarium 3 saisons, d&#039;auvents permanents et abris d&#039;auto avec toit en verre garanti \u00e0 vie, fen\u00eatres de v\u00e9randa et plus encore !  Des produits de qualit\u00e9, fabriqu\u00e9s au Qu\u00e9bec et simple \u00e0 installer!","publisher":{"@id":"https:\/\/solariumoptimum.com\/qc\/#organization"},"alternateName":"SOLARIUM Optimum","potentialAction":[{"@type":"SearchAction","target":{"@type":"EntryPoint","urlTemplate":"https:\/\/solariumoptimum.com\/qc\/?s={search_term_string}"},"query-input":{"@type":"PropertyValueSpecification","valueRequired":true,"valueName":"search_term_string"}}],"inLanguage":"fr-CA"},{"@type":"Organization","@id":"https:\/\/solariumoptimum.com\/qc\/#organization","name":"SOLARIUM Optimum Inc","alternateName":"SOLARIUM Optimum","url":"https:\/\/solariumoptimum.com\/qc\/","logo":{"@type":"ImageObject","inLanguage":"fr-CA","@id":"https:\/\/solariumoptimum.com\/qc\/#\/schema\/logo\/image\/","url":"https:\/\/solariumoptimum.com\/qc\/wp-content\/uploads\/2022\/08\/cropped-logo_solarium_optimum.jpg","contentUrl":"https:\/\/solariumoptimum.com\/qc\/wp-content\/uploads\/2022\/08\/cropped-logo_solarium_optimum.jpg","width":512,"height":512,"caption":"SOLARIUM Optimum Inc"},"image":{"@id":"https:\/\/solariumoptimum.com\/qc\/#\/schema\/logo\/image\/"},"sameAs":["https:\/\/www.facebook.com\/solariumoptimum","https:\/\/x.com\/SolariumOptimum","https:\/\/www.linkedin.com\/company\/solarium-optimum","https:\/\/www.instagram.com\/solariumoptimum\/"]}]}},"_links":{"self":[{"href":"https:\/\/solariumoptimum.com\/qc\/wp-json\/wp\/v2\/pages\/5737","targetHints":{"allow":["GET"]}}],"collection":[{"href":"https:\/\/solariumoptimum.com\/qc\/wp-json\/wp\/v2\/pages"}],"about":[{"href":"https:\/\/solariumoptimum.com\/qc\/wp-json\/wp\/v2\/types\/page"}],"author":[{"embeddable":true,"href":"https:\/\/solariumoptimum.com\/qc\/wp-json\/wp\/v2\/users\/6"}],"replies":[{"embeddable":true,"href":"https:\/\/solariumoptimum.com\/qc\/wp-json\/wp\/v2\/comments?post=5737"}],"version-history":[{"count":17,"href":"https:\/\/solariumoptimum.com\/qc\/wp-json\/wp\/v2\/pages\/5737\/revisions"}],"predecessor-version":[{"id":7546,"href":"https:\/\/solariumoptimum.com\/qc\/wp-json\/wp\/v2\/pages\/5737\/revisions\/7546"}],"wp:featuredmedia":[{"embeddable":true,"href":"https:\/\/solariumoptimum.com\/qc\/wp-json\/wp\/v2\/media\/5762"}],"wp:attachment":[{"href":"https:\/\/solariumoptimum.com\/qc\/wp-json\/wp\/v2\/media?parent=5737"}],"curies":[{"name":"wp","href":"https:\/\/api.w.org\/{rel}","templated":true}]}}